{"id":5928,"date":"2023-08-20T14:10:01","date_gmt":"2023-08-20T12:10:01","guid":{"rendered":"https:\/\/www.astrokyon.com\/?page_id=5928"},"modified":"2023-08-26T17:52:43","modified_gmt":"2023-08-26T15:52:43","slug":"laboratorium-rd-managed-services","status":"publish","type":"page","link":"https:\/\/www.astrokyon.com\/pl\/laboratorium-rd-managed-services\/","title":{"rendered":"Laboratorium R&#038;D &#8211; Managed Services"},"content":{"rendered":"\n<section id=\"\" class=\"js-parallax js-change-color position-relative banner d-flex align-items-end  text-start  \" style=\"--background: #0c477f; --background-size: cover; --background-position-x: center; background-image: url('https:\/\/www.astrokyon.com\/wp-content\/uploads\/2023\/08\/rnd-managed-services.png');\" data-color=\"#0c477f\"  data-fill=\"#ffffff\">\n    <div class=\"container container--space position-relative\">\n        <div class=\"row\">\n            <div class=\"col-12 banner__wrapp\">\n                                    <h1 class=\"banner__title\" style=\"--color: #ffffff;\">\n                        Laboratorium R&amp;D                    <\/h1>\n                                            <\/div>\n        <\/div>\n    <\/div>\n<\/section>\n\n\n<section id=\"\" class=\" text-content js-change-color space-sm-top--0 space-sm-bottom--0 space-md-top--0 space-md-bottom--0 text-content--background\" style=\"--background: #ffffff\" data-color=\"#ffffff\"  data-fill=\"#141414\">\n    <div class=\"container container--space\">\n        <div class=\"row\">\n            <div class=\"col-12 title\">\n                \t                <h2 class=\"title__text\" style=\"--color: #141414;\">Managed services<\/h2>\n                            <\/div>\n        <\/div>\n            \n                    <div class=\"row\">\n                <div class=\"col-12 content\">\n                    <div class=\"content__text content__text--column content__text--column-2  text-left row\" style=\"--color: #141414;\">\n                        <div>\n<h3 class=\"quote\">\n        Specjalizujemy si\u0119 w projektach badawczo-rozwojowych. Dostarczamy kompletne, multidyscyplinarne zespo\u0142y, kt\u00f3re dzia\u0142aj\u0105 zgodnie z najlepszymi praktykami i najnowocze\u015bniejszymi metodami.<br \/>\n    <\/h3>\n<\/div>\n<div>\n<p>\n        Szeroki zakres kompetencji i do\u015bwiadczenie pozwalaj\u0105 nam na skuteczne zarz\u0105dzanie r\u00f3\u017cnorodnymi pracami. Do tej pory wspierali\u015bmy ju\u017c projekty w takich bran\u017cach jak fintech, e-commerce, biotech, a nawet w bran\u017cy kosmicznej!<\/p>\n<p>        Stawiamy na otwart\u0105 komunikacj\u0119 i wsp\u00f3\u0142prac\u0119. Zadbamy o precyzyjne zarz\u0105dzanie projektem, terminowe dostarczanie wynik\u00f3w i monitorowanie post\u0119p\u00f3w. Anga\u017cujemy si\u0119 na sto procent i bierzemy pe\u0142n\u0105 odpowiedzialno\u015b\u0107 za wszystkie etapy naszej wsp\u00f3\u0142pracy. Razem osi\u0105gniemy Twoje cele biznesowe i dostarczymy innowacyjne rozwi\u0105zania, kt\u00f3re przynios\u0105 warto\u015b\u0107 i zadowolenie Tobie i Twoim klientom.\n    <\/p>\n<\/div>\n                    <\/div>\n                <\/div>\n            <\/div>\n                    \n            \n            <\/div>\n<\/section>\n\n\n<section id=\"\" class=\" text-content js-change-color space-sm-top--0 space-sm-bottom--0 space-md-top--0 space-md-bottom--0 text-content--background\" style=\"--background: #ffffff\" data-color=\"#ffffff\"  data-fill=\"#141414\">\n    <div class=\"container container--space\">\n        <div class=\"row\">\n            <div class=\"col-12 title\">\n                            <\/div>\n        <\/div>\n            \n                    <div class=\"row\">\n                <div class=\"col-12 content\">\n                    <div class=\"content__text content__text--column content__text--column-3  text-left row\" style=\"--color: #141414;\">\n                        <div>\n<h4>Zespo\u0142y multidyscyplinarne<\/h4>\n<p>\n        Nowy projekt czasem wymaga rozszerzenia istniej\u0105cego zespo\u0142u o nowe kompetencje. Cz\u0119sto wi\u0105\u017ce si\u0119 to z kosztownym i czasoch\u0142onnym talent huntingiem. Co, je\u015bli nie musisz przez to przechodzi\u0107? Dostarczymy Ci najwy\u017cszej klasy in\u017cynier\u00f3w, ekspert\u00f3w, koordynator\u00f3w, a tak\u017ce kompletne zespo\u0142y wytw\u00f3rcze idealnie dopasowane do Twoich potrzeb.\u200b<\/p>\n<p>        Nasi pracownicy posiadaj\u0105 szeroki zakres umiej\u0119tno\u015bci i do\u015bwiadczenie w r\u00f3\u017cnych dziedzinach i technologiach. Nasze zespo\u0142y s\u0105 elastyczne, skalowalne i gotowe do pracy zar\u00f3wno nad ma\u0142ymi, jak i du\u017cymi projektami. Zapewnimy Ci niezb\u0119dne umiej\u0119tno\u015bci i wiedz\u0119, ale tak\u017ce profesjonalne podej\u015bcie i zaanga\u017cowanie. Zarz\u0105dzimy Twoim projektem i skoordynujemy dzia\u0142ania na ka\u017cdym jego etapie. Zagwarantujemy przejrzysto\u015b\u0107, jako\u015b\u0107 i efektywno\u015b\u0107 projektu.<\/p>\n<p>        Wybieraj\u0105c nas, masz spok\u00f3j i pewno\u015b\u0107, \u017ce Tw\u00f3j projekt jest realizowany przez do\u015bwiadczonych profesjonalist\u00f3w, kt\u00f3rzy skrupulatnie dbaj\u0105 o ka\u017cdy szczeg\u00f3\u0142.\u200b\n    <\/p>\n<\/div>\n<div>\n<h4>Metodyka projektowa<\/h4>\n<p>\n        Wiemy, \u017ce dynamiczny rynek wymaga elastyczno\u015bci, szybkiego reagowania na zmiany i efektywnej komunikacji, dlatego na co dzie\u0144 korzystamy z zalet metod zwinnych (Agile), kt\u00f3re pozwalaj\u0105 nam dostarcza\u0107 wyniki najwy\u017cszej jako\u015bci.<\/p>\n<p>        Stawiamy na atmosfer\u0119 i zgrany zesp\u00f3\u0142 zwinny. Regularna informacja zwrotna i kultura oparta na warto\u015bciach firmy to transparentno\u015b\u0107 i w\u0142a\u015bciwa komunikacja. Konsekwentnie ho\u0142dujemy podej\u015bciu produktowemu, kt\u00f3re daje nam mo\u017cliwo\u015b\u0107 szybkiej weryfikacji za\u0142o\u017cenia i dostosowania si\u0119 do zmieniaj\u0105cych si\u0119 warunk\u00f3w i wymaga\u0144. Regularne review, mierzenie efekt\u00f3w, podej\u015bcie iteracyjne i przyrostowe pozwalaj\u0105 z kolei na efektywne dostarczanie warto\u015bciowych rezultat\u00f3w zorientowanych na klienta.<\/p>\n<p>        Taki styl pracy daje Ci kontrol\u0119 nad projektem, ale tak\u017ce pewno\u015b\u0107, \u017ce jest realizowany efektywnie i zgodnie z najnowszymi standardami bran\u017cowymi.\n    <\/p>\n<\/div>\n<div>\n<h4>PMO<\/h4>\n<p>\n        Dobry PMO jest mostem \u0142\u0105cz\u0105cym klienta z zespo\u0142em wytw\u00f3rczym &#8211; nie inaczej ma si\u0119 sprawa z naszym PMO, kt\u00f3ry doskonale odnajduje si\u0119 w tej w\u0142a\u015bnie roli. Nie tylko zadba o sprawn\u0105 realizacj\u0119 Twojego projektu na wszystkich jego etapach, ale r\u00f3wnie\u017c opracuje sp\u00f3jny plan, zdefiniuje cele, harmonogram, zasoby i bud\u017cet. Zapewni profesjonalny nadz\u00f3r, \u015bledzenie post\u0119pu prac i monitorowanie ryzyka. Zadba o transparencj\u0119 i efektywn\u0105 komunikacj\u0119 w zespole projektowym oraz z interesariuszami. Dzi\u0119ki jego obecno\u015bci b\u0119dziesz mie\u0107 pe\u0142en wgl\u0105d w post\u0119py i mo\u017cliwo\u015b\u0107 podejmowania \u015bwiadomych decyzji w ka\u017cdym momencie realizacji Twojego przedsi\u0119wzi\u0119cia.<\/p>\n<p>        Stosujemy sprawdzone metodyki zarz\u0105dzania projektami, a wszystkie nasze dzia\u0142ania s\u0105 ukierunkowane na osi\u0105gni\u0119cie cel\u00f3w projektu w terminie, w zakresie i w okre\u015blonym bud\u017cecie.\n    <\/p>\n<\/div>\n                    <\/div>\n                <\/div>\n            <\/div>\n                    \n            \n            <\/div>\n<\/section>","protected":false},"excerpt":{"rendered":"","protected":false},"author":3,"featured_media":0,"parent":0,"menu_order":0,"comment_status":"closed","ping_status":"closed","template":"","meta":{"inline_featured_image":false},"acf":[],"_links":{"self":[{"href":"https:\/\/www.astrokyon.com\/pl\/wp-json\/wp\/v2\/pages\/5928"}],"collection":[{"href":"https:\/\/www.astrokyon.com\/pl\/wp-json\/wp\/v2\/pages"}],"about":[{"href":"https:\/\/www.astrokyon.com\/pl\/wp-json\/wp\/v2\/types\/page"}],"author":[{"embeddable":true,"href":"https:\/\/www.astrokyon.com\/pl\/wp-json\/wp\/v2\/users\/3"}],"replies":[{"embeddable":true,"href":"https:\/\/www.astrokyon.com\/pl\/wp-json\/wp\/v2\/comments?post=5928"}],"version-history":[{"count":26,"href":"https:\/\/www.astrokyon.com\/pl\/wp-json\/wp\/v2\/pages\/5928\/revisions"}],"predecessor-version":[{"id":6478,"href":"https:\/\/www.astrokyon.com\/pl\/wp-json\/wp\/v2\/pages\/5928\/revisions\/6478"}],"wp:attachment":[{"href":"https:\/\/www.astrokyon.com\/pl\/wp-json\/wp\/v2\/media?parent=5928"}],"curies":[{"name":"wp","href":"https:\/\/api.w.org\/{rel}","templated":true}]}}