{"id":5895,"date":"2023-08-20T13:44:38","date_gmt":"2023-08-20T11:44:38","guid":{"rendered":"https:\/\/www.astrokyon.com\/?page_id=5895"},"modified":"2023-08-26T18:11:12","modified_gmt":"2023-08-26T16:11:12","slug":"konsulting-i-uslugi-it-rozwiazania-chmurowe","status":"publish","type":"page","link":"https:\/\/www.astrokyon.com\/pl\/konsulting-i-uslugi-it-rozwiazania-chmurowe\/","title":{"rendered":"Konsulting i us\u0142ugi IT &#8211; Rozwi\u0105zania chmurowe"},"content":{"rendered":"\n<section id=\"\" class=\"js-parallax js-change-color position-relative banner d-flex align-items-end  text-start  \" style=\"--background: #441e87; --background-size: cover; --background-position-x: center; background-image: url('https:\/\/www.astrokyon.com\/wp-content\/uploads\/2023\/08\/it-cloud_web.png');\" data-color=\"#441e87\"  data-fill=\"#ffffff\">\n    <div class=\"container container--space position-relative\">\n        <div class=\"row\">\n            <div class=\"col-12 banner__wrapp\">\n                                    <h1 class=\"banner__title\" style=\"--color: #ffffff;\">\n                        Konsulting i Us\u0142ugi IT                    <\/h1>\n                                            <\/div>\n        <\/div>\n    <\/div>\n<\/section>\n\n\n<section id=\"\" class=\" text-content js-change-color space-sm-top--0 space-sm-bottom--0 space-md-top--0 space-md-bottom--0 text-content--background\" style=\"--background: #ffffff\" data-color=\"#ffffff\"  data-fill=\"#141414\">\n    <div class=\"container container--space\">\n        <div class=\"row\">\n            <div class=\"col-12 title\">\n                \t                <h2 class=\"title__text\" style=\"--color: #141414;\">Rozwi\u0105zania chmurowe<\/h2>\n                            <\/div>\n        <\/div>\n            \n                    <div class=\"row\">\n                <div class=\"col-12 content\">\n                    <div class=\"content__text content__text--column content__text--column-2  text-left row\" style=\"--color: #141414;\">\n                        <div>\n<h3 class=\"quote\">\n        Chodzisz z g\u0142ow\u0105 w chmurach? My te\u017c! I to nie byle jakich. Rozwi\u0105zania chmurowe s\u0105 jednymi z najbardziej rewolucyjnych, popularnych i powszechnie stosowanych technologii.<br \/>\n    <\/h3>\n<\/div>\n<div>\n<p>\n        O ich sukcesie decyduje m.in. elastyczne i skalowalne \u015brodowisko obliczeniowe, kt\u00f3re pozwala na przechowywanie oraz przetwarzanie danych w kompleksowej infrastrukturze.<\/p>\n<p>        Rozumiemy, \u017ce ka\u017cda organizacja ma unikalne wymagania, dlatego nasze rozwi\u0105zania s\u0105 elastyczne i dostosowane do Twoich potrzeb. Wsp\u00f3\u0142pracuj\u0105c z nami, otrzymasz spersonalizowane podej\u015bcie, kt\u00f3re uwzgl\u0119dni specyfik\u0119 Twojej organizacji i bran\u017cy, w kt\u00f3rej dzia\u0142asz. Pomo\u017cemy Ci w migracji do chmury oraz dostarczymy optymalne rozwi\u0105zania, kt\u00f3re przyczyni\u0105 si\u0119 do zwi\u0119kszenia efektywno\u015bci i konkurencyjno\u015bci Twojego biznesu.\n    <\/p>\n<\/div>\n                    <\/div>\n                <\/div>\n            <\/div>\n                    \n            \n            <\/div>\n<\/section>\n\n\n<section id=\"\" class=\" text-content js-change-color space-sm-top--0 space-sm-bottom--0 space-md-top--0 space-md-bottom--0 text-content--background\" style=\"--background: #ffffff\" data-color=\"#ffffff\"  data-fill=\"#141414\">\n    <div class=\"container container--space\">\n        <div class=\"row\">\n            <div class=\"col-12 title\">\n                            <\/div>\n        <\/div>\n            \n                    <div class=\"row\">\n                <div class=\"col-12 content\">\n                    <div class=\"content__text content__text--column content__text--column-3  text-left row\" style=\"--color: #141414;\">\n                        <div>\n<h4>Optymalizacja koszt\u00f3w<\/h4>\n<p>\n        Ogromnym atutem rozwi\u0105za\u0144 chmurowych jest mo\u017cliwo\u015b\u0107 elastycznego korzystania z zasob\u00f3w IT, co pozwala na dostosowanie ich do bie\u017c\u0105cych potrzeb firmy. Skalowalno\u015b\u0107 jest jej prawdziw\u0105 super moc\u0105. Bardzo \u0142atwo zmniejszysz lub zwi\u0119kszysz moc obliczeniow\u0105, w zale\u017cno\u015bci od poziomu bie\u017c\u0105cej konsumpcji. To pozwoli Ci unikn\u0105\u0107 koszt\u00f3w zwi\u0105zanych z utrzymaniem du\u017cych zasob\u00f3w w okresach, gdy obci\u0105\u017cenie jest mniejsze, a wi\u0119c gdy znaczna moc obliczeniowa jest zb\u0119dna.<\/p>\n<p>        Chmura eliminuje inwestycje we w\u0142asn\u0105 infrastruktur\u0119 i sprz\u0119t taki jak serwery, sie\u0107 czy centra danych. To w znacz\u0105cy spos\u00f3b zmniejsza koszta pocz\u0105tkowe oraz koszta utrzymania. Ponadto mo\u017cesz wybra\u0107 dwie opcje p\u0142atno\u015bci &#8211; abonament lub us\u0142ug\u0119 pay-as-you-go. To ostanie to niezwykle praktyczna filozofia biznesowa, kt\u00f3ra ho\u0142duje zasadzie \u201cp\u0142acisz tylko za to, co rzeczywi\u015bcie wykorzystasz\u201d. Nie musisz kupowa\u0107 ca\u0142ego pakietu us\u0142ug, je\u015bli potrzebujesz tylko kilku wybranych opcji. To daje Ci o wiele wi\u0119ksz\u0105 kontrol\u0119 nad wydatkami i umo\u017cliwia optymalne zagospodarowanie bud\u017cetu.\n    <\/p>\n<h4 class=\"space-sm-top--1\">Bezpiecze\u0144stwo danych<\/h4>\n<p>\n        W dzisiejszym cyfrowym \u015bwiecie, aby m\u00f3c zapewni\u0107 ochron\u0119 danych na najwy\u017cszym poziomie, kluczowa jest \u015bwiadomo\u015b\u0107 istniej\u0105cych zagro\u017ce\u0144. Wykorzystanie rozwi\u0105za\u0144 chmurowych przynosi wiele korzy\u015bci zwi\u0105zanych z bezpiecze\u0144stwem i eliminuje potrzeb\u0119 inwestowania w osobne, kosztowne \u015brodki zapobiegawcze.<\/p>\n<p>        Dzi\u0119ki infrastrukturze odpornej na awarie rozwi\u0105zania chmurowe zapewniaj\u0105 wysok\u0105 dost\u0119pno\u015b\u0107 i chroni\u0105 przed utrat\u0105 danych. Regularnie i automatycznie tworz\u0105 kopie zapasowe, a w przypadku problem\u00f3w technicznych lub katastrof, gwarantuj\u0105 samoczynne przywracanie us\u0142ug.\n    <\/p>\n<p>\n    <img decoding=\"async\" src=\"\/wp-content\/uploads\/2023\/08\/cloud-optimization.png\" class=\"text-image space-sm-top--1\" alt=\"Optymalizacja koszt\u00f3w\" title=\"Optymalizacja koszt\u00f3w\" \/><br \/>\n    \n<\/div>\n<div>\n<h4>Wsparcie pracy zdalnej<\/h4>\n<p>\n        Zdalna praca sta\u0142a si\u0119 nie tylko popularna i korzystna, ale te\u017c wyznaczy\u0142a nowy kierunek rozwoju wielu bran\u017c. Pozytywne skutki przej\u015bcia na hybrydowy lub ca\u0142kowity model pracy zdalnej s\u0105 obecnie widoczne zar\u00f3wno w rozwoju firm, jak i codziennym \u017cyciu ich pracownik\u00f3w. Kluczow\u0105 rol\u0119 w sukcesie pracy zdalnej odgrywaj\u0105 rozwi\u0105zania chmurowe. Dostarczaj\u0105 elastyczn\u0105 i skalowaln\u0105 infrastruktur\u0119 oraz niezb\u0119dne narz\u0119dzia, kt\u00f3re umo\u017cliwiaj\u0105 pracownikom wykonywanie swoich obowi\u0105zk\u00f3w efektywnie, sprawnie i wygodnie. Na tym nie ko\u0144cz\u0105 si\u0119 jednak zalety zwi\u0105zane z chmur\u0105.<br \/>\n        <br \/>\n        <img decoding=\"async\" src=\"\/wp-content\/uploads\/2023\/08\/remote-work-support.png\" class=\"text-image\" alt=\"Wsparcie pracy zdalnej\" title=\"Wsparcie pracy zdalnej\" \/><br \/>\n        <br \/>\n        Bezpieczny dost\u0119p do danych i plik\u00f3w jest mo\u017cliwy z dowolnego miejsca, urz\u0105dzenia i o dowolnej porze.  Mo\u017cna dzieli\u0107 si\u0119 nimi z osobami z tej samej firmy, jak r\u00f3wnie\u017c z klientami. To u\u0142atwia wsp\u00f3\u0142prac\u0119 mi\u0119dzy cz\u0142onkami zespo\u0142u, niezale\u017cnie od tego, z jakiego miejsca w Polsce czy na \u015bwiecie pracuj\u0105. To pozwala na pe\u0142ne wykorzystanie potencja\u0142u pracy zdalnej, eliminuje ograniczenia geograficzne i obni\u017ca koszty podr\u00f3\u017cy i infrastruktury biurowej.<\/p>\n<p>        Rozwi\u0105zania chmurowe oferuj\u0105 narz\u0119dzia i aplikacje, kt\u00f3re u\u0142atwiaj\u0105 prac\u0119 zdaln\u0105, niezale\u017cnie od tego, czy kto\u015b pracuje w zespole, czy w pojedynk\u0119. Monitorowanie post\u0119pu projektu? Rozwi\u0105zanua chmurowe s\u0105 skalowalne i elastyczne &#8211; pozwalaj\u0105 \u0142atwo dostosowa\u0107 zasoby do realnych potrzeb.<\/p>\n<p>        W chmurze wszystko jest prostsze. Od dzielenia si\u0119 dokumentacj\u0105, przez komunikacj\u0119, a na \u015bledzeniu post\u0119p\u00f3w pracy w czasie realnym ko\u0144cz\u0105c. Dzi\u0119ki chmurze mo\u017cesz stworzy\u0107 elastyczne i skalowalne \u015brodowisko pracy, kt\u00f3re wspiera zdalne zespo\u0142y i umo\u017cliwia efektywn\u0105 komunikacj\u0119 oraz wsp\u00f3\u0142prac\u0119.<\/p>\n<p>        Chmura dostarcza tak\u017ce zaawansowane mechanizmy zabezpiecze\u0144, takie jak szyfrowanie danych, autoryzacja dwusk\u0142adnikowa czy audyt dost\u0119pu. Dzi\u0119ki szyfrowaniu oraz z\u0142o\u017conym procedurom i specjalistycznym narz\u0119dziom stworzonym specjalnie na potrzeby cyberbezpiecze\u0144stwa rozwi\u0105zania te zabezpieczaj\u0105 przed kradzie\u017c\u0105 lub uszkodzeniami zgromadzonych zasob\u00f3w.\n    <\/p>\n<\/div>\n<div>\n<h4>Integracja infrastruktury<\/h4>\n<p>\n        Optymaln\u0105 kombinacj\u0119 infrastruktury lokalnej oraz chmurowej zapewniaj\u0105 rozwi\u0105zania hybrydowe (Hybrid Cloud). Z jednej strony korzystasz ze wszystkich dobrodziejstw zaawansowanej infrastruktury chmurowej, a z drugiej zachowujesz pe\u0142n\u0105 kontrol\u0119 nad swoimi danymi i aplikacjami, kt\u00f3re mog\u0105 by\u0107 przechowywane w infrastrukturze lokalnej.<\/p>\n<p>        Trzeba  pami\u0119ta\u0107, \u017ce ka\u017cdy sukces jest poprzedzony skrupulatnie sporz\u0105dzonym, solidnym planem. Ma to zastosowanie w sprawach wagi pa\u0144stwowej, jak i tych domowych. Nie inaczej powinno by\u0107 te\u017c w Twojej firmie.<\/p>\n<p>        Aby p\u0142ynnie funkcjonowa\u0107 i rozwija\u0107 si\u0119 korzystaj\u0105c z dobrodziejstw rozwi\u0105za\u0144 chmurowych, konieczne jest stworzenie odpowiedniego planu integracji infrastruktury. Plan powinien uwzgl\u0119dni\u0107 wymagania biznesowe, dost\u0119pne technologie i narz\u0119dzia oraz \u015brodowisko lokalne.<\/p>\n<p>        Poprawnie przeprowadzona integracja b\u0119dzie gwarantem Twojego spokojnego snu, bo unikniesz niepotrzebnych komplikacji i stres\u00f3w. Przyniesie Ci to wiele wymiernych korzy\u015bci, takich jak elastyczno\u015b\u0107, skalowalno\u015b\u0107 i poprawa wydajno\u015bci. Dzi\u0119ki odpowiedniej integracji r\u00f3\u017cne elementy infrastruktury b\u0119d\u0105 ze sob\u0105 wsp\u00f3\u0142pracowa\u0107 harmonijnie oraz stworz\u0105 sp\u00f3jne i wydajne \u015brodowisko pracy.<\/p>\n<h4 class=\"space-sm-top--1\">Rozwi\u0105za\u0144 chmurowe to:<\/h4>\n<\/p>\n<ul class=\"text-list\">\n<li>Oszcz\u0119dno\u015b\u0107 koszt\u00f3w<\/li>\n<li>Wysoka dost\u0119pno\u015b\u0107 i niezawodno\u015b\u0107<\/li>\n<li>\u0141atwo\u015b\u0107 wdro\u017cenia i zarz\u0105dzania<\/li>\n<li>Skalowalno\u015b\u0107 globalna<\/li>\n<li>Bezpiecze\u0144stwo danych<\/li>\n<li>Szybko\u015b\u0107 dost\u0119pu do zasob\u00f3w<\/li>\n<li>\u0141atwo\u015b\u0107 dost\u0119pu do zasob\u00f3w<\/li>\n<li>Innowacyjno\u015b\u0107<\/li>\n<li>Elastyczno\u015b\u0107<\/li>\n<li>Skalowalne \u015brodowisko obliczeniowe<\/li>\n<li>Cz\u0119ste aktualizacje<\/li>\n<\/ul>\n<\/div>\n                    <\/div>\n                <\/div>\n            <\/div>\n                    \n            \n            <\/div>\n<\/section>\n\n\n<section id=\"\" class=\" text-content js-change-color space-sm-top--0 space-sm-bottom--0 space-md-top--0 space-md-bottom--0 text-content--background\" style=\"--background: #ffffff\" data-color=\"#ffffff\"  data-fill=\"#141414\">\n    <div class=\"container container--space\">\n        <div class=\"row\">\n            <div class=\"col-12 title\">\n                            <\/div>\n        <\/div>\n            \n                    <div class=\"row\">\n                <div class=\"col-12 content\">\n                    <div class=\"content__text content__text--column content__text--column-1  text-left row\" style=\"--color: #141414;\">\n                        <div class=\"skills__group\">\n<div class=\"group\">\n<h5>Wspieramy rozwi\u0105zania:<\/h5>\n<\/p><\/div>\n<div class=\"skills\">\n<div>\n<p>Microsoft<br \/>Azure<\/p>\n<\/div>\n<div>\n<p>Amazon AWS<\/p>\n<\/div>\n<div>\n<p>Google Cloud Platform<\/p>\n<\/div>\n<div>\n<p>Private Cloud<\/p>\n<\/div>\n<div>\n<p>Hybrid Cloud<\/p>\n<\/div><\/div>\n<\/div>\n                    <\/div>\n                <\/div>\n            <\/div>\n                    \n            \n            <\/div>\n<\/section>","protected":false},"excerpt":{"rendered":"","protected":false},"author":3,"featured_media":0,"parent":0,"menu_order":0,"comment_status":"closed","ping_status":"closed","template":"","meta":{"inline_featured_image":false},"acf":[],"_links":{"self":[{"href":"https:\/\/www.astrokyon.com\/pl\/wp-json\/wp\/v2\/pages\/5895"}],"collection":[{"href":"https:\/\/www.astrokyon.com\/pl\/wp-json\/wp\/v2\/pages"}],"about":[{"href":"https:\/\/www.astrokyon.com\/pl\/wp-json\/wp\/v2\/types\/page"}],"author":[{"embeddable":true,"href":"https:\/\/www.astrokyon.com\/pl\/wp-json\/wp\/v2\/users\/3"}],"replies":[{"embeddable":true,"href":"https:\/\/www.astrokyon.com\/pl\/wp-json\/wp\/v2\/comments?post=5895"}],"version-history":[{"count":57,"href":"https:\/\/www.astrokyon.com\/pl\/wp-json\/wp\/v2\/pages\/5895\/revisions"}],"predecessor-version":[{"id":6497,"href":"https:\/\/www.astrokyon.com\/pl\/wp-json\/wp\/v2\/pages\/5895\/revisions\/6497"}],"wp:attachment":[{"href":"https:\/\/www.astrokyon.com\/pl\/wp-json\/wp\/v2\/media?parent=5895"}],"curies":[{"name":"wp","href":"https:\/\/api.w.org\/{rel}","templated":true}]}}