{"id":5891,"date":"2023-08-20T13:43:23","date_gmt":"2023-08-20T11:43:23","guid":{"rendered":"https:\/\/www.astrokyon.com\/?page_id=5891"},"modified":"2023-08-29T00:35:11","modified_gmt":"2023-08-28T22:35:11","slug":"software-house-sztuczna-inteligencja","status":"publish","type":"page","link":"https:\/\/www.astrokyon.com\/pl\/software-house-sztuczna-inteligencja\/","title":{"rendered":"Software House &#8211; Sztuczna Inteligencja"},"content":{"rendered":"\n<section id=\"\" class=\"js-parallax js-change-color position-relative banner d-flex align-items-end  text-start  \" style=\"--background: #022f4e; --background-size: cover; --background-position-x: center; background-image: url('https:\/\/www.astrokyon.com\/wp-content\/uploads\/2023\/08\/sh-artificial-intelligence.png');\" data-color=\"#022f4e\"  data-fill=\"#ffffff\">\n    <div class=\"container container--space position-relative\">\n        <div class=\"row\">\n            <div class=\"col-12 banner__wrapp\">\n                                    <h1 class=\"banner__title\" style=\"--color: #ffffff;\">\n                        Software House                    <\/h1>\n                                            <\/div>\n        <\/div>\n    <\/div>\n<\/section>\n\n\n<section id=\"\" class=\" text-content js-change-color space-sm-top--0 space-sm-bottom--0 space-md-top--0 space-md-bottom--0 text-content--background\" style=\"--background: #ffffff\" data-color=\"#ffffff\"  data-fill=\"#141414\">\n    <div class=\"container container--space\">\n        <div class=\"row\">\n            <div class=\"col-12 title\">\n                \t                <h2 class=\"title__text\" style=\"--color: #141414;\">Sztuczna inteligencja<\/h2>\n                            <\/div>\n        <\/div>\n            \n                    <div class=\"row\">\n                <div class=\"col-12 content\">\n                    <div class=\"content__text content__text--column content__text--column-2  text-left row\" style=\"--color: #141414;\">\n                        <div>\n<h3 class=\"quote\">\n        Sztuczna inteligencja oferuje mo\u017cliwo\u015bci, kt\u00f3re ju\u017c dzi\u015b wp\u0142ywaj\u0105 na efektywno\u015b\u0107 i konkurencyjno\u015b\u0107 przedsi\u0119biorstw. Od automatyzacji proces\u00f3w, przez analiz\u0119 du\u017cych zbior\u00f3w danych, a\u017c po zaawansowan algorytmy predykcyjne &#8211; SI jest kluczem do zrozumienia i lepszego dostosowania si\u0119 do potrzeb rynku.<br \/>\n    <\/h3>\n<\/div>\n<div>\n<p>\n        Dzi\u015b SI okazuje si\u0119 coraz bardziej pomocna w wielu bran\u017cach i dziedzinach, m.in. medycynie, przemy\u015ble i transporcie. Wykorzystuj\u0105c nasze us\u0142ugi, mo\u017cesz liczy\u0107 na zindywidualizowane rozwi\u0105zania, kt\u00f3re pozwol\u0105 Ci zyska\u0107 przewag\u0119 na rynku, zwi\u0119kszy\u0107 zadowolenie klient\u00f3w i otworzy\u0107 drzwi do nowych, niewykorzystanych dot\u0105d mo\u017cliwo\u015bci.<\/p>\n<p>        Zrozumienie rzeczywistego potencja\u0142u SI, wzi\u0119cie pod uwag\u0119 wszystkich wi\u0105\u017c\u0105cych si\u0119 z ni\u0105 konsekwencji i podj\u0119cie odpowiednich \u015brodk\u00f3w zaradczych, s\u0105 kluczem do harmonijnego i bezpiecznego rozwoju tej ga\u0142\u0119zi przemys\u0142u. Nale\u017cy postrzega\u0107 j\u0105 jako narz\u0119dzie, kt\u00f3re pozwoli nam zoptymalizowa\u0107 czas i \u015brodki potrzebne na wykonanie wielu skomplikowanych lub powtarzalnych czynno\u015bci, mocno podnie\u015b\u0107 ich efektywno\u015b\u0107 oraz dok\u0142adno\u015b\u0107. Poprawne wykorzystanie SI sprawi, \u017ce b\u0119dzie ona dzia\u0142a\u0107 tylko i wy\u0142\u0105cznie na nasz\u0105 korzy\u015b\u0107.\n    <\/p>\n<\/div>\n                    <\/div>\n                <\/div>\n            <\/div>\n                    \n            \n            <\/div>\n<\/section>\n\n\n<section id=\"\" class=\" text-content js-change-color space-sm-top--0 space-sm-bottom--0 space-md-top--0 space-md-bottom--0 text-content--background\" style=\"--background: #ffffff\" data-color=\"#ffffff\"  data-fill=\"#141414\">\n    <div class=\"container container--space\">\n        <div class=\"row\">\n            <div class=\"col-12 title\">\n                            <\/div>\n        <\/div>\n            \n                    <div class=\"row\">\n                <div class=\"col-12 content\">\n                    <div class=\"content__text content__text--column content__text--column-3  text-left row\" style=\"--color: #141414;\">\n                        <div>\n<h4>Data science<\/h4>\n<p>\n        Dane s\u0105 dzisiaj walut\u0105 sam\u0105 w sobie, ale tylko w\u00f3wczas, gdy zostan\u0105 odpowiednio pozyskane i przetworzone. Nasz zesp\u00f3\u0142 sk\u0142ada si\u0119 z renomowanych specjalist\u00f3w, a ich do\u015bwiadczenie pozwala nam na zaproponowanie innowacyjnych rozwi\u0105za\u0144 na najwy\u017cszym poziomie. Dobrze skonstruowany projekt jest solidny tylko wtedy, gdy opiera si\u0119 na solidnych fundamentach. A te wynikaj\u0105 z danych, kt\u00f3re s\u0105 nie tylko obszerne i kompletne, ale przede wszystkim wiarygodne i bezpieczne.<\/p>\n<p>        Aby odkrywa\u0107 wskaz\u00f3wki, wzorce i informacje ukryte w du\u017cych zbiorach danych, kt\u00f3re wspomagaj\u0105 podejmowanie decyzji i optymalizacj\u0119 proces\u00f3w, wykorzystujemy zaawansowane narz\u0119dzia i techniki.<\/p>\n<p>        Wykorzystaj drzemi\u0105cy potencja\u0142 swoich danych do podejmowania lepszych decyzji biznesowych. Zapewnimy Ci wsparcie na ka\u017cdym etapie procesu, od zbierania i przygotowania danych, po tworzenie zaawansowanych modeli analitycznych.\n    <\/p>\n<p>\n    <img decoding=\"async\" src=\"\/wp-content\/uploads\/2023\/08\/machine-learning.png\" class=\"text-image space-sm-top--1\" alt=\"Statistics in Machine Learning\" title=\"Statistics in Machine Learning\" \/><br \/>\n    <\/p>\n<h4 class=\"space-sm-top--1\">Wnioskowanie i prognozy<\/h4>\n<p>\n        Precyzyjne opracowanie i walidacja danych oraz zastosowanie algorytm\u00f3w pozwala na skuteczne wyci\u0105ganie wniosk\u00f3w i prognozowanie. Dzi\u0119ki dostarczonym przez nas modelom nie tylko podejmiesz zdecydowanie lepsze, korzystniejsze i bardziej trafne decyzje, ale r\u00f3wnie\u017c skutecznie zaplanujesz przysz\u0142o\u015b\u0107 i przewidzisz ewentualne ryzyko.<\/p>\n<p>        Wnioskowanie i prognozowanie s\u0105 ze sob\u0105 \u015bci\u015ble powi\u0105zane, ale znacznie r\u00f3\u017cni\u0105 si\u0119 w swej charakterystyce. W\u0142a\u015bnie dlatego stanowi\u0105 doskonale uzupe\u0142niaj\u0105c\u0105 si\u0119 par\u0119. Wnioskowanie pozwala na wyci\u0105ganie wniosk\u00f3w, indukcyjne tworzenie zarysu og\u00f3lnych zasad oraz tworzenie regu\u0142 na podstawie aktualnie dost\u0119pnych danych. Prognozowanie z kolei umo\u017cliwia przewidywanie przysz\u0142ych zdarze\u0144, trend\u00f3w lub warto\u015bci dzi\u0119ki g\u0142\u0119bokiej analizie danych historycznych. Na tej podstawie jeste\u015bmy w stanie zidentyfikowa\u0107 wzorce oraz tendencje w tym, co by\u0142o i przet\u0142umaczy\u0107 je na to, co b\u0119dzie.\n    <\/p>\n<\/div>\n<div>\n    <img decoding=\"async\" src=\"\/wp-content\/uploads\/2023\/08\/computer-vision.png\" class=\"text-image\" alt=\"Computer vision\" title=\"Computer vision\" \/><\/p>\n<h4 class=\"space-sm-top--1\">Computer vision<\/h4>\n<p>\n        To, co umknie naszemu oku, z pewno\u015bci\u0105 nie umknie uwadze sztucznej inteligencji, kt\u00f3ra zajmuje si\u0119 tak\u017ce analiz\u0105 i interpretacj\u0105 obraz\u00f3w video. Computer vision pozwala komputerom widzie\u0107, rozpoznawa\u0107 i rozumie\u0107 obrazy w spos\u00f3b zbli\u017cony do cz\u0142owieka. Dzi\u0119ki temu narz\u0119dziu mo\u017cliwe s\u0105: identyfikowanie obiekt\u00f3w, rozpoznawanie twarzy, analiza i wykrywanie ruchu, odczytywanie tekstu z obraz\u00f3w, ocena jako\u015bci obraz\u00f3w medycznych i wiele innych. Computer vision jest wykorzystywane m.in. w takich dziedzinach jak medycyna, przemys\u0142, bezpiecze\u0144stwo, edukacja czy rozrywka.<\/p>\n<p>        Aby w pe\u0142ni m\u00f3c cieszy\u0107 si\u0119 drzemi\u0105cym w nim potencja\u0142em, niezb\u0119dne jest posiadanie danych oraz wiedza z zakresu przetwarzania obraz\u00f3w i uczenia maszynowego. Dane powinny mie\u0107 posta\u0107 odpowiednio przygotowanych obraz\u00f3w, nagra\u0144 wideo lub zestawu danych treningowych. To oraz znacznie wi\u0119cej znajdziesz w naszej bogatej ofercie us\u0142ug zwi\u0105zanych z SI. Skontaktuj si\u0119 z nami i skorzystaj z najnowszych osi\u0105gni\u0119\u0107 w zakresie sztucznej inteligencji.\n    <\/p>\n<h4 class=\"space-sm-top--1\">Przetwarzanie j\u0119zyka naturalnego<\/h4>\n<p>\n        Kluczem do wzajemnego porozumienia si\u0119 jest j\u0119zyk. Dotyczy to zar\u00f3wno relacji cz\u0142owiek-cz\u0142owiek, jak i relacji cz\u0142owiek-maszyna. Pryncypia komunikacji zawsze pozostaj\u0105 takie same. Przetworzenie j\u0119zyka naturalnego (NLP) jest cz\u0119\u015bci\u0105 zestawu narz\u0119dzi, kt\u00f3rymi dysponuje sztuczna inteligencja. To technika, kt\u00f3ra polega na przetwarzaniu j\u0119zyka naturalnego. Pozwala na rozumienie, interpretowanie i generowanie j\u0119zyka ludzkiego za pomoc\u0105 komputer\u00f3w oraz umo\u017cliwia interakcj\u0119 ludzi z komputerami w spos\u00f3b naturalny i zrozumia\u0142y dla obu stron.<\/p>\n<p>        Rozwi\u0105zanie te mog\u0105 wspiera\u0107 w Twojej firmie m.in.: automatyczne t\u0142umaczenia, analiz\u0119 sentyment\u00f3w, podsumowania tekstu, generowanie warto\u015bciowych informacji oraz usprawnienie komunikacji z klientami, partnerami biznesowymi czy pracownikami.\n    <\/p>\n<\/div>\n<div>\n<h4>Machine i deep learning<\/h4>\n<p>\n        Podobnie do ludzi, komputery mog\u0105 si\u0119 uczy\u0107 i zdobywa\u0107 do\u015bwiadczenie. Jakkolwiek fantastycznie to brzmi, na tym w\u0142a\u015bnie polegaj\u0105 machine learning (ML) i deep learning (DL). Dzi\u0119ki nim tworzymy modele oraz algorytmy, kt\u00f3re umo\u017cliwiaj\u0105 naszym systemom nauk\u0119.<\/p>\n<p>        Uczenie maszynowe pozwala nam przeprowadzi\u0107 komputerow\u0105 analiz\u0119 danych, odkrywa\u0107 wzorce, generowa\u0107 prognozy. U\u0142atwia podejmowanie decyzji, na podstawie wiedzy, kt\u00f3r\u0105 pozyskali\u015bmy w procesie machine learningu.<\/p>\n<p>        Deep learning wykorzystuje sztuczne sieci neuronowe (artificial neural networks). Model, stworzony na podstawie biologicznej sieci neuronowej ludzkiego m\u00f3zgu, stanowi doskona\u0142e narz\u0119dzie do automatycznego wyodr\u0119bniania coraz bardziej abstrakcyjnych cech z pozyskanych wcze\u015bniej danych. To z kolei otwiera drog\u0119 do skutecznej analizy pot\u0119\u017cnych pok\u0142ad\u00f3w informacji.<\/p>\n<p>        Posiadanie odpowiednich danych to jedno, ale umiej\u0119tne ich wykorzystanie, to ju\u017c zupe\u0142nie inna historia. ML i DL maj\u0105 niezwykle wiele zastosowa\u0144. Pozwalaj\u0105 m.in. na analizowanie i rozpoznawanie obraz\u00f3w i mowy, rozumienie i przetwarzanie j\u0119zyka naturalnego, analiz\u0119 i interpretacj\u0119 danych. Mog\u0105 by\u0107 wykorzystywane m.in. w medycynie, transporcie, edukacji, na potrzeby wojska i obronno\u015bci. Stanowi\u0105 trzon wsp\u00f3\u0142czesnego rozwoju przemys\u0142owego, technologicznego oraz codziennego \u017cycia ka\u017cdego z nas.<\/p>\n<p>        Pomo\u017cemy Ci w stworzeniu inteligentnych system\u00f3w, kt\u00f3re wykorzystaj\u0105 pe\u0142en potencja\u0142 Twoich danych, dostarcz\u0105 Ci unikalne na nie spojrzenie oraz umo\u017cliwi\u0105 podejmowanie bardziej precyzyjnych decyzji.<br \/>\n        <img decoding=\"async\" src=\"\/wp-content\/uploads\/2023\/08\/deep-learning.png\" class=\"text-image space-sm-top--1\" alt=\"Machine and deep learning\" title=\"Machine and deep learning\" \/>\n    <\/p>\n<\/div>\n                    <\/div>\n                <\/div>\n            <\/div>\n                    \n            \n            <\/div>\n<\/section>\n\n\n<section id=\"\" class=\" text-content js-change-color space-sm-top--0 space-sm-bottom--0 space-md-top--0 space-md-bottom--0 text-content--background\" style=\"--background: #ffffff\" data-color=\"#ffffff\"  data-fill=\"#141414\">\n    <div class=\"container container--space\">\n        <div class=\"row\">\n            <div class=\"col-12 title\">\n                            <\/div>\n        <\/div>\n            \n                    <div class=\"row\">\n                <div class=\"col-12 content\">\n                    <div class=\"content__text content__text--column content__text--column-1  text-left row\" style=\"--color: #141414;\">\n                        <div class=\"skills__group\">\n<div class=\"group\">\n<h5>Obszary:<\/h5>\n<\/p><\/div>\n<div class=\"skills\">\n<div>\n<p>Data Science<\/p>\n<\/div>\n<div>\n<p>NLP<\/p>\n<\/div>\n<div>\n<p>LLM<\/p>\n<\/div>\n<div>\n<p>Chatboty<\/p>\n<\/div>\n<div>\n<p>Computer Vision<\/p>\n<\/div>\n<div>\n<p>Machine Learning<\/p>\n<\/div>\n<div>\n<p>Deep Learning<\/p>\n<\/div>\n<div>\n<p>Generatywna SI<\/p>\n<\/div><\/div>\n<\/div>\n<div class=\"skills__group\">\n<div class=\"group\">\n<h5>J\u0119zyki programowania:<\/h5>\n<\/p><\/div>\n<div class=\"skills\">\n<div>\n<p>Python<\/p>\n<\/div>\n<div>\n<p>C++<\/p>\n<\/div>\n<div>\n<p>Java<\/p>\n<\/div>\n<div>\n<p>Matlab<\/p>\n<\/div>\n<div>\n<p>JavaScript<\/p>\n<\/div><\/div>\n<\/div>\n<div class=\"skills__group\">\n<div class=\"group\">\n<h5>Narz\u0119dzia:<\/h5>\n<\/p><\/div>\n<div class=\"skills\">\n<div>\n<p>TensorFlow<\/p>\n<\/div>\n<div>\n<p>Keras<\/p>\n<\/div>\n<div>\n<p>OpenCV<\/p>\n<\/div>\n<div>\n<p>Azure AI Services<\/p>\n<\/div><\/div>\n<\/p><\/div>\n<\/div>\n                    <\/div>\n                <\/div>\n            <\/div>\n                    \n            \n            <\/div>\n<\/section>","protected":false},"excerpt":{"rendered":"","protected":false},"author":3,"featured_media":0,"parent":0,"menu_order":0,"comment_status":"closed","ping_status":"closed","template":"","meta":{"inline_featured_image":false},"acf":[],"_links":{"self":[{"href":"https:\/\/www.astrokyon.com\/pl\/wp-json\/wp\/v2\/pages\/5891"}],"collection":[{"href":"https:\/\/www.astrokyon.com\/pl\/wp-json\/wp\/v2\/pages"}],"about":[{"href":"https:\/\/www.astrokyon.com\/pl\/wp-json\/wp\/v2\/types\/page"}],"author":[{"embeddable":true,"href":"https:\/\/www.astrokyon.com\/pl\/wp-json\/wp\/v2\/users\/3"}],"replies":[{"embeddable":true,"href":"https:\/\/www.astrokyon.com\/pl\/wp-json\/wp\/v2\/comments?post=5891"}],"version-history":[{"count":55,"href":"https:\/\/www.astrokyon.com\/pl\/wp-json\/wp\/v2\/pages\/5891\/revisions"}],"predecessor-version":[{"id":6554,"href":"https:\/\/www.astrokyon.com\/pl\/wp-json\/wp\/v2\/pages\/5891\/revisions\/6554"}],"wp:attachment":[{"href":"https:\/\/www.astrokyon.com\/pl\/wp-json\/wp\/v2\/media?parent=5891"}],"curies":[{"name":"wp","href":"https:\/\/api.w.org\/{rel}","templated":true}]}}