{"id":5880,"date":"2023-08-20T13:41:43","date_gmt":"2023-08-20T11:41:43","guid":{"rendered":"https:\/\/www.astrokyon.com\/?page_id=5880"},"modified":"2023-08-26T17:37:05","modified_gmt":"2023-08-26T15:37:05","slug":"software-house-big-data","status":"publish","type":"page","link":"https:\/\/www.astrokyon.com\/pl\/software-house-big-data\/","title":{"rendered":"Software House &#8211; Big Data"},"content":{"rendered":"\n<section id=\"\" class=\"js-parallax js-change-color position-relative banner d-flex align-items-end  text-start  \" style=\"--background: #222a4e; --background-size: cover; --background-position-x: center; background-image: url('https:\/\/www.astrokyon.com\/wp-content\/uploads\/2023\/08\/sh-big-data-reporting.png');\" data-color=\"#222a4e\"  data-fill=\"#ffffff\">\n    <div class=\"container container--space position-relative\">\n        <div class=\"row\">\n            <div class=\"col-12 banner__wrapp\">\n                                    <h1 class=\"banner__title\" style=\"--color: #ffffff;\">\n                        Software House                    <\/h1>\n                                            <\/div>\n        <\/div>\n    <\/div>\n<\/section>\n\n\n<section id=\"\" class=\" text-content js-change-color space-sm-top--0 space-sm-bottom--0 space-md-top--0 space-md-bottom--0 text-content--background\" style=\"--background: #ffffff\" data-color=\"#ffffff\"  data-fill=\"#141414\">\n    <div class=\"container container--space\">\n        <div class=\"row\">\n            <div class=\"col-12 title\">\n                \t                <h2 class=\"title__text\" style=\"--color: #141414;\">Big Data<\/h2>\n                            <\/div>\n        <\/div>\n            \n                    <div class=\"row\">\n                <div class=\"col-12 content\">\n                    <div class=\"content__text content__text--column content__text--column-2  text-left row\" style=\"--color: #141414;\">\n                        <div>\n<h3 class=\"quote\">\n        Niekt\u00f3rzy twierdz\u0105, \u017ce dane s\u0105 now\u0105 rop\u0105 naftow\u0105. Nie do ko\u0144ca mo\u017cemy si\u0119 z tym zgodzi\u0107, bo zasoby ropy naftowej s\u0105 ograniczone, a danych przybywa w niesamowitym tempie.<br \/>\n    <\/h3>\n<\/div>\n<div>\n<p>\n        W danych, kt\u00f3re posiadasz, jest bardzo du\u017co informacji. Mo\u017cesz ich u\u017cy\u0107 do \u015bwiadomego sterowania firm\u0105 lub projektem. Z danych mo\u017cemy oszacowa\u0107 przysz\u0142e zdarzenia, dzi\u0119ki czemu mo\u017cesz by\u0107 o krok przed konkurencj\u0105!<\/p>\n<p>        Jak podej\u015b\u0107 do przetwarzania danych i wyci\u0105gania z nich warto\u015bci biznesowej? Zobacz, w czym mo\u017cemy Ci pom\u00f3c.\n    <\/p>\n<\/div>\n                    <\/div>\n                <\/div>\n            <\/div>\n                    \n            \n            <\/div>\n<\/section>\n\n\n<section id=\"\" class=\" text-content js-change-color space-sm-top--0 space-sm-bottom--0 space-md-top--0 space-md-bottom--0 text-content--background\" style=\"--background: #ffffff\" data-color=\"#ffffff\"  data-fill=\"#141414\">\n    <div class=\"container container--space\">\n        <div class=\"row\">\n            <div class=\"col-12 title\">\n                            <\/div>\n        <\/div>\n            \n                    <div class=\"row\">\n                <div class=\"col-12 content\">\n                    <div class=\"content__text content__text--column content__text--column-3  text-left row\" style=\"--color: #141414;\">\n                        <div>\n<h4>Analiza<\/h4>\n<p>\n        Zapoznamy si\u0119 z Twoimi calami biznesowymi oraz ograniczeniami technologicznymi. Porozmawiamy z u\u017cytkownikami, zbierzemy wymagania od r\u00f3\u017cnych interesariuszy i pogodzimy cz\u0119sto sprzeczne potrzeby jednych i drugich. Opiszemy zebrane informacje j\u0119zykiem zrozumia\u0142ym dla os\u00f3b technicznych.<\/p>\n<p>        Pomo\u017cemy Ci lepiej zrozumie\u0107 Twoje dane i wykorzystywa\u0107 ich potencja\u0142 tak, aby podejmowane przez Ciebie decyzje biznesowe by\u0142y oparte na solidnych i wiarygodnych fundametnach &#8211; pe\u0142nowarto\u015bciowych informacjach.\n    <\/p>\n<p>\n    <img decoding=\"async\" src=\"\/wp-content\/uploads\/2023\/08\/business-intelligence.png\" class=\"text-image space-sm-top--1\" alt=\"BI report\" title=\"BI reports\" \/><br \/>\n    <\/p>\n<h4 class=\"space-sm-top--1\">Raporty BI<\/h4>\n<p>\n        Pomo\u017cemy Ci zbudowa\u0107 raporty BI, kt\u00f3re przy wykorzystaniu narz\u0119dzi do wizualizacji, wespr\u0105 Ci\u0119 w analizie danych i monitorowaniu kluczowych wska\u017anik\u00f3w. Aby dostarczy\u0107 Ci konkretn\u0105, \u0142atw\u0105 do interpretacji wizualizacj\u0119 danych, raporty projektujemy z my\u015bl\u0105 o Twoich potrzebach. Dzi\u0119ki nim mo\u017cesz szybko i efektywnie analizowa\u0107 swoje dane, identyfikowa\u0107 kluczowe trendy, wyci\u0105ga\u0107 wnioski i podejmowa\u0107 trafne decyzje biznesowe.\n    <\/p>\n<\/div>\n<div>\n<h4>Hurtownie danych<\/h4>\n<p>\n        Wesprzemy Ci\u0119 w efektywnym gromadzeniu, przetwarzaniu i prezentowaniu du\u017cej ilo\u015bci danych.  Zadbamy o to, aby by\u0142y one zorganizowane i zrozumia\u0142e a kod wydajny,  \u0142atwy w rozwoju i utrzymaniu. Zbudujemy dla Ciebie hurtownie danych &#8211; poczynaj\u0105c od zbierania zasob\u00f3w, przez ich przechowywanie, przetwarzanie, wsp\u00f3\u0142prac\u0119 z modelami uczenia maszynowego (ML\/AI) a\u017c do raportowania. Zapewniamy monitorowanie, zabezpieczenia dost\u0119pu, data quality oraz procesy CI\/CD tak dla kodu, jak i dla danych.\n    <\/p>\n<h4 class=\"space-sm-top--1\">Chmura<\/h4>\n<p>\n        W naszej firmie korzystamy z najnowszych i najbardziej zaawansowanych technologii, w tym rozwi\u0105za\u0144 chmurowych, kt\u00f3re rewolucjonizuj\u0105 spos\u00f3b przetwarzania danych i analizy informacji. Dzi\u0119ki korzystaniu z infrastruktury chmurowej, jeste\u015bmy w stanie zapewni\u0107 Ci dost\u0119p do skalowalnych i elastycznych zasob\u00f3w obliczeniowych, co pozwala na efektywne przetwarzanie ogromnych ilo\u015bci danych w czasie rzeczywistym.<\/p>\n<p>        Rozwi\u0105zania chmurowe, umo\u017cliwiaj\u0105 nam wydajne i bezpieczne przetwarzanie i analizowanie du\u017cych cyfrowych zbior\u00f3w oraz generowanie precyzyjnych raport\u00f3w. Dzi\u0119ki nim mo\u017cemy dostarcza\u0107 klarowne i zrozumia\u0142e informacje, kt\u00f3re w dalszym procesie pomagaj\u0105 w odkryciu cennych wskaz\u00f3wek i podj\u0119ciu trafnych decyzji biznesowych.\n    <\/p>\n<\/div>\n<div>\n    <img decoding=\"async\" src=\"\/wp-content\/uploads\/2023\/08\/bigdata-architecture-1.png\" class=\"text-image\" alt=\"Data warehouse architecture\" title=\"Data warehouse architecture\" \/><br \/>\n    <\/p>\n<h4 class=\"space-sm-top--1\">Architektura<\/h4>\n<p>\n        Zapewnimy kompleksowe rozwi\u0105zania, kt\u00f3re obejmuj\u0105 projektowanie, konfiguracj\u0119 i optymalizacj\u0119 infrastruktury przetwarzania danych. Rozs\u0105dnie dopasujemy technologie do potrzeb i mo\u017cliwo\u015bci Twojej firmy i projektu.<\/p>\n<p>        Opracujemy koncepcj\u0119, a nast\u0119pnie zaproponujemy jej elementy sk\u0142adowe. Oszacujemy koszty i mo\u017cliwo\u015bci skalowania. Zwr\u00f3cimy uwag\u0119 na tzw. vendor lock (uzale\u017cnienie od jednego dostawcy), poka\u017cemy jak go unikn\u0105\u0107 i zaproponujemy rozwi\u0105zania, kt\u00f3re s\u0105 \u0142atwo migrowalne na inne \u015brodowiska.<\/p>\n<p>        Zadbamy tak\u017ce o to, aby by\u0142y one \u0142atwo skalowalne, elastyczne i bezpieczne. Aby zapewnia\u0142y wysok\u0105 wydajno\u015b\u0107 oraz pozwala\u0142y efektywnie przetwarza\u0107 i analizowa\u0107 du\u017ce ilo\u015bci danych. Dobierzemy najlepsze metody z uwzgl\u0119dnieniem perspektywy rozwoju Twojego zespo\u0142u i dost\u0119pno\u015bci wykwalifikowanych pracownik\u00f3w na rynku pracy.\n    <\/p>\n<\/div>\n                    <\/div>\n                <\/div>\n            <\/div>\n                    \n            \n            <\/div>\n<\/section>\n\n\n<section id=\"\" class=\" text-content js-change-color space-sm-top--0 space-sm-bottom--0 space-md-top--0 space-md-bottom--0 text-content--background\" style=\"--background: #ffffff\" data-color=\"#ffffff\"  data-fill=\"#141414\">\n    <div class=\"container container--space\">\n        <div class=\"row\">\n            <div class=\"col-12 title\">\n                            <\/div>\n        <\/div>\n            \n                    <div class=\"row\">\n                <div class=\"col-12 content\">\n                    <div class=\"content__text content__text--column content__text--column-1  text-left row\" style=\"--color: #141414;\">\n                        <div class=\"skills__group\">\n<div class=\"group\">\n<h5>Rozwi\u0105zania:<\/h5>\n<\/p><\/div>\n<div class=\"skills\">\n<div>\n<p>Azure Data Factory<\/p>\n<\/div>\n<div>\n<p>Azure<br \/>Synapse<\/p>\n<\/div>\n<div>\n<p>Snowflake<\/p>\n<\/div>\n<div>\n<p>Databricks<\/p>\n<\/div>\n<div>\n<p>Google BigQuery<\/p>\n<\/div>\n<div>\n<p>SSIS<\/p>\n<\/div>\n<div>\n<p>SSAS<\/p>\n<\/div>\n<div>\n<p>PowerBI<\/p>\n<\/div>\n<div>\n<p>SSRS<\/p>\n<\/div>\n<div>\n<p>MDM<\/p>\n<\/div><\/div>\n<\/div>\n<div class=\"skills__group\">\n<div class=\"group\">\n<h5>Bazy danych:<\/h5>\n<\/p><\/div>\n<div class=\"skills\">\n<div>\n<p>Blockchain<\/p>\n<\/div>\n<div>\n<p>MS SQL<\/p>\n<\/div>\n<div>\n<p>Oracle<\/p>\n<\/div>\n<div>\n<p>MySQL<\/p>\n<\/div>\n<div>\n<p>NoSQL<\/p>\n<\/div><\/div>\n<\/div>\n                    <\/div>\n                <\/div>\n            <\/div>\n                    \n            \n            <\/div>\n<\/section>","protected":false},"excerpt":{"rendered":"","protected":false},"author":3,"featured_media":0,"parent":0,"menu_order":0,"comment_status":"closed","ping_status":"closed","template":"","meta":{"inline_featured_image":false},"acf":[],"_links":{"self":[{"href":"https:\/\/www.astrokyon.com\/pl\/wp-json\/wp\/v2\/pages\/5880"}],"collection":[{"href":"https:\/\/www.astrokyon.com\/pl\/wp-json\/wp\/v2\/pages"}],"about":[{"href":"https:\/\/www.astrokyon.com\/pl\/wp-json\/wp\/v2\/types\/page"}],"author":[{"embeddable":true,"href":"https:\/\/www.astrokyon.com\/pl\/wp-json\/wp\/v2\/users\/3"}],"replies":[{"embeddable":true,"href":"https:\/\/www.astrokyon.com\/pl\/wp-json\/wp\/v2\/comments?post=5880"}],"version-history":[{"count":41,"href":"https:\/\/www.astrokyon.com\/pl\/wp-json\/wp\/v2\/pages\/5880\/revisions"}],"predecessor-version":[{"id":6459,"href":"https:\/\/www.astrokyon.com\/pl\/wp-json\/wp\/v2\/pages\/5880\/revisions\/6459"}],"wp:attachment":[{"href":"https:\/\/www.astrokyon.com\/pl\/wp-json\/wp\/v2\/media?parent=5880"}],"curies":[{"name":"wp","href":"https:\/\/api.w.org\/{rel}","templated":true}]}}