{"id":5875,"date":"2023-08-20T13:20:28","date_gmt":"2023-08-20T11:20:28","guid":{"rendered":"https:\/\/www.astrokyon.com\/?page_id=5875"},"modified":"2023-08-26T18:39:53","modified_gmt":"2023-08-26T16:39:53","slug":"software-house-managed-services","status":"publish","type":"page","link":"https:\/\/www.astrokyon.com\/pl\/software-house-managed-services\/","title":{"rendered":"Software House &#8211; Managed Services"},"content":{"rendered":"\n<section id=\"\" class=\"js-parallax js-change-color position-relative banner d-flex align-items-end  text-start  \" style=\"--background: #283865; --background-size: cover; --background-position-x: center; background-image: url('https:\/\/www.astrokyon.com\/wp-content\/uploads\/2023\/08\/sh-managed-services.png');\" data-color=\"#283865\"  data-fill=\"#ffffff\">\n    <div class=\"container container--space position-relative\">\n        <div class=\"row\">\n            <div class=\"col-12 banner__wrapp\">\n                                    <h1 class=\"banner__title\" style=\"--color: #ffffff;\">\n                        Software House                    <\/h1>\n                                            <\/div>\n        <\/div>\n    <\/div>\n<\/section>\n\n\n<section id=\"\" class=\" text-content js-change-color space-sm-top--0 space-sm-bottom--0 space-md-top--0 space-md-bottom--0 text-content--background\" style=\"--background: #ffffff\" data-color=\"#ffffff\"  data-fill=\"#141414\">\n    <div class=\"container container--space\">\n        <div class=\"row\">\n            <div class=\"col-12 title\">\n                \t                <h2 class=\"title__text\" style=\"--color: #141414;\">Managed Services<\/h2>\n                            <\/div>\n        <\/div>\n            \n                    <div class=\"row\">\n                <div class=\"col-12 content\">\n                    <div class=\"content__text content__text--column content__text--column-2  text-left row\" style=\"--color: #141414;\">\n                        <div>\n<h3 class=\"quote\">\n        Dostarczymy Ci kompletne zespo\u0142y developerskie, kt\u00f3re dzia\u0142aj\u0105 zgodnie z najlepszymi i najnowocze\u015bniejszymi metodami. Zajmiemy si\u0119 te\u017c analiz\u0105 wymaga\u0144 i oszacowaniem bud\u017cetu.<br \/>\n    <\/h3>\n<\/div>\n<div>\n<p>\n        Jeste\u015bmy \u015bwiadomi, \u017ce powierzasz nam wa\u017cne zadanie i oczekujesz doskona\u0142ych rezultat\u00f3w, dlatego stawiamy na otwart\u0105 i szczer\u0105 komunikacj\u0119. Zadbamy o precyzyjne zarz\u0105dzanie projektem, terminowe dostarczanie wynik\u00f3w i monitorowanie post\u0119p\u00f3w.<\/p>\n<p>        Anga\u017cujemy si\u0119 na sto procent i bierzemy pe\u0142n\u0105 odpowiedzialno\u015b\u0107 za wszystkie etapy projektu, od analizy i planowania po wdro\u017cenie i utrzymanie. Razem osi\u0105gniemy Twoje cele biznesowe i dostarczymy innowacyjne rozwi\u0105zania, kt\u00f3re przynios\u0105 warto\u015b\u0107 i zadowolenie Tobie i Twoim klientom.\n    <\/p>\n<\/div>\n                    <\/div>\n                <\/div>\n            <\/div>\n                    \n            \n            <\/div>\n<\/section>\n\n\n<section id=\"\" class=\" text-content js-change-color space-sm-top--0 space-sm-bottom--0 space-md-top--0 space-md-bottom--0 text-content--background\" style=\"--background: #ffffff\" data-color=\"#ffffff\"  data-fill=\"#141414\">\n    <div class=\"container container--space\">\n        <div class=\"row\">\n            <div class=\"col-12 title\">\n                            <\/div>\n        <\/div>\n            \n                    <div class=\"row\">\n                <div class=\"col-12 content\">\n                    <div class=\"content__text content__text--column content__text--column-3  text-left row\" style=\"--color: #141414;\">\n                        <div>\n<h4>Kompleksowe zespo\u0142y<\/h4>\n<p>\n        Nowe przedsi\u0119wzi\u0119cie czasem wymaga rozszerzenia istniej\u0105cego zespo\u0142u. Zajmiemy si\u0119 rekrutacj\u0105 i dostarczymy Ci najwy\u017cszej klasy ekspert\u00f3w, koordynator\u00f3w i kompletne zespo\u0142y developerskie idealnie dopasowane do Twoich potrzeb.<\/p>\n<p>        Nasi eksperci posiadaj\u0105 szeroki zakres umiej\u0119tno\u015bci oraz do\u015bwiadczenie w r\u00f3\u017cnych dziedzinach i technologiach. Zespo\u0142y, kt\u00f3rymi dysponujemy, s\u0105 elastyczne, skalowalne i gotowe do pracy zar\u00f3wno nad ma\u0142ymi, jak i du\u017cymi projektami. Zapewnimy Ci niezb\u0119dne umiej\u0119tno\u015bci i wiedz\u0119, ale tak\u017ce profesjonalne podej\u015bcie i zaanga\u017cowanie. Zarz\u0105dzimy Twoim projektem i skoordynujemy dzia\u0142ania na ka\u017cdym jego etapie. Zapewnimy przejrzysto\u015b\u0107, jako\u015b\u0107 i efektywno\u015b\u0107.<\/p>\n<p>        Wybieraj\u0105c nas, masz spok\u00f3j i pewno\u015b\u0107, \u017ce Tw\u00f3j projekt jest realizowany przez do\u015bwiadczonych profesjonalist\u00f3w, kt\u00f3rzy skrupulatnie dbaj\u0105 o ka\u017cdy szczeg\u00f3\u0142.\n    <\/p>\n<h4 class=\"space-sm-top--1\">Bud\u017cetowanie<\/h4>\n<p>\n        Zadbamy o stworzenie realistycznego planu. Uwzgl\u0119dnimy wszystkie aspekty projektu &#8211; w tym niezb\u0119dne koszta osobowe, technologiczne czy narz\u0119dziowe, jak r\u00f3wnie\u017c materia\u0142\u00f3w oraz zapewnimy ich optymalne wykorzystanie.<\/p>\n<p>        Niezale\u017cnie od skali projektu i dost\u0119pnego bud\u017cetu, zapraszamy Ci\u0119 do wsp\u00f3\u0142pracy. Dostosujemy si\u0119 do Twoich mo\u017cliwo\u015bci &#8211; zapewnimy Ci optymalne i szyte na miar\u0119 rozwi\u0105zania.\n    <\/p>\n<\/div>\n<div>\n<h4>Outsourcing IT<\/h4>\n<p>\n        Dzi\u0119ki zlecaniu nam r\u00f3\u017cnych aspekt\u00f3w projekt\u00f3w informatycznych, nasi klienci mog\u0105 skupi\u0107 si\u0119 na swojej g\u0142\u00f3wnej dzia\u0142alno\u015bci, jednocze\u015bnie obni\u017caj\u0105c koszty operacyjne. Nasz do\u015bwiadczony zesp\u00f3\u0142 gwarantuje wysok\u0105 jako\u015b\u0107 us\u0142ug i efektywno\u015b\u0107, zapewniaj\u0105c jednocze\u015bnie dostosowanie do indywidualnych potrzeb i elastyczno\u015b\u0107 w dzia\u0142aniu. Outsourcing IT to tak\u017ce mo\u017cliwo\u015b\u0107 skorzystania z najnowszych technologii i metodyk bez konieczno\u015bci inwestowania w wewn\u0119trzne zasoby. W rezultacie, nasi klienci otrzymuj\u0105 szybsze, bardziej skalowalne i kosztowo efektywne rozwi\u0105zania.\n    <\/p>\n<p>\n    <img decoding=\"async\" src=\"\/wp-content\/uploads\/2023\/08\/outsourcing.png\" class=\"text-image space-sm-top--1\" alt=\"Outsourcing IT\" title=\"Outsourcing IT\" \/><\/p>\n<h4 class=\"space-sm-top--1\">Analityka<\/h4>\n<p>\n        Doskonale rozumiemy zar\u00f3wno aspekty biznesowe, jak i techniczne projekt\u00f3w. Niewa\u017cne, czy Twoje przedsi\u0119wzi\u0119cie jest w\u0142a\u015bnie w toku rozwoju, czy potrzebujesz wsparcia w opracowaniu czego\u015b zupe\u0142nie nowego. Nasi do\u015bwiadczeni analitycy na pewno sobie z tym poradz\u0105. Zidentyfikuj\u0105 cele, wymagania, oczekiwania i wyzwania. Przeprowadz\u0105 dog\u0142\u0119bne badania i analizy oraz oceni\u0105 dost\u0119pne rozwi\u0105zania, technologie i narz\u0119dzia. Wszystko po to, aby wybra\u0107 najlepsze opcje i skuteczne rozwi\u0105zania, kt\u00f3re spe\u0142ni\u0105 oczekiwania Twoje i Twoich klient\u00f3w.\n    <\/p>\n<\/div>\n<div>\n<h4>Metody dzia\u0142ania<\/h4>\n<p>\n        Dynamiczny rynek wymaga elastyczno\u015bci, szybkiego reagowania na zmiany i efektywnej komunikacji. Dlatego na co dzie\u0144 korzystamy z zalet metodyk zwinnych (Agile), kt\u00f3re pozwalaj\u0105 nam dostarcza\u0107 wyniki najwy\u017cszej jako\u015bci.<\/p>\n<p>        Regularna informacja zwrotna i kultura oparta na warto\u015bciach firmy to pewna transparencja i w\u0142a\u015bciwa komunikacja. Stosujemy podej\u015bcie produktowe, kt\u00f3re pozwala nam szybko zweryfikowa\u0107 za\u0142o\u017cenia i dostosowa\u0107 si\u0119 do zmieniaj\u0105cych si\u0119 wymaga\u0144 i warunk\u00f3w. Regularne review, mierzenie efekt\u00f3w, podej\u015bcie iteracyjne i przyrostowe pozwalaj\u0105 efektywnie dostarcza\u0107 warto\u015bciowe rezultaty zorientowane na klienta.<\/p>\n<p>        Taki styl pracy daje Ci kontrol\u0119 nad projektem, ale tak\u017ce pewno\u015b\u0107, \u017ce jest on realizowany zgodnie z najnowszymi standardami bran\u017cowymi.\n    <\/p>\n<h4 class=\"space-sm-top--1\">PMO<\/h4>\n<p>\n        Dobry PMO dzia\u0142a jako most pomi\u0119dzy klientem a zespo\u0142em developerskim. Usprawnimy realizacj\u0119 Twojego projektu na wszystkich jego etapach. Opracujemy sp\u00f3jny plan, zdefiniujemy cele, harmonogram, zasoby i bud\u017cet. Zapewnimy profesjonalny nadz\u00f3r, \u015bledzenie post\u0119pu prac i monitorowanie ryzyka. Zadbamy o transparencj\u0119 i efektywn\u0105 komunikacj\u0119 z interesariuszami i w zespole projektowym. Dzi\u0119ki temu b\u0119dziesz mie\u0107 pe\u0142en wgl\u0105d w post\u0119py i mo\u017cliwo\u015b\u0107 podejmowania \u015bwiadomych decyzji w ka\u017cdym momencie realizacji projektu.<\/p>\n<p>        Stosujemy sprawdzone metodyki zarz\u0105dzania projektami, a wszystkie nasze dzia\u0142ania s\u0105 ukierunkowane na osi\u0105gni\u0119cie cel\u00f3w projektu w terminie, w wyznaczonym zakresie i w okre\u015blonym bud\u017cecie.\n    <\/p>\n<\/div>\n                    <\/div>\n                <\/div>\n            <\/div>\n                    \n            \n            <\/div>\n<\/section>\n\n\n<section id=\"\" class=\" text-content js-change-color space-sm-top--0 space-sm-bottom--0 space-md-top--0 space-md-bottom--0 text-content--background\" style=\"--background: #ffffff\" data-color=\"#ffffff\"  data-fill=\"#141414\">\n    <div class=\"container container--space\">\n        <div class=\"row\">\n            <div class=\"col-12 title\">\n                            <\/div>\n        <\/div>\n            \n                    <div class=\"row\">\n                <div class=\"col-12 content\">\n                    <div class=\"content__text content__text--column content__text--column-1  text-left row\" style=\"--color: #141414;\">\n                        <div class=\"skills__group\">\n<div class=\"group\">\n<h5>Obszary dzia\u0142ania:<\/h5>\n<\/p><\/div>\n<div class=\"skills\">\n<div>\n<p>Outsourcing IT<\/p>\n<\/div>\n<div>\n<p>Skalowanie zespo\u0142\u00f3w<\/p>\n<\/div>\n<div>\n<p>Us\u0142ugi Zarz\u0105dzane<\/p>\n<\/div>\n<div>\n<p>Zarz\u0105dzanie Projektami<\/p>\n<\/div>\n<div>\n<p>PMO<\/p>\n<\/div><\/div>\n<\/div>\n                    <\/div>\n                <\/div>\n            <\/div>\n                    \n            \n            <\/div>\n<\/section>","protected":false},"excerpt":{"rendered":"","protected":false},"author":3,"featured_media":0,"parent":0,"menu_order":0,"comment_status":"closed","ping_status":"closed","template":"","meta":{"inline_featured_image":false},"acf":[],"_links":{"self":[{"href":"https:\/\/www.astrokyon.com\/pl\/wp-json\/wp\/v2\/pages\/5875"}],"collection":[{"href":"https:\/\/www.astrokyon.com\/pl\/wp-json\/wp\/v2\/pages"}],"about":[{"href":"https:\/\/www.astrokyon.com\/pl\/wp-json\/wp\/v2\/types\/page"}],"author":[{"embeddable":true,"href":"https:\/\/www.astrokyon.com\/pl\/wp-json\/wp\/v2\/users\/3"}],"replies":[{"embeddable":true,"href":"https:\/\/www.astrokyon.com\/pl\/wp-json\/wp\/v2\/comments?post=5875"}],"version-history":[{"count":24,"href":"https:\/\/www.astrokyon.com\/pl\/wp-json\/wp\/v2\/pages\/5875\/revisions"}],"predecessor-version":[{"id":6536,"href":"https:\/\/www.astrokyon.com\/pl\/wp-json\/wp\/v2\/pages\/5875\/revisions\/6536"}],"wp:attachment":[{"href":"https:\/\/www.astrokyon.com\/pl\/wp-json\/wp\/v2\/media?parent=5875"}],"curies":[{"name":"wp","href":"https:\/\/api.w.org\/{rel}","templated":true}]}}