{"id":5871,"date":"2023-08-20T13:19:22","date_gmt":"2023-08-20T11:19:22","guid":{"rendered":"https:\/\/www.astrokyon.com\/?page_id=5871"},"modified":"2023-08-26T18:34:01","modified_gmt":"2023-08-26T16:34:01","slug":"software-house-product-design","status":"publish","type":"page","link":"https:\/\/www.astrokyon.com\/pl\/software-house-product-design\/","title":{"rendered":"Software House &#8211; Product Design"},"content":{"rendered":"\n<section id=\"\" class=\"js-parallax js-change-color position-relative banner d-flex align-items-end  text-start  \" style=\"--background: #0f1e43; --background-size: cover; --background-position-x: center; background-image: url('https:\/\/www.astrokyon.com\/wp-content\/uploads\/2023\/08\/sh-product-design.png');\" data-color=\"#0f1e43\"  data-fill=\"#ffffff\">\n    <div class=\"container container--space position-relative\">\n        <div class=\"row\">\n            <div class=\"col-12 banner__wrapp\">\n                                    <h1 class=\"banner__title\" style=\"--color: #ffffff;\">\n                        Software House                    <\/h1>\n                                            <\/div>\n        <\/div>\n    <\/div>\n<\/section>\n\n\n<section id=\"\" class=\" text-content js-change-color space-sm-top--0 space-sm-bottom--0 space-md-top--1 space-md-bottom--0 text-content--background\" style=\"--background: #ffffff\" data-color=\"#ffffff\"  data-fill=\"#141414\">\n    <div class=\"container container--space\">\n        <div class=\"row\">\n            <div class=\"col-12 title\">\n                \t                <h2 class=\"title__text\" style=\"--color: #141414;\">Product Design<\/h2>\n                            <\/div>\n        <\/div>\n            \n                    <div class=\"row\">\n                <div class=\"col-12 content\">\n                    <div class=\"content__text content__text--column content__text--column-2  text-left row\" style=\"--color: #141414;\">\n                        <div>\n<h3 class=\"quote\">\n        Sprawimy, \u017ce potencja\u0142 Twojego pomys\u0142u zostanie w pe\u0142ni wykorzystany. Na podstawie Twojej wizji stworzymy innowacyjny produkt i opracujemy strategi\u0119, kt\u00f3ra zapewni mu sukces na rynku.<br \/>\n    <\/h3>\n<\/div>\n<div>\n<p>\n        W procesie tworzenia nowych rozwi\u0105za\u0144 wykorzystujemy nasze do\u015bwiadczenie bran\u017cowe oraz podej\u015bcie User Experience &#038; Product Design. Bierzemy pod uwag\u0119 Twoje cele biznesowe, preferencje dotycz\u0105ce technologii, bud\u017cetu oraz czasu wykonania.<\/p>\n<p>        \u0141\u0105czymy kreatywno\u015b\u0107 ze strategi\u0105, aby dostarczy\u0107 Ci produkt, kt\u00f3ry zachwyci swoim designem, spe\u0142ni potrzeby Twoich Klient\u00f3w i przyniesie Ci najlepsze mo\u017cliwe efekty biznesowe.\n    <\/p>\n<\/div>\n                    <\/div>\n                <\/div>\n            <\/div>\n                    \n            \n            <\/div>\n<\/section>\n\n\n<p><\/p>\n\n\n\n<section id=\"\" class=\" text-content js-change-color space-sm-top--0 space-sm-bottom--0 space-md-top--0 space-md-bottom--0 text-content--background\" style=\"--background: #ffffff\" data-color=\"#ffffff\"  data-fill=\"#141414\">\n    <div class=\"container container--space\">\n        <div class=\"row\">\n            <div class=\"col-12 title\">\n                            <\/div>\n        <\/div>\n            \n                    <div class=\"row\">\n                <div class=\"col-12 content\">\n                    <div class=\"content__text content__text--column content__text--column-3  text-left row\" style=\"--color: #141414;\">\n                        <div>\n<h4>UX \/ UI<\/h4>\n<p>\n        Interfejs jest znakiem firmowym Twojego produktu. Ma kluczowe znaczenie dla zdobycia i utrzymania lojalno\u015bci Twoich klient\u00f3w, dlatego powinien z miejsca przyci\u0105ga\u0107 uwag\u0119 oraz by\u0107 intuicyjny, atrakcyjny wizualnie i funkcjonalny.<\/p>\n<p>        Visual design Twojego produktu opracujemy na podstawie odpowiednio wyselekcjonowanych bada\u0144 u\u017cytkownik\u00f3w, analizy danych zastanych, konkurencji i benchmark\u00f3w. Dzi\u0119ki zdobytej na tym etapie wiedzy lepiej poznamy adresat\u00f3w Twojego produktu oraz ich preferencje. <\/p>\n<p>        Zidentyfikujemy, jak si\u0119 zachowuj\u0105 i czym si\u0119 kieruj\u0105, co ich ogranicza oraz jakie maj\u0105 potrzeby. Stworzymy prototypy interfejs\u00f3w, na kt\u00f3rych przeprowadzimy testy u\u017cyteczno\u015bci. Na tej podstawie zaprojektujemy to, czego docelowi i potencjalni odbiorcy szukaj\u0105 w Twojej aplikacji wraz z intuicyjnym i przyjaznym dla nich projektem UI.\n    <\/p>\n<p>\n    <img decoding=\"async\" src=\"\/wp-content\/uploads\/2023\/08\/ui.png\" class=\"text-image space-sm-top--1\" alt=\"UI - User Interface design\" title=\"UI - User Interface design\" \/><br \/>\n    <\/p>\n<h4 class=\"space-sm-top--1\">Badania i testy u\u017cyteczno\u015bci<\/h4>\n<p>\n        Korzystamy z r\u00f3\u017cnorodnych technik badawczych, kt\u00f3re dostosowujemy indywidualnie do potrzeb Twojego projektu. Analizujemy dane zastane, konkurencj\u0119 oraz benchmarki. Prowadzimy wywiady i obserwacje z udzia\u0142em u\u017cytkownik\u00f3w oraz wykonujemy testy u\u017cyteczno\u015bci na prototypach. Pozwala nam to zaprojektowa\u0107 dok\u0142adnie to, czego szukaj\u0105 przyszli odbiorcy Twojego produktu, a Tobie osi\u0105gn\u0105\u0107 cele biznesowe i sukces na rynku.\n    <\/p>\n<\/div>\n<div>\n<h4>Studium wykonalno\u015bci<\/h4>\n<p>\n        Jest to etap, kt\u00f3rego nie powinno zabrakn\u0105\u0107 w \u017cadnym projekcie, bo pozwala okre\u015bli\u0107 potencja\u0142 planowanego przedsi\u0119wzi\u0119cia, zanim jeszcze zapadnie decyzja o jego przeprowadzeniu. Chroni przed podj\u0119ciem b\u0142\u0119dnych decyzji biznesowych, kt\u00f3re mog\u0105 stanowi\u0107 powa\u017cne zagro\u017cenie inwestycyjne, tak dla projektu, jak i dla firmy. Pozwala tak\u017ce podnie\u015b\u0107 szanse na sukces tych pomys\u0142\u00f3w i idei, kt\u00f3re zdecydujesz si\u0119 kontynuowa\u0107.<\/p>\n<p>        Dostarczymy Ci rekomendacje i warto\u015bciowe informacje, kt\u00f3re pomog\u0105 Ci podj\u0105\u0107 decyzj\u0119 o sposobie i zakresie realizacji Twojego projektu. Przeanalizujemy i ocenimy Tw\u00f3j pomys\u0142 pod k\u0105tem technicznej, ekonomicznej i operacyjnej wykonalno\u015bci. Zweryfikujemy czy jest realistyczny i op\u0142acalny, wska\u017cemy ewentualne wyzwania i ryzyka oraz dok\u0142adnie zbadamy aspekty technologiczne, rynkowe i biznesowe. Opracujemy plan dzia\u0142ania, okre\u015blimy niezb\u0119dne do wykonania kroki oraz oszacujemy czas i zasoby wymagane do ich wykonania. Okre\u015blimy te\u017c jakie korzy\u015bci przyniesie Tw\u00f3j projekt w kontek\u015bcie biznesowym, technologicznym i u\u017cytkowym.\n    <\/p>\n<h4 class=\"space-sm-top--1\">Prototypowanie<\/h4>\n<p>\n        Koncepcje rozwi\u0105zania przenosimy na interaktywne modele, kt\u00f3re odzwierciedlaj\u0105 rzeczywiste interakcje i funkcje produktu. Tym w\u0142a\u015bnie jest prototyp, kt\u00f3ry umo\u017cliwia wczesne testowanie, ocen\u0119 i iteracyjne doskonalenie. Dzi\u0119ki temu, zanim przejdziemy do dalszych etap\u00f3w prac, mo\u017cemy wsp\u00f3lnie z Tob\u0105 oraz z u\u017cytkownikami oceni\u0107, jakie elementy s\u0105 skuteczne, a kt\u00f3re wymagaj\u0105 poprawy. Jest to idealny moment do wypr\u00f3bowania r\u00f3\u017cnych pomys\u0142\u00f3w, dla kt\u00f3rych na bie\u017c\u0105co zbieramy informacj\u0119 zwrotn\u0105 podczas badania u\u017cyteczno\u015bci. W efekcie przestawimy Ci propozycj\u0119 rozwi\u0105zania oraz strategii produktu, w tym MVP (Minimum Viable Product).\n    <\/p>\n<\/div>\n<div>\n    <img decoding=\"async\" src=\"\/wp-content\/uploads\/2023\/08\/ux.png\" class=\"text-image\" alt=\"UX - User Experience design\" title=\"UX - User Experience design\" \/><\/p>\n<h4 class=\"space-sm-top--1\">Modelowanie<\/h4>\n<p>\n        Modelowanie pozwala nam na dok\u0142adne zbadanie i zrozumienie procesu, zidentyfikowanie obszar\u00f3w do doskonalenia oraz eksperymentowanie z r\u00f3\u017cnymi scenariuszami i strategiami.<\/p>\n<p>        Podczas modelowania tworzymy graficzn\u0105 reprezentacj\u0119 proces\u00f3w, cz\u0119sto w postaci diagram\u00f3w przep\u0142ywu pracy, kt\u00f3re pokazuj\u0105 kolejne kroki, etapy, decyzje, interakcje i zale\u017cno\u015bci mi\u0119dzy nimi.<\/p>\n<p>        Modelowanie umo\u017cliwia nam zobrazowanie pe\u0142nej \u015bcie\u017cki przep\u0142ywu procesu i pracy, identyfikowanie kluczowych czynnik\u00f3w wp\u0142ywaj\u0105cych na nie oraz wykrywanie potencjalnych problematycznych obszar\u00f3w lub miejsc do optymalizacji. Mo\u017cemy symulowa\u0107 dzia\u0142anie proces\u00f3w w r\u00f3\u017cnych scenariuszach, co pozwala nam oceni\u0107 ich wydajno\u015b\u0107 i wp\u0142yw na u\u017cytkownika. To z kolei otwiera nam drog\u0119 do eksperymentowania i podejmowania decyzji na podstawie solidnych danych i analiz.<\/p>\n<p>        Dzi\u0119ki modelowaniu mo\u017cemy dostosowa\u0107 dzia\u0142ania do zmieniaj\u0105cych si\u0119 warunk\u00f3w i tworzy\u0107 dla Ciebie bardziej efektywne strategie produktu, kt\u00f3re pomog\u0105 Ci osi\u0105gn\u0105\u0107 lepsze wyniki.\n    <\/p>\n<\/div>\n                    <\/div>\n                <\/div>\n            <\/div>\n                    \n            \n            <\/div>\n<\/section>\n\n\n<section id=\"\" class=\" text-content js-change-color space-sm-top--0 space-sm-bottom--0 space-md-top--0 space-md-bottom--0 text-content--background\" style=\"--background: #ffffff\" data-color=\"#ffffff\"  data-fill=\"#141414\">\n    <div class=\"container container--space\">\n        <div class=\"row\">\n            <div class=\"col-12 title\">\n                            <\/div>\n        <\/div>\n            \n                    <div class=\"row\">\n                <div class=\"col-12 content\">\n                    <div class=\"content__text content__text--column content__text--column-1  text-left row\" style=\"--color: #141414;\">\n                        <div class=\"skills__group\">\n<div class=\"group\">\n<h5>Techniki i narz\u0119dzia:<\/h5>\n<\/p><\/div>\n<div class=\"skills\">\n<div>\n<p>Event Storming<\/p>\n<\/div>\n<div>\n<p>Personas<\/p>\n<\/div>\n<div>\n<p>Testy u\u017cyteczno\u015bci<\/p>\n<\/div>\n<div>\n<p>Testy A\/B<\/p>\n<\/div>\n<div>\n<p>UML<\/p>\n<\/div>\n<div>\n<p>BPMN<\/p>\n<\/div>\n<div>\n<p>UX<\/p>\n<\/div>\n<div>\n<p>UI<\/p>\n<\/div>\n<div>\n<p>Figma<\/p>\n<\/div>\n<div>\n<p>Adobe CC<\/p>\n<\/div><\/div>\n<\/div>\n                    <\/div>\n                <\/div>\n            <\/div>\n                    \n            \n            <\/div>\n<\/section>","protected":false},"excerpt":{"rendered":"","protected":false},"author":3,"featured_media":0,"parent":0,"menu_order":0,"comment_status":"closed","ping_status":"closed","template":"","meta":{"inline_featured_image":false},"acf":[],"_links":{"self":[{"href":"https:\/\/www.astrokyon.com\/pl\/wp-json\/wp\/v2\/pages\/5871"}],"collection":[{"href":"https:\/\/www.astrokyon.com\/pl\/wp-json\/wp\/v2\/pages"}],"about":[{"href":"https:\/\/www.astrokyon.com\/pl\/wp-json\/wp\/v2\/types\/page"}],"author":[{"embeddable":true,"href":"https:\/\/www.astrokyon.com\/pl\/wp-json\/wp\/v2\/users\/3"}],"replies":[{"embeddable":true,"href":"https:\/\/www.astrokyon.com\/pl\/wp-json\/wp\/v2\/comments?post=5871"}],"version-history":[{"count":27,"href":"https:\/\/www.astrokyon.com\/pl\/wp-json\/wp\/v2\/pages\/5871\/revisions"}],"predecessor-version":[{"id":6530,"href":"https:\/\/www.astrokyon.com\/pl\/wp-json\/wp\/v2\/pages\/5871\/revisions\/6530"}],"wp:attachment":[{"href":"https:\/\/www.astrokyon.com\/pl\/wp-json\/wp\/v2\/media?parent=5871"}],"curies":[{"name":"wp","href":"https:\/\/api.w.org\/{rel}","templated":true}]}}