{"id":5701,"date":"2023-08-14T16:12:35","date_gmt":"2023-08-14T14:12:35","guid":{"rendered":"https:\/\/www.astrokyon.com\/?page_id=5701"},"modified":"2023-08-26T18:30:25","modified_gmt":"2023-08-26T16:30:25","slug":"software-house-programowanie","status":"publish","type":"page","link":"https:\/\/www.astrokyon.com\/pl\/software-house-programowanie\/","title":{"rendered":"Software House &#8211; Programowanie"},"content":{"rendered":"\n<section id=\"\" class=\"js-parallax js-change-color position-relative banner d-flex align-items-end  text-start  \" style=\"--background: #073452; --background-size: cover; --background-position-x: center; background-image: url('https:\/\/www.astrokyon.com\/wp-content\/uploads\/2023\/08\/programming.png');\" data-color=\"#073452\"  data-fill=\"#ffffff\">\n    <div class=\"container container--space position-relative\">\n        <div class=\"row\">\n            <div class=\"col-12 banner__wrapp\">\n                                    <h1 class=\"banner__title\" style=\"--color: #ffffff;\">\n                        Software House                    <\/h1>\n                                            <\/div>\n        <\/div>\n    <\/div>\n<\/section>\n\n\n<section id=\"\" class=\" text-content js-change-color space-sm-top--0 space-sm-bottom--0 space-md-top--0 space-md-bottom--0 text-content--background\" style=\"--background: #ffffff\" data-color=\"#ffffff\"  data-fill=\"#141414\">\n    <div class=\"container container--space\">\n        <div class=\"row\">\n            <div class=\"col-12 title\">\n                \t                <h2 class=\"title__text\" style=\"--color: #141414;\">Programowanie<\/h2>\n                            <\/div>\n        <\/div>\n            \n                    <div class=\"row\">\n                <div class=\"col-12 content\">\n                    <div class=\"content__text content__text--column content__text--column-2  text-left row\" style=\"--color: #141414;\">\n                        <div>\n<h3 class=\"quote\">\n        Specjalizujemy si\u0119 w dostarczaniu najwy\u017cszej jako\u015bci, kompleksowych us\u0142ug programistycznych. Mamy do\u015bwiadczenie, pasj\u0119 i nietuzinkowe podej\u015bcie do innowacyjnych rozwi\u0105za\u0144.<br \/>\n    <\/h3>\n<\/div>\n<div>\n<p>\n        Potrzebujesz aplikacji, systemu zarz\u0105dzania albo oprogramowania, kt\u00f3re jest kompatybilne z istniej\u0105cym rozwi\u0105zaniem? Jeste\u015bmy gotowi sprosta\u0107 ka\u017cdemu wyzwaniu, jakie zostanie przed nami postawione.<\/p>\n<p>        Pracuj\u0105c z nami, uczestniczysz w procesie na ka\u017cdym jego etapie. Takie podej\u015bcie, zapewnia g\u0142\u0119bsze zrozumienie kontekstu, kreatywn\u0105 generacj\u0119 pomys\u0142\u00f3w i wsp\u00f3lne podejmowanie decyzji. Dzi\u0119ki temu tworzymy innowacyjne i dopasowane do potrzeb u\u017cytkownik\u00f3w rozwi\u0105zania, kt\u00f3re Twoim klientom przynosz\u0105 warto\u015b\u0107, a Tobie przewag\u0119 nad konkurencj\u0105.\n    <\/p>\n<\/div>\n                    <\/div>\n                <\/div>\n            <\/div>\n                    \n            \n            <\/div>\n<\/section>\n\n\n<section id=\"\" class=\" text-content js-change-color space-sm-top--0 space-sm-bottom--0 space-md-top--0 space-md-bottom--0 text-content--background\" style=\"--background: #ffffff\" data-color=\"#ffffff\"  data-fill=\"#141414\">\n    <div class=\"container container--space\">\n        <div class=\"row\">\n            <div class=\"col-12 title\">\n                            <\/div>\n        <\/div>\n            \n                    <div class=\"row\">\n                <div class=\"col-12 content\">\n                    <div class=\"content__text content__text--column content__text--column-3  text-left row\" style=\"--color: #141414;\">\n                        <div>\n<h4>Architektura<\/h4>\n<p>\n        Zrealizujemy Tw\u00f3j projekt tak, aby dostarczy\u0107 Ci najlepsze mo\u017cliwe, skalowalne, wydajne, bezpieczne i niezawodne rozwi\u0105zanie. Wykorzystamy najnowsze trendy technologiczne i najlepsze praktyki bran\u017cowe. Niezale\u017cnie od skali projektu i bran\u017cy, pomo\u017cemy Ci stworzy\u0107 solidne i przysz\u0142o\u015bciowe rozwi\u0105zanie, kt\u00f3re spe\u0142ni Twoje oczekiwania i przyczyni si\u0119 do osi\u0105gni\u0119cia sukcesu w biznesie.\n    <\/p>\n<h4 class=\"space-sm-top--1\">Dokumentacja<\/h4>\n<p>\n        Wiemy jak istotne jest w\u0142a\u015bciwe udokumentowanie proces\u00f3w oraz funkcji systemu. Prawid\u0142owa dokumentacja pomaga w lepszym ich zrozumieniu, ale r\u00f3wnie\u017c w rozwoju i odpowiednim utrzymaniu ca\u0142o\u015bci.<\/p>\n<p>        Niewa\u017cne, czy potrzebujesz dokumentacji dla nowego projektu informatycznego, czy istniej\u0105cego ju\u017c systemu. Ka\u017cde z wyzwa\u0144 jest dla nas r\u00f3wnie ekscytuj\u0105ce! Zadbamy o stworzenie przejrzystej, precyzyjnej i kompleksowej dokumentacji technicznej. I to Ty zdecydujesz, jaki format b\u0119dzie dla Ciebie odpowiedni.\n    <\/p>\n<h4 class=\"space-sm-top--1\">Testy<\/h4>\n<p>\n        Nie istnieje aplikacja wolna od b\u0142\u0119d\u00f3w. S\u0105 tylko takie, kt\u00f3rych jeszcze nie przetestowano. Testy gwarantuj\u0105, \u017ce tworzone oprogramowanie spe\u0142nia najwy\u017csze standardy jako\u015bci oraz zapewnia doskona\u0142e do\u015bwiadczenie u\u017cytkownika.<\/p>\n<p>        Aby szybciej dostarczy\u0107 niezawodny produkt, wprowadzamy testy ju\u017c na najwcze\u015bniejszych etapach kodowania. Testy obejmuj\u0105 identyfikacj\u0119 i usuwanie b\u0142\u0119d\u00f3w, ale tak\u017ce sprawdzanie poprawno\u015bci i efektywno\u015bci dzia\u0142ania.<\/p>\n<p>        Niezale\u017cnie od rozmiaru projektu i jego z\u0142o\u017cono\u015bci, przeprowadzamy kompleksowe i rygorystyczne testy manualne lub automatyczne. Obejmuj\u0105 one testy funkcjonalne, wydajno\u015bciowe, bezpiecze\u0144stwa, integracyjne i u\u017cytkownika. Daj\u0105 one nam pewno\u015b\u0107, \u017ce Tw\u00f3j produkt jest gotowy na sukces na rynku.\n    <\/p>\n<\/div>\n<div>\n<h4>Web \/ Mobile<\/h4>\n<p>\n        Tworzymy i rozwijamy nowoczesne aplikacje mobilne na systemy iOS i Android oraz aplikacje webowe, kt\u00f3re dzia\u0142aj\u0105 na wszystkich najpopularniejszych przegl\u0105darkach internetowych. To wysokiej klasy, responsywne i skalowalne rozwi\u0105zania, kt\u00f3re zapewniaj\u0105 u\u017cytkownikom wygod\u0119, niezale\u017cnie od urz\u0105dzenia, z kt\u00f3rego korzystaj\u0105<\/p>\n<p>        Zaprojektujemy i zaimplementujemy wszystko od podstaw lub zmodernizujemy Twoje istniej\u0105ce rozwi\u0105zania. Stworzymy dla Ciebie stron\u0119 lub aplikacj\u0119, kt\u00f3ra b\u0119dzie intuicyjna oraz zachwyci Ciebie i Twoich odbiorc\u00f3w \u015bwie\u017cym, wpadaj\u0105cym w oko designem.\n    <\/p>\n<p>\n    <img decoding=\"async\" src=\"\/wp-content\/uploads\/2023\/08\/programming-1.png\" class=\"text-image space-sm-top--1\" alt=\"Programowanie\" title=\"Programowanie\" \/><br \/>\n    <\/p>\n<h4 class=\"space-sm-top--1\">Utrzymanie i rozw\u00f3j<\/h4>\n<p>\n        Oferujemy pe\u0142ne wsparcie w utrzymaniu, ale te\u017c w rozwoju i doskonaleniu system\u00f3w informatycznych.  Stosujemy profesjonalne podej\u015bcie, terminowe wsparcie i ci\u0105g\u0142e doskonalenie, aby Tw\u00f3j system by\u0142 stabilny i gotowy na przysz\u0142e wyzwania i zmiany.<\/p>\n<p>        Dostarczamy us\u0142ugi zwi\u0105zane z bezpiecze\u0144stwem danych takie jak szyfrowanie, wielopoziomowe uwierzytelnienie czy systemy detekcji intruz\u00f3w. Zapewniamy monitoring, aktualizacje, optymalizacj\u0119, raportowanie oraz diagnostyk\u0119 i napraw\u0119 usterek.<\/p>\n<p>        Rozbudujemy i dostosujemy Twoje rozwi\u0105zania do zmieniaj\u0105cych si\u0119 potrzeb rynku i do potrzeb Twojej firmy. Zadbamy o ich wysok\u0105 wydajno\u015b\u0107, bezpiecze\u0144stwo i skalowalno\u015b\u0107.<\/p>\n<p>        W ko\u0144cu mo\u017cesz skoncentrowa\u0107 si\u0119 na swoim biznesie, bo masz pewno\u015b\u0107, \u017ce Tw\u00f3j system jest w dobrych r\u0119kach.\n    <\/p>\n<\/div>\n<div>\n<h4>Low-code \/ No-code<\/h4>\n<p>\n        Low code\/ No code to gotowe rozwi\u0105zania, kt\u00f3re pozwalaj\u0105 na szybkie i \u0142atwe budowanie aplikacji i stron internetowych, bez konieczno\u015bci pisania kodu lub z minimalnym jego u\u017cyciem. Dzi\u0119ki takim rozwi\u0105zaniom, osoby bez g\u0142\u0119bokiej znajomo\u015bci programowania mog\u0105 tworzy\u0107 w\u0142asne projekty, wykorzystuj\u0105c interfejsy graficzne, gotowe szablony, modu\u0142y i wtyczki. To oznacza, \u017ce zbudowa\u0107 lub zarz\u0105dza\u0107 nimi mo\u017ce ka\u017cdy, niekoniecznie programista. Us\u0142ugi te s\u0105 coraz bardziej popularne, poniewa\u017c pozwalaj\u0105 oszcz\u0119dzi\u0107 czas i pieni\u0105dze, zwi\u0119kszy\u0107 produktywno\u015b\u0107, elastyczno\u015b\u0107 i zdolno\u015b\u0107 do adaptacji. Przyspieszaj\u0105 rozw\u00f3j firmy, a tak\u017ce pozwalaj\u0105 \u0142atwo dostosowa\u0107 rozwi\u0105zania do indywidualnych potrzeb i wymaga\u0144.<\/p>\n<p>        Zbudujemy dla Ciebie gotowe, dostosowane do unikalnych potrzeb Twojej firmy, rozwi\u0105zanie, kt\u00f3re umo\u017cliwi Twoim pracownikom szybko i \u0142atwo stworzy\u0107 samodzielnie aplikacj\u0119 lub stron\u0119 internetow\u0105. \u200bNiezale\u017cnie od skomplikowania Twojego projektu, zapewnimy Ci \u0142atw\u0105, intuicyjn\u0105 i efektywn\u0105 metod\u0119 zarz\u0105dzania architektur\u0105 oraz zawarto\u015bci\u0105 aplikacji lub strony. Nasze rozwi\u0105zania zminimalizuj\u0105 ryzyko b\u0142\u0119d\u00f3w, pomog\u0105 zaoszcz\u0119dzi\u0107 Ci czas i zasoby oraz dadz\u0105 Ci pe\u0142n\u0105 kontrol\u0119 nad Twoim biznesem.<\/p>\n<p>        Wesprzemy Ci\u0119 w procesie integracji rozwi\u0105zania Low code\/ No code z istniej\u0105cymi systemami, bazami danych, platformami i aplikacjami w Twojej firmie. Zapewnimy sp\u00f3jno\u015b\u0107 danych i p\u0142ynn\u0105 wsp\u00f3\u0142prac\u0119 mi\u0119dzy r\u00f3\u017cnymi komponentami. Aby umo\u017cliwi\u0107 Twoim pracownikom skuteczne korzystanie z narz\u0119dzi Low code\/ No code, zapewniamy wsparcie techniczne i przeszkolenie, kt\u00f3re pozwoli w pe\u0142ni wykorzysta\u0107 potencja\u0142 dostarczonych przez nas narz\u0119dzi. Jeste\u015bmy do Twojej dyspozycji, aby odpowiedzie\u0107 na wszelkie pytania i zapewni\u0107 Ci wsparcie techniczne na ka\u017cdym etapie naszej wsp\u00f3\u0142pracy.<\/p>\n<p>        Przyspieszysz tempo wdra\u017cania projekt\u00f3w, zminimalizuj ryzyko i koszty z rozwi\u0105zaniami Low code\/ No code. Skontaktuj si\u0119 z nami i dowiedz si\u0119 wi\u0119cej o naszych rozwi\u0105zaniach.\n    <\/p>\n<\/div>\n                    <\/div>\n                <\/div>\n            <\/div>\n                    \n            \n            <\/div>\n<\/section>\n\n\n<section id=\"\" class=\" text-content js-change-color space-sm-top--0 space-sm-bottom--0 space-md-top--0 space-md-bottom--0 text-content--background\" style=\"--background: #ffffff\" data-color=\"#ffffff\"  data-fill=\"#141414\">\n    <div class=\"container container--space\">\n        <div class=\"row\">\n            <div class=\"col-12 title\">\n                \t                <h2 class=\"title__text\" style=\"--color: #141414;\">Technologie<\/h2>\n                            <\/div>\n        <\/div>\n            \n                    <div class=\"row\">\n                <div class=\"col-12 content\">\n                    <div class=\"content__text content__text--column content__text--column-1  text-left row\" style=\"--color: #141414;\">\n                        <div class=\"skills__group\">\n<div class=\"group\">\n<h5>J\u0119zyki:<\/h5>\n<\/p><\/div>\n<div class=\"skills\">\n<div>\n<p>Java<\/p>\n<\/div>\n<div>\n<p>Kotlin<\/p>\n<\/div>\n<div>\n<p>C#<\/p>\n<\/div>\n<div>\n<p>C \/ C++<\/p>\n<\/div>\n<div>\n<p>JavaScript \/ TypeScript<\/p>\n<\/div>\n<div>\n<p>Python<\/p>\n<\/div>\n<div>\n<p>Objective-C<\/p>\n<\/div>\n<div>\n<p>PHP<\/p>\n<\/div>\n<div>\n<p>Dart<\/p>\n<\/div>\n<div>\n<p>HTML \/ CSS<\/p>\n<\/div>\n<div>\n<p>Matlab<\/p>\n<\/div><\/div>\n<\/div>\n<div class=\"skills__group\">\n<div class=\"group\">\n<h5>Bazy danych:<\/h5>\n<\/p><\/div>\n<div class=\"skills\">\n<div>\n<p>MS SQL<\/p>\n<\/div>\n<div>\n<p>Oracle<\/p>\n<\/div>\n<div>\n<p>MySQLr<\/p>\n<\/div>\n<div>\n<p>MongoDB<\/p>\n<\/div><\/div>\n<\/div>\n<div class=\"skills__group\">\n<div class=\"group\">\n<h5>Frameworki:<\/h5>\n<\/p><\/div>\n<div class=\"skills\">\n<div>\n<p>Spring<\/p>\n<\/div>\n<div>\n<p>.NET<\/p>\n<\/div>\n<div>\n<p>Angular<\/p>\n<\/div>\n<div>\n<p>React<\/p>\n<\/div>\n<div>\n<p>Vue<\/p>\n<\/div>\n<div>\n<p>Express \/ NestJS<\/p>\n<\/div>\n<div>\n<p>Flutter<\/p>\n<\/div>\n<div>\n<p>Laravel<\/p>\n<\/div><\/div>\n<\/div>\n<div class=\"skills__group\">\n<div class=\"group\">\n<h5>CI \/ CD:<\/h5>\n<\/p><\/div>\n<div class=\"skills\">\n<div>\n<p>Docker<\/p>\n<\/div>\n<div>\n<p>Kubernetes<\/p>\n<\/div>\n<div>\n<p>Jenkins<\/p>\n<\/div>\n<div>\n<p>MS Azure<\/p>\n<\/div>\n<div>\n<p>Amazon AWS<\/p>\n<\/div>\n<div>\n<p>Google Cloud Platform<\/p>\n<\/div><\/div>\n<\/div>\n<div class=\"skills__group\">\n<div class=\"group\">\n<h5>Platformy:<\/h5>\n<\/p><\/div>\n<div class=\"skills\">\n<div>\n<p>MS Power Platform<\/p>\n<\/div>\n<div>\n<p>Magento<\/p>\n<\/div>\n<div>\n<p>WordPress<\/p>\n<\/div><\/div>\n<\/div>\n                    <\/div>\n                <\/div>\n            <\/div>\n                    \n            \n            <\/div>\n<\/section>","protected":false},"excerpt":{"rendered":"","protected":false},"author":3,"featured_media":0,"parent":0,"menu_order":0,"comment_status":"closed","ping_status":"closed","template":"","meta":{"inline_featured_image":false},"acf":[],"_links":{"self":[{"href":"https:\/\/www.astrokyon.com\/pl\/wp-json\/wp\/v2\/pages\/5701"}],"collection":[{"href":"https:\/\/www.astrokyon.com\/pl\/wp-json\/wp\/v2\/pages"}],"about":[{"href":"https:\/\/www.astrokyon.com\/pl\/wp-json\/wp\/v2\/types\/page"}],"author":[{"embeddable":true,"href":"https:\/\/www.astrokyon.com\/pl\/wp-json\/wp\/v2\/users\/3"}],"replies":[{"embeddable":true,"href":"https:\/\/www.astrokyon.com\/pl\/wp-json\/wp\/v2\/comments?post=5701"}],"version-history":[{"count":92,"href":"https:\/\/www.astrokyon.com\/pl\/wp-json\/wp\/v2\/pages\/5701\/revisions"}],"predecessor-version":[{"id":6524,"href":"https:\/\/www.astrokyon.com\/pl\/wp-json\/wp\/v2\/pages\/5701\/revisions\/6524"}],"wp:attachment":[{"href":"https:\/\/www.astrokyon.com\/pl\/wp-json\/wp\/v2\/media?parent=5701"}],"curies":[{"name":"wp","href":"https:\/\/api.w.org\/{rel}","templated":true}]}}