{"id":9094,"date":"2023-08-14T16:12:35","date_gmt":"2023-08-14T14:12:35","guid":{"rendered":"https:\/\/www.astrokyon.com\/softwarehaus-programmierung\/"},"modified":"2024-06-04T11:44:08","modified_gmt":"2024-06-04T09:44:08","slug":"softwarehaus-programmierung","status":"publish","type":"page","link":"https:\/\/www.astrokyon.com\/de\/softwarehaus-programmierung\/","title":{"rendered":"Softwarehaus &#8211; Programmierung"},"content":{"rendered":"\n<section id=\"\" class=\"js-parallax js-change-color position-relative banner d-flex align-items-end  text-start  \" style=\"--background: #073452; --background-size: cover; --background-position-x: center; background-image: url('https:\/\/www.astrokyon.com\/wp-content\/uploads\/2023\/08\/programming.png');\" data-color=\"#073452\"  data-fill=\"#ffffff\">\n    <div class=\"container container--space position-relative\">\n        <div class=\"row\">\n            <div class=\"col-12 banner__wrapp\">\n                                    <h1 class=\"banner__title\" style=\"--color: #ffffff;\">\n                        Softwarehaus                    <\/h1>\n                                            <\/div>\n        <\/div>\n    <\/div>\n<\/section>\n<section id=\"\" class=\" text-content js-change-color space-sm-top--0 space-sm-bottom--0 space-md-top--0 space-md-bottom--0 text-content--background\" style=\"--background: #ffffff\" data-color=\"#ffffff\"  data-fill=\"#141414\">\n    <div class=\"container container--space\">\n        <div class=\"row\">\n            <div class=\"col-12 title\">\n                \t                <h2 class=\"title__text\" style=\"--color: #141414;\">Programmierung<\/h2>\n                            <\/div>\n        <\/div>\n            \n                    <div class=\"row\">\n                <div class=\"col-12 content\">\n                    <div class=\"content__text content__text--column content__text--column-2  text-left row\" style=\"--color: #141414;\">\n                        <div>\n<h3 class=\"quote\">\n        Wir sind auf die Bereitstellung umfassender Programmierdienstleistungen h\u00f6chster Qualit\u00e4t spezialisiert. Wir haben Erfahrung, Leidenschaft und einen einzigartigen Ansatz f\u00fcr innovative L\u00f6sungen.<br \/>\n    <\/h3>\n<\/div>\n<div>\n<p>\n        Ben\u00f6tigen Sie eine Anwendung, ein Managementsystem oder eine Software, die mit Ihrer bestehenden L\u00f6sung kompatibel ist? Wir sind bereit, jede Herausforderung zu meistern, die vor uns liegt.<\/p>\n<p>        Durch die Zusammenarbeit mit uns sind Sie in jeder Phase am Prozess beteiligt. Dieser Ansatz gew\u00e4hrleistet ein tieferes Verst\u00e4ndnis des Kontexts, kreative Ideengenerierung und gemeinsame Entscheidungsfindung. Dadurch schaffen wir innovative, auf die Nutzerbed\u00fcrfnisse zugeschnittene L\u00f6sungen, die Ihren Kunden einen Mehrwert bieten und Ihnen einen Vorteil gegen\u00fcber der Konkurrenz verschaffen.\n    <\/p>\n<\/div>\n                    <\/div>\n                <\/div>\n            <\/div>\n                    \n            \n            <\/div>\n<\/section>\n<section id=\"\" class=\" text-content js-change-color space-sm-top--0 space-sm-bottom--0 space-md-top--0 space-md-bottom--0 text-content--background\" style=\"--background: #ffffff\" data-color=\"#ffffff\"  data-fill=\"#141414\">\n    <div class=\"container container--space\">\n        <div class=\"row\">\n            <div class=\"col-12 title\">\n                            <\/div>\n        <\/div>\n            \n                    <div class=\"row\">\n                <div class=\"col-12 content\">\n                    <div class=\"content__text content__text--column content__text--column-3  text-left row\" style=\"--color: #141414;\">\n                        <div>\n<h4>Architektur<\/h4>\n<p>\n        Wir setzen Ihr Projekt um, um Ihnen die bestm\u00f6gliche, skalierbare, effiziente, sichere und zuverl\u00e4ssige L\u00f6sung zu bieten. Wir werden die neuesten technologischen Trends und besten Branchenpraktiken nutzen. Unabh\u00e4ngig vom Umfang des Projekts und der Branche helfen wir Ihnen, eine solide und zukunftssichere L\u00f6sung zu schaffen, die Ihre Erwartungen erf\u00fcllt und zum Gesch\u00e4ftserfolg beitr\u00e4gt.\n    <\/p>\n<h4 class=\"space-sm-top--1\">Dokumentation<\/h4>\n<p>\n        Wir wissen, wie wichtig es ist, Prozesse und Systemfunktionen ordnungsgem\u00e4\u00df zu dokumentieren. Eine korrekte Dokumentation hilft dabei, sie besser zu verstehen, aber auch bei der Entwicklung und ordnungsgem\u00e4\u00dfen Pflege des Ganzen.<\/p>\n<p>        Dabei spielt es keine Rolle, ob Sie eine Dokumentation f\u00fcr ein neues IT-Projekt oder ein bestehendes System ben\u00f6tigen. F\u00fcr uns ist jede Herausforderung gleich spannend! Wir sorgen f\u00fcr die Erstellung einer transparenten, pr\u00e4zisen und umfassenden technischen Dokumentation. Und es liegt an Ihnen, zu entscheiden, welches Format f\u00fcr Sie das richtige ist.\n    <\/p>\n<h4 class=\"space-sm-top--1\">Tests<\/h4>\n<p>\n        Es gibt keine fehlerfreie Anwendung. Es gibt nur einige, die noch nicht getestet wurden. Tests stellen sicher, dass die erstellte Software den h\u00f6chsten Qualit\u00e4tsstandards entspricht und ein hervorragendes Benutzererlebnis gew\u00e4hrleistet.<\/p>\n<p>        Um schneller ein zuverl\u00e4ssiges Produkt liefern zu k\u00f6nnen, f\u00fchren wir Tests bereits in den fr\u00fchesten Phasen der Codierung ein. Zu den Tests geh\u00f6rt das Erkennen und Beheben von Fehlern, aber auch die \u00dcberpr\u00fcfung der Korrektheit und Wirksamkeit der Bedienung.<\/p>\n<p>        Unabh\u00e4ngig von der Projektgr\u00f6\u00dfe und -komplexit\u00e4t f\u00fchren wir umfassende und strenge manuelle oder automatische Tests durch. Dazu geh\u00f6ren Funktions-, Leistungs-, Sicherheits-, Integrations- und Benutzertests. Sie geben uns die Gewissheit, dass Ihr Produkt f\u00fcr den Markterfolg bereit ist.\n    <\/p>\n<\/div>\n<div>\n<h4>Web\/Mobil<\/h4>\n<p>\n        Wir erstellen und entwickeln moderne mobile Anwendungen f\u00fcr iOS- und Android-Systeme sowie Webanwendungen, die auf allen g\u00e4ngigen Webbrowsern funktionieren. Dabei handelt es sich um hochwertige, reaktionsschnelle und skalierbare L\u00f6sungen, die den Benutzern unabh\u00e4ngig vom verwendeten Ger\u00e4t Komfort bieten<\/p>\n<p>        Wir konzipieren und implementieren alles von Grund auf oder modernisieren Ihre bestehenden L\u00f6sungen. Wir erstellen f\u00fcr Sie eine Website oder Anwendung, die intuitiv ist und Sie und Ihre Empf\u00e4nger mit einem frischen, auff\u00e4lligen Design begeistert.\n    <\/p>\n<p>\n    <img decoding=\"async\" src=\"\/wp-content\/uploads\/2023\/08\/programming-1.png\" class=\"text-image space-sm-top--1\" alt=\"Programmierung\" title=\"Programmierung\" \/><br \/>\n    <\/p>\n<h4 class=\"space-sm-top--1\">Wartung und Entwicklung<\/h4>\n<p>\n        Wir bieten umfassende Unterst\u00fctzung bei der Wartung, aber auch bei der Entwicklung und Verbesserung von IT-Systemen. Mit einem professionellen Ansatz, zeitnahem Support und kontinuierlicher Verbesserung stellen wir sicher, dass Ihr System stabil und f\u00fcr zuk\u00fcnftige Herausforderungen und Ver\u00e4nderungen ger\u00fcstet ist.<\/p>\n<p>        Wir bieten Datensicherheitsdienste wie Verschl\u00fcsselung, mehrstufige Authentifizierung und Systeme zur Erkennung von Eindringlingen. Wir bieten \u00dcberwachung, Aktualisierungen, Optimierung, Berichterstattung, Diagnose und Fehlerbehebung.<\/p>\n<p>        Wir erweitern und passen Ihre L\u00f6sungen an die sich \u00e4ndernden Marktbed\u00fcrfnisse und die Bed\u00fcrfnisse Ihres Unternehmens an. Wir sorgen f\u00fcr ihre hohe Effizienz, Sicherheit und Skalierbarkeit.<\/p>\n<p>        Sie k\u00f6nnen sich endlich auf Ihr Gesch\u00e4ft konzentrieren, weil Sie sicher sein k\u00f6nnen, dass Ihr System in guten H\u00e4nden ist.\n    <\/p>\n<\/div>\n<div>\n<h4>Low-Code \/ No-Code<\/h4>\n<p>\n        Low Code\/No Code sind vorgefertigte L\u00f6sungen, mit denen Sie schnell und einfach Anwendungen und Websites erstellen k\u00f6nnen, ohne Code schreiben zu m\u00fcssen oder diesen nur minimal zu nutzen. Dank solcher L\u00f6sungen k\u00f6nnen auch Personen ohne tiefe Programmierkenntnisse ihre eigenen Projekte mithilfe grafischer Oberfl\u00e4chen, vorgefertigter Vorlagen, Module und Plug-Ins erstellen. Das bedeutet, dass jeder, der nicht unbedingt ein Programmierer ist, sie erstellen oder verwalten kann. Diese Dienste erfreuen sich immer gr\u00f6\u00dferer Beliebtheit, da sie Zeit und Geld sparen, die Produktivit\u00e4t, Flexibilit\u00e4t und Anpassungsf\u00e4higkeit steigern. Sie beschleunigen die Entwicklung des Unternehmens und erm\u00f6glichen eine einfache Anpassung von L\u00f6sungen an individuelle Bed\u00fcrfnisse und Anforderungen.<\/p>\n<p>        Wir erstellen f\u00fcr Sie eine fertige L\u00f6sung, die auf die individuellen Bed\u00fcrfnisse Ihres Unternehmens zugeschnitten ist und es Ihren Mitarbeitern erm\u00f6glicht, schnell und einfach selbst eine Anwendung oder Website zu erstellen. Unabh\u00e4ngig von der Komplexit\u00e4t Ihres Projekts bieten wir Ihnen eine einfache, intuitive und effektive Methode zur Verwaltung der Architektur und des Inhalts Ihrer Anwendung oder Website. Unsere L\u00f6sungen minimieren das Fehlerrisiko, helfen Ihnen, Zeit und Ressourcen zu sparen und geben Ihnen die volle Kontrolle \u00fcber Ihr Unternehmen.<\/p>\n<p>        Wir unterst\u00fctzen Sie bei der Integration der Low-Code-L\u00f6sung\/Kein Code mit bestehenden Systemen, Datenbanken, Plattformen und Anwendungen in Ihrem Unternehmen. Wir sorgen f\u00fcr Datenkonsistenz und eine reibungslose Zusammenarbeit verschiedener Komponenten. Damit Ihre Mitarbeiter Low-Code\/No-Code-Tools effektiv nutzen k\u00f6nnen, bieten wir technischen Support und Schulungen an, damit Sie das Potenzial der von uns bereitgestellten Tools voll aussch\u00f6pfen k\u00f6nnen. Wir stehen Ihnen f\u00fcr Fragen und technische Unterst\u00fctzung in jeder Phase unserer Zusammenarbeit zur Verf\u00fcgung.<\/p>\n<p>        Mit Low-Code\/No-Code-L\u00f6sungen beschleunigen Sie das Tempo der Projektumsetzung und minimieren Risiken und Kosten. Kontaktieren Sie uns und erfahren Sie mehr \u00fcber unsere L\u00f6sungen.\n    <\/p>\n<\/div>\n                    <\/div>\n                <\/div>\n            <\/div>\n                    \n            \n            <\/div>\n<\/section>\n<section id=\"\" class=\" text-content js-change-color space-sm-top--0 space-sm-bottom--0 space-md-top--0 space-md-bottom--0 text-content--background\" style=\"--background: #ffffff\" data-color=\"#ffffff\"  data-fill=\"#141414\">\n    <div class=\"container container--space\">\n        <div class=\"row\">\n            <div class=\"col-12 title\">\n                \t                <h2 class=\"title__text\" style=\"--color: #141414;\">Technologien<\/h2>\n                            <\/div>\n        <\/div>\n            \n                    <div class=\"row\">\n                <div class=\"col-12 content\">\n                    <div class=\"content__text content__text--column content__text--column-1  text-left row\" style=\"--color: #141414;\">\n                        <div class=\"skills__group\">\n<div class=\"group\">\n<h5>Sprachen:<\/h5>\n<\/p><\/div>\n<div class=\"skills\">\n<div>\n<p>Java<\/p>\n<\/div>\n<div>\n<p>Kotlin<\/p>\n<\/div>\n<div>\n<p>C#<\/p>\n<\/div>\n<div>\n<p>C \/ C++<\/p>\n<\/div>\n<div>\n<p>JavaScript \/ TypeScript<\/p>\n<\/div>\n<div>\n<p>Python<\/p>\n<\/div>\n<div>\n<p>Objective-C<\/p>\n<\/div>\n<div>\n<p>PHP<\/p>\n<\/div>\n<div>\n<p>Dart<\/p>\n<\/div>\n<div>\n<p>HTML \/ CSS<\/p>\n<\/div>\n<div>\n<p>Matlab<\/p>\n<\/div><\/div>\n<\/div>\n<div class=\"skills__group\">\n<div class=\"group\">\n<h5>Datenbanken:<\/h5>\n<\/p><\/div>\n<div class=\"skills\">\n<div>\n<p>MS SQL<\/p>\n<\/div>\n<div>\n<p>Oracle<\/p>\n<\/div>\n<div>\n<p>MySQLr<\/p>\n<\/div>\n<div>\n<p>MongoDB<\/p>\n<\/div><\/div>\n<\/div>\n<div class=\"skills__group\">\n<div class=\"group\">\n<h5>Frameworks:<\/h5>\n<\/p><\/div>\n<div class=\"skills\">\n<div>\n<p>Spring<\/p>\n<\/div>\n<div>\n<p>.NET<\/p>\n<\/div>\n<div>\n<p>Angular<\/p>\n<\/div>\n<div>\n<p>React<\/p>\n<\/div>\n<div>\n<p>Vue<\/p>\n<\/div>\n<div>\n<p>Express \/ NestJS<\/p>\n<\/div>\n<div>\n<p>Flutter<\/p>\n<\/div>\n<div>\n<p>Laravel<\/p>\n<\/div><\/div>\n<\/div>\n<div class=\"skills__group\">\n<div class=\"group\">\n<h5>CI \/ CD:<\/h5>\n<\/p><\/div>\n<div class=\"skills\">\n<div>\n<p>Docker<\/p>\n<\/div>\n<div>\n<p>Kubernetes<\/p>\n<\/div>\n<div>\n<p>Jenkins<\/p>\n<\/div>\n<div>\n<p>MS Azure<\/p>\n<\/div>\n<div>\n<p>Amazon AWS<\/p>\n<\/div>\n<div>\n<p>Google Cloud Platform<\/p>\n<\/div><\/div>\n<\/div>\n<div class=\"skills__group\">\n<div class=\"group\">\n<h5>Plattformen:<\/h5>\n<\/p><\/div>\n<div class=\"skills\">\n<div>\n<p>MS Power Platform<\/p>\n<\/div>\n<div>\n<p>Magento<\/p>\n<\/div>\n<div>\n<p>WordPress<\/p>\n<\/div><\/div>\n<\/div>\n                    <\/div>\n                <\/div>\n            <\/div>\n                    \n            \n            <\/div>\n<\/section>","protected":false},"excerpt":{"rendered":"","protected":false},"author":3,"featured_media":0,"parent":0,"menu_order":0,"comment_status":"closed","ping_status":"closed","template":"","meta":{"inline_featured_image":false},"acf":[],"_links":{"self":[{"href":"https:\/\/www.astrokyon.com\/de\/wp-json\/wp\/v2\/pages\/9094"}],"collection":[{"href":"https:\/\/www.astrokyon.com\/de\/wp-json\/wp\/v2\/pages"}],"about":[{"href":"https:\/\/www.astrokyon.com\/de\/wp-json\/wp\/v2\/types\/page"}],"author":[{"embeddable":true,"href":"https:\/\/www.astrokyon.com\/de\/wp-json\/wp\/v2\/users\/3"}],"replies":[{"embeddable":true,"href":"https:\/\/www.astrokyon.com\/de\/wp-json\/wp\/v2\/comments?post=9094"}],"version-history":[{"count":1,"href":"https:\/\/www.astrokyon.com\/de\/wp-json\/wp\/v2\/pages\/9094\/revisions"}],"predecessor-version":[{"id":9095,"href":"https:\/\/www.astrokyon.com\/de\/wp-json\/wp\/v2\/pages\/9094\/revisions\/9095"}],"wp:attachment":[{"href":"https:\/\/www.astrokyon.com\/de\/wp-json\/wp\/v2\/media?parent=9094"}],"curies":[{"name":"wp","href":"https:\/\/api.w.org\/{rel}","templated":true}]}}