{"id":9092,"date":"2023-08-20T13:19:22","date_gmt":"2023-08-20T11:19:22","guid":{"rendered":"https:\/\/www.astrokyon.com\/softwarehaus-produktdesign\/"},"modified":"2024-06-04T11:38:28","modified_gmt":"2024-06-04T09:38:28","slug":"softwarehaus-produktdesign","status":"publish","type":"page","link":"https:\/\/www.astrokyon.com\/de\/softwarehaus-produktdesign\/","title":{"rendered":"Softwarehaus &#8211; Produktdesign"},"content":{"rendered":"\n<section id=\"\" class=\"js-parallax js-change-color position-relative banner d-flex align-items-end  text-start  \" style=\"--background: #0f1e43; --background-size: cover; --background-position-x: center; background-image: url('https:\/\/www.astrokyon.com\/wp-content\/uploads\/2023\/08\/sh-product-design.png');\" data-color=\"#0f1e43\"  data-fill=\"#ffffff\">\n    <div class=\"container container--space position-relative\">\n        <div class=\"row\">\n            <div class=\"col-12 banner__wrapp\">\n                                    <h1 class=\"banner__title\" style=\"--color: #ffffff;\">\n                        Softwarehaus                    <\/h1>\n                                            <\/div>\n        <\/div>\n    <\/div>\n<\/section>\n<section id=\"\" class=\" text-content js-change-color space-sm-top--0 space-sm-bottom--0 space-md-top--1 space-md-bottom--0 text-content--background\" style=\"--background: #ffffff\" data-color=\"#ffffff\"  data-fill=\"#141414\">\n    <div class=\"container container--space\">\n        <div class=\"row\">\n            <div class=\"col-12 title\">\n                \t                <h2 class=\"title__text\" style=\"--color: #141414;\">Produktdesign<\/h2>\n                            <\/div>\n        <\/div>\n            \n                    <div class=\"row\">\n                <div class=\"col-12 content\">\n                    <div class=\"content__text content__text--column content__text--column-2  text-left row\" style=\"--color: #141414;\">\n                        <div>\n<h3 class=\"quote\">\n        Wir sorgen daf\u00fcr, dass das Potenzial Ihrer Idee voll ausgesch\u00f6pft wird. Basierend auf Ihrer Vision kreieren wir ein innovatives Produkt und entwickeln eine Strategie, die es am Markt erfolgreich macht.<br \/>\n    <\/h3>\n<\/div>\n<div>\n<p>\n        Bei der Entwicklung neuer L\u00f6sungen nutzen wir unsere Branchenerfahrung und den User Experience &#038; Product Design-Ansatz. Wir ber\u00fccksichtigen Ihre Gesch\u00e4ftsziele, Pr\u00e4ferenzen hinsichtlich Technologie, Budget und Implementierungszeit.<\/p>\n<p>        Wir verbinden Kreativit\u00e4t mit Strategie, um Ihnen ein Produkt zu liefern, das durch sein Design begeistert, die Bed\u00fcrfnisse Ihrer Kunden erf\u00fcllt und Ihnen die bestm\u00f6glichen Gesch\u00e4ftsergebnisse bringt.\n    <\/p>\n<\/div>\n                    <\/div>\n                <\/div>\n            <\/div>\n                    \n            \n            <\/div>\n<\/section>\n<p><\/p>\n\n<section id=\"\" class=\" text-content js-change-color space-sm-top--0 space-sm-bottom--0 space-md-top--0 space-md-bottom--0 text-content--background\" style=\"--background: #ffffff\" data-color=\"#ffffff\"  data-fill=\"#141414\">\n    <div class=\"container container--space\">\n        <div class=\"row\">\n            <div class=\"col-12 title\">\n                            <\/div>\n        <\/div>\n            \n                    <div class=\"row\">\n                <div class=\"col-12 content\">\n                    <div class=\"content__text content__text--column content__text--column-3  text-left row\" style=\"--color: #141414;\">\n                        <div>\n<h4>UX \/ UI<\/h4>\n<p>\n        Das Interface ist das Markenzeichen Ihres Produkts. Es ist entscheidend f\u00fcr die Gewinnung und Aufrechterhaltung der Loyalit\u00e4t Ihrer Kunden, daher sollte es sofort Aufmerksamkeit erregen und intuitiv, optisch ansprechend und funktional sein.<\/p>\n<p>        Wir entwickeln das visuelle Design Ihres Produkts auf Basis sorgf\u00e4ltig ausgew\u00e4hlter Nutzerforschung, Analyse bestehender Daten, Wettbewerb und Benchmarks. Dank der in dieser Phase erworbenen Kenntnisse k\u00f6nnen wir die Empf\u00e4nger Ihres Produkts und deren Vorlieben besser verstehen.<\/p>\n<p>        Wir werden herausfinden, wie sie sich verhalten und was sie motiviert, was sie einschr\u00e4nkt und welche Bed\u00fcrfnisse sie haben. Wir erstellen Schnittstellenprototypen, an denen wir Usability-Tests durchf\u00fchren. Auf dieser Grundlage entwerfen wir, was Ziel- und potenzielle Empf\u00e4nger in Ihrer Bewerbung suchen, sowie ein intuitives und benutzerfreundliches UI-Design.\n    <\/p>\n<p>\n    <img decoding=\"async\" src=\"\/wp-content\/uploads\/2023\/08\/ui.png\" class=\"text-image space-sm-top--1\" alt=\"UI \u2013 Benutzeroberfl\u00e4chendesign\" title=\"UI \u2013 Benutzer Interface-Design\u201c \/><br \/>\n    <\/p>\n<h4 class=\"space-sm-top--1\">Usability-Forschung und -Tests<\/h4>\n<p>\n        Wir nutzen eine Vielzahl von Recherchetechniken, die wir individuell an die Bed\u00fcrfnisse Ihres Projekts anpassen. Wir analysieren vorhandene Daten, Wettbewerb und Benchmarks. Wir f\u00fchren Interviews und Beobachtungen mit Nutzern durch und f\u00fchren Usability-Tests an Prototypen durch. Dadurch k\u00f6nnen wir genau das gestalten, was die zuk\u00fcnftigen Empf\u00e4nger Ihres Produkts suchen, damit Sie Ihre Gesch\u00e4ftsziele und Ihren Erfolg am Markt erreichen.\n    <\/p>\n<\/div>\n<div>\n<h4>Machbarkeitsstudie<\/h4>\n<p>\n        Dies ist eine Phase, die in keinem Projekt fehlen sollte, da sie es erm\u00f6glicht, das Potenzial des geplanten Projekts zu ermitteln, bevor die Entscheidung zur Durchf\u00fchrung getroffen wird. Es sch\u00fctzt vor falschen Gesch\u00e4ftsentscheidungen, die eine ernsthafte Investitionsgefahr sowohl f\u00fcr das Projekt als auch f\u00fcr das Unternehmen darstellen k\u00f6nnen. Dadurch erh\u00f6hen Sie auch die Erfolgschancen der Ideen und Konzepte, die Sie verfolgen m\u00f6chten.<\/p>\n<p>        Wir geben Ihnen Empfehlungen und wertvolle Informationen, die Ihnen bei der Entscheidung \u00fcber Art und Umfang der Umsetzung Ihres Projekts helfen. Wir analysieren und bewerten Ihre Idee hinsichtlich der technischen, wirtschaftlichen und betrieblichen Machbarkeit. Wir pr\u00fcfen, ob es realistisch und profitabel ist, zeigen m\u00f6gliche Herausforderungen und Risiken auf und pr\u00fcfen gr\u00fcndlich technologische, marktbezogene und gesch\u00e4ftliche Aspekte. Wir entwickeln einen Aktionsplan, legen die notwendigen Schritte fest und sch\u00e4tzen den Zeit- und Ressourcenaufwand f\u00fcr deren Umsetzung ab. Dar\u00fcber hinaus ermitteln wir, welche gesch\u00e4ftlichen, technischen und wirtschaftlichen Vorteile Ihr Projekt mit sich bringt.\n    <\/p>\n<h4 class=\"space-sm-top--1\">Prototyping<\/h4>\n<p>\n        Wir \u00fcberf\u00fchren L\u00f6sungskonzepte in interaktive Modelle, die reale Produktinteraktionen und -funktionen widerspiegeln. Genau das ist ein Prototyp, der fr\u00fche Tests, Evaluierungen und iterative Verbesserungen erm\u00f6glicht. Dadurch k\u00f6nnen wir, bevor wir zu weiteren Arbeitsschritten \u00fcbergehen, gemeinsam mit Ihnen und den Anwendern beurteilen, welche Elemente wirksam sind und welche einer Verbesserung bed\u00fcrfen. Dies ist der perfekte Moment, um verschiedene Ideen auszuprobieren, f\u00fcr die wir im Rahmen des Usability-Tests kontinuierlich Feedback einholen. Als Ergebnis pr\u00e4sentieren wir Ihnen einen L\u00f6sungsvorschlag und eine Produktstrategie inklusive MVP (Minimum Viable Product).\n    <\/p>\n<\/div>\n<div>\n    <img decoding=\"async\" src=\"\/wp-content\/uploads\/2023\/08\/ux.png\" class=\"text-image\" alt=\"UX - User Experience Design\" title=\"UX - User Experience Design\" \/><\/p>\n<h4 class=\"space-sm-top--1\">Modellierung<\/h4>\n<p>\n        Die Modellierung erm\u00f6glicht es uns, den Prozess gr\u00fcndlich zu untersuchen und zu verstehen, Verbesserungsm\u00f6glichkeiten zu identifizieren und mit verschiedenen Szenarien und Strategien zu experimentieren.<\/p>\n<p>        Bei der Modellierung erstellen wir eine grafische Darstellung von Prozessen, h\u00e4ufig in Form von Workflow-Diagrammen, die nachfolgende Schritte, Phasen, Entscheidungen, Wechselwirkungen und Abh\u00e4ngigkeiten zwischen ihnen darstellen.<\/p>\n<p>        Durch die Modellierung k\u00f6nnen wir den gesamten Prozess- und Arbeitsablauf visualisieren, wichtige Einflussfaktoren identifizieren und potenzielle Problembereiche oder Bereiche mit Optimierungsbedarf erkennen. Wir k\u00f6nnen den Ablauf von Prozessen in verschiedenen Szenarien simulieren und so deren Leistung und Auswirkungen auf den Benutzer beurteilen. Dies wiederum er\u00f6ffnet uns die M\u00f6glichkeit, zu experimentieren und Entscheidungen auf der Grundlage solider Daten und Analysen zu treffen.<\/p>\n<p>        Dank der Modellierung k\u00f6nnen wir Aktivit\u00e4ten an sich \u00e4ndernde Bedingungen anpassen und f\u00fcr Sie effektivere Produktstrategien erstellen, die Ihnen helfen, bessere Ergebnisse zu erzielen.\n    <\/p>\n<\/div>\n                    <\/div>\n                <\/div>\n            <\/div>\n                    \n            \n            <\/div>\n<\/section>\n<section id=\"\" class=\" text-content js-change-color space-sm-top--0 space-sm-bottom--0 space-md-top--0 space-md-bottom--0 text-content--background\" style=\"--background: #ffffff\" data-color=\"#ffffff\"  data-fill=\"#141414\">\n    <div class=\"container container--space\">\n        <div class=\"row\">\n            <div class=\"col-12 title\">\n                            <\/div>\n        <\/div>\n            \n                    <div class=\"row\">\n                <div class=\"col-12 content\">\n                    <div class=\"content__text content__text--column content__text--column-1  text-left row\" style=\"--color: #141414;\">\n                        <div class=\"skills__group\">\n<div class=\"group\">\n<h5>Techniken und Werkzeuge:<\/h5>\n<\/p><\/div>\n<div class=\"skills\">\n<div>\n<p>Event Storming<\/p>\n<\/div>\n<div>\n<p>Personas<\/p>\n<\/div>\n<div>\n<p>Usability-Tests<\/p>\n<\/div>\n<div>\n<p>A\/B-Tests<\/p>\n<\/div>\n<div>\n<p>UML<\/p>\n<\/div>\n<div>\n<p>BPMN<\/p>\n<\/div>\n<div>\n<p>UX<\/p>\n<\/div>\n<div>\n<p>UI<\/p>\n<\/div>\n<div>\n<p>Figma<\/p>\n<\/div>\n<div>\n<p>Adobe CC<\/p>\n<\/div><\/div>\n<\/div>\n                    <\/div>\n                <\/div>\n            <\/div>\n                    \n            \n            <\/div>\n<\/section>","protected":false},"excerpt":{"rendered":"","protected":false},"author":3,"featured_media":0,"parent":0,"menu_order":0,"comment_status":"closed","ping_status":"closed","template":"","meta":{"inline_featured_image":false},"acf":[],"_links":{"self":[{"href":"https:\/\/www.astrokyon.com\/de\/wp-json\/wp\/v2\/pages\/9092"}],"collection":[{"href":"https:\/\/www.astrokyon.com\/de\/wp-json\/wp\/v2\/pages"}],"about":[{"href":"https:\/\/www.astrokyon.com\/de\/wp-json\/wp\/v2\/types\/page"}],"author":[{"embeddable":true,"href":"https:\/\/www.astrokyon.com\/de\/wp-json\/wp\/v2\/users\/3"}],"replies":[{"embeddable":true,"href":"https:\/\/www.astrokyon.com\/de\/wp-json\/wp\/v2\/comments?post=9092"}],"version-history":[{"count":1,"href":"https:\/\/www.astrokyon.com\/de\/wp-json\/wp\/v2\/pages\/9092\/revisions"}],"predecessor-version":[{"id":9093,"href":"https:\/\/www.astrokyon.com\/de\/wp-json\/wp\/v2\/pages\/9092\/revisions\/9093"}],"wp:attachment":[{"href":"https:\/\/www.astrokyon.com\/de\/wp-json\/wp\/v2\/media?parent=9092"}],"curies":[{"name":"wp","href":"https:\/\/api.w.org\/{rel}","templated":true}]}}