{"id":9090,"date":"2023-08-20T13:20:28","date_gmt":"2023-08-20T11:20:28","guid":{"rendered":"https:\/\/www.astrokyon.com\/softwarehaus-managed-services\/"},"modified":"2024-06-04T11:33:00","modified_gmt":"2024-06-04T09:33:00","slug":"softwarehaus-managed-services","status":"publish","type":"page","link":"https:\/\/www.astrokyon.com\/de\/softwarehaus-managed-services\/","title":{"rendered":"Softwarehaus \u2013 Managed Services"},"content":{"rendered":"\n<section id=\"\" class=\"js-parallax js-change-color position-relative banner d-flex align-items-end  text-start  \" style=\"--background: #283865; --background-size: cover; --background-position-x: center; background-image: url('https:\/\/www.astrokyon.com\/wp-content\/uploads\/2023\/08\/sh-managed-services.png');\" data-color=\"#283865\"  data-fill=\"#ffffff\">\n    <div class=\"container container--space position-relative\">\n        <div class=\"row\">\n            <div class=\"col-12 banner__wrapp\">\n                                    <h1 class=\"banner__title\" style=\"--color: #ffffff;\">\n                        Softwarehaus                    <\/h1>\n                                            <\/div>\n        <\/div>\n    <\/div>\n<\/section>\n<section id=\"\" class=\" text-content js-change-color space-sm-top--0 space-sm-bottom--0 space-md-top--0 space-md-bottom--0 text-content--background\" style=\"--background: #ffffff\" data-color=\"#ffffff\"  data-fill=\"#141414\">\n    <div class=\"container container--space\">\n        <div class=\"row\">\n            <div class=\"col-12 title\">\n                \t                <h2 class=\"title__text\" style=\"--color: #141414;\">Managed Services<\/h2>\n                            <\/div>\n        <\/div>\n            \n                    <div class=\"row\">\n                <div class=\"col-12 content\">\n                    <div class=\"content__text content__text--column content__text--column-2  text-left row\" style=\"--color: #141414;\">\n                        <div>\n<h3 class=\"quote\">\n        Wir stellen Ihnen komplette Entwicklungsteams zur Verf\u00fcgung, die nach den besten und modernsten Methoden arbeiten. Wir analysieren auch den Bedarf und sch\u00e4tzen das Budget.<br \/>\n    <\/h3>\n<\/div>\n<div>\n<p>\n        Wir sind uns bewusst, dass Sie uns eine wichtige Aufgabe anvertrauen und hervorragende Ergebnisse erwarten. Deshalb legen wir Wert auf eine offene und ehrliche Kommunikation. Wir sorgen f\u00fcr ein pr\u00e4zises Projektmanagement, eine p\u00fcnktliche Lieferung der Ergebnisse und eine \u00dcberwachung des Fortschritts.<\/p>\n<p>        Wir sind zu 100 % engagiert und \u00fcbernehmen die volle Verantwortung f\u00fcr alle Phasen des Projekts, von der Analyse und Planung bis hin zur Implementierung und Wartung. Gemeinsam erreichen wir Ihre Gesch\u00e4ftsziele und liefern innovative L\u00f6sungen, die Ihnen und Ihren Kunden Mehrwert und Zufriedenheit bringen.\n    <\/p>\n<\/div>\n                    <\/div>\n                <\/div>\n            <\/div>\n                    \n            \n            <\/div>\n<\/section>\n<section id=\"\" class=\" text-content js-change-color space-sm-top--0 space-sm-bottom--0 space-md-top--0 space-md-bottom--0 text-content--background\" style=\"--background: #ffffff\" data-color=\"#ffffff\"  data-fill=\"#141414\">\n    <div class=\"container container--space\">\n        <div class=\"row\">\n            <div class=\"col-12 title\">\n                            <\/div>\n        <\/div>\n            \n                    <div class=\"row\">\n                <div class=\"col-12 content\">\n                    <div class=\"content__text content__text--column content__text--column-3  text-left row\" style=\"--color: #141414;\">\n                        <div>\n<h4>Umfassende Teams<\/h4>\n<p>\n        Ein neues Unternehmen erfordert manchmal die Erweiterung eines bestehenden Teams. Wir k\u00fcmmern uns um die Rekrutierung und stellen Ihnen hochkar\u00e4tige Experten, Koordinatoren und komplette Entwicklungsteams zur Verf\u00fcgung, die perfekt auf Ihre Bed\u00fcrfnisse zugeschnitten sind.<\/p>\n<p>        Unsere Experten verf\u00fcgen \u00fcber ein breites Spektrum an F\u00e4higkeiten und Erfahrungen in verschiedenen Bereichen und Technologien. Unsere Teams sind flexibel, skalierbar und bereit, sowohl an kleinen als auch an gro\u00dfen Projekten zu arbeiten. Wir vermitteln Ihnen die notwendigen F\u00e4higkeiten und Kenntnisse, aber auch eine professionelle Herangehensweise und Engagement. Wir verwalten Ihr Projekt und koordinieren die Aktivit\u00e4ten in jeder Phase. Wir sorgen f\u00fcr Transparenz, Qualit\u00e4t und Effizienz.<\/p>\n<p>        Wenn Sie sich f\u00fcr uns entscheiden, haben Sie die Gewissheit, dass Ihr Projekt von erfahrenen Fachleuten durchgef\u00fchrt wird, die sorgf\u00e4ltig auf jedes Detail achten.\n    <\/p>\n<h4 class=\"space-sm-top--1\">Budgetierung<\/h4>\n<p>\n        Wir sorgen daf\u00fcr, dass ein realistischer Plan erstellt wird. Wir ber\u00fccksichtigen alle Aspekte des Projekts \u2013 einschlie\u00dflich der erforderlichen Personal-, Technologie- und Werkzeugkosten sowie Materialien \u2013 und sorgen f\u00fcr deren optimalen Einsatz.<\/p>\n<p>        Unabh\u00e4ngig vom Umfang des Projekts und dem verf\u00fcgbaren Budget laden wir Sie zur Zusammenarbeit ein. Wir passen uns Ihren M\u00f6glichkeiten an \u2013 wir liefern Ihnen optimale und ma\u00dfgeschneiderte L\u00f6sungen.\n    <\/p>\n<\/div>\n<div>\n<h4>IT-Outsourcing<\/h4>\n<p>\n        Durch die Auslagerung verschiedener Aspekte von IT-Projekten an uns k\u00f6nnen sich unsere Kunden auf ihr Kerngesch\u00e4ft konzentrieren und gleichzeitig die Betriebskosten senken. Unser erfahrenes Team garantiert eine hohe Qualit\u00e4t der Dienstleistungen und Effizienz und gew\u00e4hrleistet gleichzeitig die Anpassung an individuelle Bed\u00fcrfnisse und Flexibilit\u00e4t im Betrieb. IT-Outsourcing bedeutet auch die M\u00f6glichkeit, die neuesten Technologien und Methoden zu nutzen, ohne in interne Ressourcen investieren zu m\u00fcssen. Dadurch erhalten unsere Kunden schnellere, skalierbarere und kosteng\u00fcnstigere L\u00f6sungen.\n    <\/p>\n<p>\n    <img decoding=\"async\" src=\"\/wp-content\/uploads\/2023\/08\/outsourcing.png\" class=\"text-image space-sm-top--1\" alt=\"IT auslagern\" title=\"IT auslagern\" \/><\/p>\n<h4 class=\"space-sm-top--1\">Analysen<\/h4>\n<p>\n        Wir verstehen sowohl die gesch\u00e4ftlichen als auch die technischen Aspekte von Projekten perfekt. Dabei spielt es keine Rolle, ob sich Ihr Unternehmen in der Entwicklung befindet oder Sie Unterst\u00fctzung bei der Entwicklung von etwas v\u00f6llig Neuem ben\u00f6tigen. Unsere erfahrenen Analysten werden sich auf jeden Fall darum k\u00fcmmern. Sie identifizieren Ziele, Anforderungen, Erwartungen und Herausforderungen. Sie f\u00fchren eingehende Recherchen und Analysen durch und bewerten verf\u00fcgbare L\u00f6sungen, Technologien und Tools. All dies, um die besten Optionen und effektiven L\u00f6sungen auszuw\u00e4hlen, die die Erwartungen von Ihnen und Ihren Kunden erf\u00fcllen.\n    <\/p>\n<\/div>\n<div>\n<h4>Betriebsmethoden<\/h4>\n<p>\n        Ein dynamischer Markt erfordert Flexibilit\u00e4t, schnelle Reaktion auf Ver\u00e4nderungen und effektive Kommunikation. Deshalb nutzen wir t\u00e4glich die Vorteile agiler Methoden, die es uns erm\u00f6glichen, Ergebnisse h\u00f6chster Qualit\u00e4t zu liefern.<\/p>\n<p>        Regelm\u00e4\u00dfiges Feedback und eine auf Unternehmenswerten basierende Kultur bedeuten Transparenz und richtige Kommunikation. Wir verwenden einen Produktansatz, der es uns erm\u00f6glicht, Annahmen schnell zu \u00fcberpr\u00fcfen und uns an ver\u00e4nderte Anforderungen und Bedingungen anzupassen. Regelm\u00e4\u00dfige \u00dcberpr\u00fcfungen, die Messung von Effekten sowie iterative und inkrementelle Vorgehensweisen erm\u00f6glichen es uns, effektiv wertvolle, kundenorientierte Ergebnisse zu liefern.<\/p>\n<p>        Diese Arbeitsweise gibt Ihnen die Kontrolle \u00fcber das Projekt, aber auch die Gewissheit, dass es nach den neuesten Industriestandards umgesetzt wird.\n    <\/p>\n<h4 class=\"space-sm-top--1\">PMO<\/h4>\n<p>\n        Ein gutes PMO fungiert als Br\u00fccke zwischen dem Kunden und dem Entwicklungsteam. Wir verbessern die Umsetzung Ihres Projekts in allen Phasen. Wir entwickeln einen koh\u00e4renten Plan, definieren Ziele, Zeitplan, Ressourcen und Budget. Wir sorgen f\u00fcr professionelle Aufsicht, verfolgen den Arbeitsfortschritt und \u00fcberwachen das Risiko. Wir sorgen f\u00fcr Transparenz und effektive Kommunikation mit den Stakeholdern und innerhalb des Projektteams. Dadurch haben Sie in jedem Moment des Projekts einen vollst\u00e4ndigen Einblick in den Fortschritt und k\u00f6nnen fundierte Entscheidungen treffen.<\/p>\n<p>        Wir verwenden bew\u00e4hrte Projektmanagementmethoden und alle unsere Aktivit\u00e4ten zielen darauf ab, die Projektziele p\u00fcnktlich, innerhalb des festgelegten Umfangs und innerhalb des festgelegten Budgets zu erreichen.\n    <\/p>\n<\/div>\n                    <\/div>\n                <\/div>\n            <\/div>\n                    \n            \n            <\/div>\n<\/section>\n<section id=\"\" class=\" text-content js-change-color space-sm-top--0 space-sm-bottom--0 space-md-top--0 space-md-bottom--0 text-content--background\" style=\"--background: #ffffff\" data-color=\"#ffffff\"  data-fill=\"#141414\">\n    <div class=\"container container--space\">\n        <div class=\"row\">\n            <div class=\"col-12 title\">\n                            <\/div>\n        <\/div>\n            \n                    <div class=\"row\">\n                <div class=\"col-12 content\">\n                    <div class=\"content__text content__text--column content__text--column-1  text-left row\" style=\"--color: #141414;\">\n                        <div class=\"skills__group\">\n<div class=\"group\">\n<h5>Einsatzgebiete:<\/h5>\n<\/p><\/div>\n<div class=\"skills\">\n<div>\n<p>IT-Outsourcing<\/p>\n<\/div>\n<div>\n<p>Teamskalierung<\/p>\n<\/div>\n<div>\n<p>Verwaltete Dienste<\/p>\n<\/div>\n<div>\n<p>Projektmanagement<\/p>\n<\/div>\n<div>\n<p>PMO<\/p>\n<\/div><\/div>\n<\/div>\n                    <\/div>\n                <\/div>\n            <\/div>\n                    \n            \n            <\/div>\n<\/section>","protected":false},"excerpt":{"rendered":"","protected":false},"author":3,"featured_media":0,"parent":0,"menu_order":0,"comment_status":"closed","ping_status":"closed","template":"","meta":{"inline_featured_image":false},"acf":[],"_links":{"self":[{"href":"https:\/\/www.astrokyon.com\/de\/wp-json\/wp\/v2\/pages\/9090"}],"collection":[{"href":"https:\/\/www.astrokyon.com\/de\/wp-json\/wp\/v2\/pages"}],"about":[{"href":"https:\/\/www.astrokyon.com\/de\/wp-json\/wp\/v2\/types\/page"}],"author":[{"embeddable":true,"href":"https:\/\/www.astrokyon.com\/de\/wp-json\/wp\/v2\/users\/3"}],"replies":[{"embeddable":true,"href":"https:\/\/www.astrokyon.com\/de\/wp-json\/wp\/v2\/comments?post=9090"}],"version-history":[{"count":1,"href":"https:\/\/www.astrokyon.com\/de\/wp-json\/wp\/v2\/pages\/9090\/revisions"}],"predecessor-version":[{"id":9091,"href":"https:\/\/www.astrokyon.com\/de\/wp-json\/wp\/v2\/pages\/9090\/revisions\/9091"}],"wp:attachment":[{"href":"https:\/\/www.astrokyon.com\/de\/wp-json\/wp\/v2\/media?parent=9090"}],"curies":[{"name":"wp","href":"https:\/\/api.w.org\/{rel}","templated":true}]}}