{"id":9088,"date":"2023-08-20T13:41:43","date_gmt":"2023-08-20T11:41:43","guid":{"rendered":"https:\/\/www.astrokyon.com\/softwarehaus-big-data\/"},"modified":"2024-06-04T11:26:54","modified_gmt":"2024-06-04T09:26:54","slug":"softwarehaus-big-data","status":"publish","type":"page","link":"https:\/\/www.astrokyon.com\/de\/softwarehaus-big-data\/","title":{"rendered":"Softwarehaus \u2013 Big Data"},"content":{"rendered":"\n<section id=\"\" class=\"js-parallax js-change-color position-relative banner d-flex align-items-end  text-start  \" style=\"--background: #222a4e; --background-size: cover; --background-position-x: center; background-image: url('https:\/\/www.astrokyon.com\/wp-content\/uploads\/2023\/08\/sh-big-data-reporting.png');\" data-color=\"#222a4e\"  data-fill=\"#ffffff\">\n    <div class=\"container container--space position-relative\">\n        <div class=\"row\">\n            <div class=\"col-12 banner__wrapp\">\n                                    <h1 class=\"banner__title\" style=\"--color: #ffffff;\">\n                        Softwarehaus                    <\/h1>\n                                            <\/div>\n        <\/div>\n    <\/div>\n<\/section>\n<section id=\"\" class=\" text-content js-change-color space-sm-top--0 space-sm-bottom--0 space-md-top--0 space-md-bottom--0 text-content--background\" style=\"--background: #ffffff\" data-color=\"#ffffff\"  data-fill=\"#141414\">\n    <div class=\"container container--space\">\n        <div class=\"row\">\n            <div class=\"col-12 title\">\n                \t                <h2 class=\"title__text\" style=\"--color: #141414;\">Big Data<\/h2>\n                            <\/div>\n        <\/div>\n            \n                    <div class=\"row\">\n                <div class=\"col-12 content\">\n                    <div class=\"content__text content__text--column content__text--column-2  text-left row\" style=\"--color: #141414;\">\n                        <div>\n<h3 class=\"quote\">\n        Manche sagen, Daten seien das neue \u00d6l. Wir k\u00f6nnen dem nicht ganz zustimmen, da die \u00d6lressourcen begrenzt sind und die Datenmengen unglaublich schnell wachsen.<br \/>\n    <\/h3>\n<\/div>\n<div>\n<p>\n        Die Ihnen vorliegenden Daten enthalten viele Informationen. Sie k\u00f6nnen damit Ihr Unternehmen oder Projekt bewusst steuern. Anhand der Daten k\u00f6nnen wir zuk\u00fcnftige Ereignisse absch\u00e4tzen, sodass Sie der Konkurrenz immer einen Schritt voraus sind!<\/p>\n<p>        Wie kann man die Datenverarbeitung angehen und daraus gesch\u00e4ftlichen Nutzen ziehen? Sehen Sie, wie wir Ihnen helfen k\u00f6nnen.\n    <\/p>\n<\/div>\n                    <\/div>\n                <\/div>\n            <\/div>\n                    \n            \n            <\/div>\n<\/section>\n<section id=\"\" class=\" text-content js-change-color space-sm-top--0 space-sm-bottom--0 space-md-top--0 space-md-bottom--0 text-content--background\" style=\"--background: #ffffff\" data-color=\"#ffffff\"  data-fill=\"#141414\">\n    <div class=\"container container--space\">\n        <div class=\"row\">\n            <div class=\"col-12 title\">\n                            <\/div>\n        <\/div>\n            \n                    <div class=\"row\">\n                <div class=\"col-12 content\">\n                    <div class=\"content__text content__text--column content__text--column-3  text-left row\" style=\"--color: #141414;\">\n                        <div>\n<h4>Analyse<\/h4>\n<p>\n        Wir lernen Ihre Gesch\u00e4ftsanforderungen und technologischen Einschr\u00e4nkungen kennen. Wir werden mit Anwendern sprechen, Anforderungen verschiedener Stakeholder sammeln und die oft gegens\u00e4tzlichen Bed\u00fcrfnisse beider in Einklang bringen. Wir werden die gesammelten Informationen in einer f\u00fcr Techniker verst\u00e4ndlichen Sprache beschreiben.<\/p>\n<p>        Wir helfen Ihnen, Ihre Daten besser zu verstehen und ihr Potenzial zu nutzen, damit Ihre Gesch\u00e4ftsentscheidungen auf einer soliden und verl\u00e4sslichen Grundlage basieren \u2013 vollwertige Informationen.\n    <\/p>\n<p>\n    <img decoding=\"async\" src=\"\/wp-content\/uploads\/2023\/08\/business-intelligence.png\" class=\"text-image space-sm-top--1\" alt=\"BI-Bericht\" title=\"BI-Berichte\" \/ ><br \/>\n    <\/p>\n<h4 class=\"space-sm-top--1\">BI-Berichte<\/h4>\n<p>\n        Wir helfen Ihnen bei der Erstellung von BI-Berichten, die Sie mithilfe von Visualisierungstools bei der Datenanalyse und der \u00dcberwachung von Schl\u00fcsselindikatoren unterst\u00fctzen. Um Ihnen eine spezifische, leicht interpretierbare Datenvisualisierung zu bieten, entwerfen wir Berichte unter Ber\u00fccksichtigung Ihrer Bed\u00fcrfnisse. Dank ihnen k\u00f6nnen Sie Ihre Daten schnell und effektiv analysieren, wichtige Trends erkennen, Schlussfolgerungen ziehen und genaue Gesch\u00e4ftsentscheidungen treffen.\n    <\/p>\n<\/div>\n<div>\n<h4>Data Warehouses<\/h4>\n<p>\n        Wir unterst\u00fctzen Sie dabei, gro\u00dfe Datenmengen effektiv zu erfassen, zu verarbeiten und darzustellen. Wir sorgen daf\u00fcr, dass sie organisiert und verst\u00e4ndlich sind und dass der Code effizient, einfach zu entwickeln und zu warten ist. Wir bauen f\u00fcr Sie Data Warehouses auf \u2013 angefangen von der Sammlung von Ressourcen, \u00fcber deren Speicherung, Verarbeitung, Zusammenarbeit mit Machine-Learning-Modellen (ML\/AI) bis hin zum Reporting. Wir bieten \u00dcberwachung, Zugriffssicherheit, Datenqualit\u00e4t und CI\/CD-Prozesse sowohl f\u00fcr Code als auch f\u00fcr Daten.\n    <\/p>\n<h4 class=\"space-sm-top--1\">Wolke<\/h4>\n<p>\n        In unserem Unternehmen nutzen wir die neuesten und fortschrittlichsten Technologien, darunter Cloud-L\u00f6sungen, die die Art und Weise, wie wir Daten verarbeiten und Informationen analysieren, revolutionieren. Durch den Einsatz einer Cloud-Infrastruktur sind wir in der Lage, Ihnen Zugang zu skalierbaren und flexiblen Rechenressourcen zu verschaffen, die es Ihnen erm\u00f6glichen, gro\u00dfe Datenmengen effektiv in Echtzeit zu verarbeiten.<\/p>\n<p>        Cloud-L\u00f6sungen erm\u00f6glichen es uns, gro\u00dfe digitale Dateien effizient und sicher zu verarbeiten, zu analysieren und pr\u00e4zise Berichte zu erstellen. Dank ihnen k\u00f6nnen wir klare und verst\u00e4ndliche Informationen bereitstellen, die im weiteren Prozess dabei helfen, wertvolle Tipps zu finden und korrekte Gesch\u00e4ftsentscheidungen zu treffen.\n    <\/p>\n<\/div>\n<div>\n    <img decoding=\"async\" src=\"\/wp-content\/uploads\/2023\/08\/bigdata-architecture-1.png\" class=\"text-image\" alt=\"Data Warehouse-Architektur\" title=\"Data Warehouse-Architektur\" \/><br \/>\n    <\/p>\n<h4 class=\"space-sm-top--1\">Architektur<\/h4>\n<p>\n        Wir bieten umfassende L\u00f6sungen, die den Entwurf, die Konfiguration und die Optimierung der Datenverarbeitungsinfrastruktur umfassen. Wir passen die Technologien sinnvoll an die Bed\u00fcrfnisse und F\u00e4higkeiten Ihres Unternehmens und Projekts an.<\/p>\n<p>        Wir entwickeln ein Konzept und schlagen dann dessen Bestandteile vor. Wir sch\u00e4tzen Kosten und Skalierungsm\u00f6glichkeiten ab. Wir werden auf das sogenannte achten Bei einer Vendor Lock (Abh\u00e4ngigkeit von einem Lieferanten) zeigen wir, wie man diese vermeidet und schlagen L\u00f6sungen vor, die sich leicht in andere Umgebungen migrieren lassen.<\/p>\n<p>        Wir sorgen au\u00dferdem daf\u00fcr, dass sie leicht skalierbar, flexibel und sicher sind. Um eine hohe Leistung sicherzustellen und eine effektive Verarbeitung und Analyse gro\u00dfer Datenmengen zu erm\u00f6glichen. Unter Ber\u00fccksichtigung der Entwicklungsperspektive Ihres Teams und der Verf\u00fcgbarkeit qualifizierter Mitarbeiter auf dem Arbeitsmarkt w\u00e4hlen wir die besten Methoden aus.\n    <\/p>\n<\/div>\n                    <\/div>\n                <\/div>\n            <\/div>\n                    \n            \n            <\/div>\n<\/section>\n<section id=\"\" class=\" text-content js-change-color space-sm-top--0 space-sm-bottom--0 space-md-top--0 space-md-bottom--0 text-content--background\" style=\"--background: #ffffff\" data-color=\"#ffffff\"  data-fill=\"#141414\">\n    <div class=\"container container--space\">\n        <div class=\"row\">\n            <div class=\"col-12 title\">\n                            <\/div>\n        <\/div>\n            \n                    <div class=\"row\">\n                <div class=\"col-12 content\">\n                    <div class=\"content__text content__text--column content__text--column-1  text-left row\" style=\"--color: #141414;\">\n                        <div class=\"skills__group\">\n<div class=\"group\">\n<h5>L\u00f6sungen:<\/h5>\n<\/p><\/div>\n<div class=\"skills\">\n<div>\n<p>Azure Data Factory<\/p>\n<\/div>\n<div>\n<p>Azure<br \/>Synapse<\/p>\n<\/div>\n<div>\n<p>Snowflake<\/p>\n<\/div>\n<div>\n<p>Databricks<\/p>\n<\/div>\n<div>\n<p>Google BigQuery<\/p>\n<\/div>\n<div>\n<p>SSIS<\/p>\n<\/div>\n<div>\n<p>SSAS<\/p>\n<\/div>\n<div>\n<p>PowerBI<\/p>\n<\/div>\n<div>\n<p>SSRS<\/p>\n<\/div>\n<div>\n<p>MDM<\/p>\n<\/div><\/div>\n<\/div>\n<div class=\"skills__group\">\n<div class=\"group\">\n<h5>Datenbanken:<\/h5>\n<\/p><\/div>\n<div class=\"skills\">\n<div>\n<p>Blockchain<\/p>\n<\/div>\n<div>\n<p>MS SQL<\/p>\n<\/div>\n<div>\n<p>Oracle<\/p>\n<\/div>\n<div>\n<p>MySQL<\/p>\n<\/div>\n<div>\n<p>NoSQL<\/p>\n<\/div><\/div>\n<\/div>\n                    <\/div>\n                <\/div>\n            <\/div>\n                    \n            \n            <\/div>\n<\/section>","protected":false},"excerpt":{"rendered":"","protected":false},"author":3,"featured_media":0,"parent":0,"menu_order":0,"comment_status":"closed","ping_status":"closed","template":"","meta":{"inline_featured_image":false},"acf":[],"_links":{"self":[{"href":"https:\/\/www.astrokyon.com\/de\/wp-json\/wp\/v2\/pages\/9088"}],"collection":[{"href":"https:\/\/www.astrokyon.com\/de\/wp-json\/wp\/v2\/pages"}],"about":[{"href":"https:\/\/www.astrokyon.com\/de\/wp-json\/wp\/v2\/types\/page"}],"author":[{"embeddable":true,"href":"https:\/\/www.astrokyon.com\/de\/wp-json\/wp\/v2\/users\/3"}],"replies":[{"embeddable":true,"href":"https:\/\/www.astrokyon.com\/de\/wp-json\/wp\/v2\/comments?post=9088"}],"version-history":[{"count":1,"href":"https:\/\/www.astrokyon.com\/de\/wp-json\/wp\/v2\/pages\/9088\/revisions"}],"predecessor-version":[{"id":9089,"href":"https:\/\/www.astrokyon.com\/de\/wp-json\/wp\/v2\/pages\/9088\/revisions\/9089"}],"wp:attachment":[{"href":"https:\/\/www.astrokyon.com\/de\/wp-json\/wp\/v2\/media?parent=9088"}],"curies":[{"name":"wp","href":"https:\/\/api.w.org\/{rel}","templated":true}]}}