{"id":9086,"date":"2023-08-20T13:43:23","date_gmt":"2023-08-20T11:43:23","guid":{"rendered":"https:\/\/www.astrokyon.com\/softwarehaus-kuenstliche-intelligenz\/"},"modified":"2024-06-04T11:08:52","modified_gmt":"2024-06-04T09:08:52","slug":"softwarehaus-kuenstliche-intelligenz","status":"publish","type":"page","link":"https:\/\/www.astrokyon.com\/de\/softwarehaus-kuenstliche-intelligenz\/","title":{"rendered":"Softwarehaus \u2013 K\u00fcnstliche Intelligenz"},"content":{"rendered":"\n<section id=\"\" class=\"js-parallax js-change-color position-relative banner d-flex align-items-end  text-start  \" style=\"--background: #022f4e; --background-size: cover; --background-position-x: center; background-image: url('https:\/\/www.astrokyon.com\/wp-content\/uploads\/2023\/08\/sh-artificial-intelligence.png');\" data-color=\"#022f4e\"  data-fill=\"#ffffff\">\n    <div class=\"container container--space position-relative\">\n        <div class=\"row\">\n            <div class=\"col-12 banner__wrapp\">\n                                    <h1 class=\"banner__title\" style=\"--color: #ffffff;\">\n                        Softwarehaus                    <\/h1>\n                                            <\/div>\n        <\/div>\n    <\/div>\n<\/section>\n<section id=\"\" class=\" text-content js-change-color space-sm-top--0 space-sm-bottom--0 space-md-top--0 space-md-bottom--0 text-content--background\" style=\"--background: #ffffff\" data-color=\"#ffffff\"  data-fill=\"#141414\">\n    <div class=\"container container--space\">\n        <div class=\"row\">\n            <div class=\"col-12 title\">\n                \t                <h2 class=\"title__text\" style=\"--color: #141414;\">K\u00fcnstliche Intelligenz<\/h2>\n                            <\/div>\n        <\/div>\n            \n                    <div class=\"row\">\n                <div class=\"col-12 content\">\n                    <div class=\"content__text content__text--column content__text--column-2  text-left row\" style=\"--color: #141414;\">\n                        <div>\n<h3 class=\"quote\">\n        K\u00fcnstliche Intelligenz bietet Chancen, die bereits heute die Effizienz und Wettbewerbsf\u00e4higkeit von Unternehmen beeinflussen. Von der Prozessautomatisierung \u00fcber die Analyse gro\u00dfer Datens\u00e4tze bis hin zu fortschrittlichen Vorhersagealgorithmen \u2013 KI ist der Schl\u00fcssel zum Verst\u00e4ndnis und zur besseren Anpassung an Marktanforderungen.<br \/>\n    <\/h3>\n<\/div>\n<div>\n<p>\n        Heutzutage erweist sich KI in vielen Branchen und Bereichen als immer hilfreicher, darunter: Medizin, Industrie und Verkehr. Durch die Nutzung unserer Dienstleistungen k\u00f6nnen Sie auf individuelle L\u00f6sungen z\u00e4hlen, die Ihnen einen Vorsprung am Markt verschaffen, die Kundenzufriedenheit steigern und Ihnen die T\u00fcr zu neuen, bisher ungenutzten M\u00f6glichkeiten \u00f6ffnen.<\/p>\n<p>        Das wahre Potenzial der KI zu verstehen, alle ihre Konsequenzen zu ber\u00fccksichtigen und geeignete Gegenma\u00dfnahmen zu ergreifen, sind der Schl\u00fcssel f\u00fcr eine harmonische und sichere Entwicklung dieser Branche. Es sollte als ein Werkzeug betrachtet werden, das es uns erm\u00f6glicht, die Zeit und die Ressourcen zu optimieren, die f\u00fcr die Durchf\u00fchrung vieler komplexer oder sich wiederholender Aktivit\u00e4ten erforderlich sind, und deren Effizienz und Genauigkeit erheblich zu steigern. Der richtige Einsatz von KI wird nur zu unserem Vorteil funktionieren.\n    <\/p>\n<\/div>\n                    <\/div>\n                <\/div>\n            <\/div>\n                    \n            \n            <\/div>\n<\/section>\n<section id=\"\" class=\" text-content js-change-color space-sm-top--0 space-sm-bottom--0 space-md-top--0 space-md-bottom--0 text-content--background\" style=\"--background: #ffffff\" data-color=\"#ffffff\"  data-fill=\"#141414\">\n    <div class=\"container container--space\">\n        <div class=\"row\">\n            <div class=\"col-12 title\">\n                            <\/div>\n        <\/div>\n            \n                    <div class=\"row\">\n                <div class=\"col-12 content\">\n                    <div class=\"content__text content__text--column content__text--column-3  text-left row\" style=\"--color: #141414;\">\n                        <div>\n<h4>Datenwissenschaft<\/h4>\n<p>\n        Daten sind heute eine eigene W\u00e4hrung, allerdings nur, wenn sie richtig erfasst und verarbeitet werden. Unser Team besteht aus renommierten Spezialisten, deren Erfahrung es uns erm\u00f6glicht, innovative L\u00f6sungen auf h\u00f6chstem Niveau anzubieten. Ein gut konstruiertes Projekt ist nur dann solide, wenn es auf einem soliden Fundament basiert. Und diese resultieren aus Daten, die nicht nur umfangreich und vollst\u00e4ndig, sondern vor allem auch zuverl\u00e4ssig und sicher sind.<\/p>\n<p>        Wir verwenden fortschrittliche Tools und Techniken, um Hinweise, Muster und Informationen zu entdecken, die in gro\u00dfen Datens\u00e4tzen verborgen sind und die Entscheidungsfindung und Prozessoptimierung unterst\u00fctzen.<\/p>\n<p>        Nutzen Sie das verborgene Potenzial Ihrer Daten, um bessere Gesch\u00e4ftsentscheidungen zu treffen. Wir unterst\u00fctzen Sie in jeder Phase des Prozesses, von der Erhebung und Aufbereitung der Daten bis hin zur Erstellung fortschrittlicher Analysemodelle.\n    <\/p>\n<p>\n    <img decoding=\"async\" src=\"\/wp-content\/uploads\/2023\/08\/machine-learning.png\" class=\"text-image space-sm-top--1\" alt=\"Statistik im maschinellen Lernen\" title=\"Statistik in Maschinelles Lernen\u201c \/><br \/>\n    <\/p>\n<h4 class=\"space-sm-top--1\">Schlussfolgerungen und Vorhersagen<\/h4>\n<p>\n        Die pr\u00e4zise Verarbeitung und Validierung der Daten sowie der Einsatz von Algorithmen erm\u00f6glichen effektive Schlussfolgerungen und Prognosen. Dank der von uns bereitgestellten Modelle k\u00f6nnen Sie nicht nur viel bessere, g\u00fcnstigere und genauere Entscheidungen treffen, sondern auch effektiv die Zukunft planen und m\u00f6gliche Risiken antizipieren.<\/p>\n<p>        Inferenz und Prognose h\u00e4ngen eng zusammen, unterscheiden sich jedoch in ihren Merkmalen erheblich. Deshalb sind sie ein perfekt komplement\u00e4res Paar. Mit Inferenz k\u00f6nnen Sie Schlussfolgerungen ziehen, induktiv einen \u00dcberblick \u00fcber allgemeine Prinzipien erstellen und Regeln auf der Grundlage aktuell verf\u00fcgbarer Daten erstellen. Prognosen hingegen erm\u00f6glichen es Ihnen, dank einer umfassenden Analyse historischer Daten zuk\u00fcnftige Ereignisse, Trends oder Werte vorherzusagen. Auf dieser Grundlage sind wir in der Lage, Muster und Trends im Gewesenen zu erkennen und diese in das zu \u00fcbersetzen, was sein wird.\n    <\/p>\n<\/div>\n<div>\n    <img decoding=\"async\" src=\"\/wp-content\/uploads\/2023\/08\/computer-vision.png\" class=\"text-image\" alt=\"Computer Vision\" title=\"Computer Vision\" \/><\/p>\n<h4 class=\"space-sm-top--1\">Computer vision<\/h4>\n<p>\n        Was unseren Augen entgeht, wird der Aufmerksamkeit der k\u00fcnstlichen Intelligenz, die sich auch mit der Analyse und Interpretation von Videobildern besch\u00e4ftigt, sicherlich nicht entgehen. Computer Vision erm\u00f6glicht es Computern, Bilder auf \u00e4hnliche Weise wie Menschen zu sehen, zu erkennen und zu verstehen. Dank dieses Tools ist es m\u00f6glich: Objekte zu identifizieren, Gesichter zu erkennen, Bewegungen zu analysieren und zu erkennen, Text aus Bildern zu lesen, die Qualit\u00e4t medizinischer Bilder zu beurteilen und vieles mehr. Computer Vision wird unter anderem eingesetzt in Bereichen wie Medizin, Industrie, Sicherheit, Bildung und Unterhaltung.<\/p>\n<p>        Um sein Potenzial voll auszusch\u00f6pfen, sind Daten und Kenntnisse im Bereich Bildverarbeitung und maschinelles Lernen erforderlich. Die Daten sollten in Form von entsprechend aufbereiteten Bildern, Videoaufzeichnungen oder einem Satz Trainingsdaten vorliegen. Dies und noch viel mehr finden Sie in unserem breiten Angebot an Dienstleistungen rund um KI. Kontaktieren Sie uns und profitieren Sie von den neuesten Errungenschaften der k\u00fcnstlichen Intelligenz.\n    <\/p>\n<h4 class=\"space-sm-top--1\">Verarbeitung nat\u00fcrlicher Sprache<\/h4>\n<p>\n       Der Schl\u00fcssel zum gegenseitigen Verst\u00e4ndnis ist die Sprache. Dies gilt sowohl f\u00fcr Mensch-Mensch- als auch f\u00fcr Mensch-Maschine-Beziehungen. Die Prinzipien der Kommunikation bleiben immer gleich. Die Verarbeitung nat\u00fcrlicher Sprache (NLP) geh\u00f6rt zu den Werkzeugen der k\u00fcnstlichen Intelligenz. Hierbei handelt es sich um eine Technik, die die Verarbeitung nat\u00fcrlicher Sprache beinhaltet. Es erm\u00f6glicht das Verstehen, Interpretieren und Erzeugen menschlicher Sprache mithilfe von Computern und erm\u00f6glicht es Menschen, auf nat\u00fcrliche und f\u00fcr beide Seiten verst\u00e4ndliche Weise mit Computern zu interagieren.<\/p>\n<p>        Diese L\u00f6sungen k\u00f6nnen Ihr Unternehmen unter anderem unterst\u00fctzen: automatische \u00dcbersetzungen, Stimmungsanalyse, Textzusammenfassungen, Generierung wertvoller Informationen und Verbesserung der Kommunikation mit Kunden, Gesch\u00e4ftspartnern und Mitarbeitern.\n    <\/p>\n<\/div>\n<div>\n<h4>Maschinelles und tiefes Lernen<\/h4>\n<p>\n        Computer k\u00f6nnen wie Menschen lernen und Erfahrungen sammeln. So fantastisch es auch klingt, genau darum geht es beim maschinellen Lernen (ML) und beim Deep Learning (DL). Dank ihnen erstellen wir Modelle und Algorithmen, die es unseren Systemen erm\u00f6glichen, zu lernen.<\/p>\n<p>        Maschinelles Lernen erm\u00f6glicht es uns, Daten computertechnisch zu analysieren, Muster zu entdecken und Vorhersagen zu treffen. Es macht es einfacher, Entscheidungen auf der Grundlage des Wissens zu treffen, das wir im maschinellen Lernprozess erworben haben.<\/p>\n<p>        Deep Learning nutzt k\u00fcnstliche Neuronennetzwerke verdanken (k\u00fcnstliche neuronale Netze). Das auf Basis des biologischen neuronalen Netzwerks des menschlichen Gehirns erstellte Modell ist ein hervorragendes Werkzeug, um automatisch immer abstraktere Merkmale aus zuvor erfassten Daten zu extrahieren. Dies wiederum er\u00f6ffnet den Weg f\u00fcr eine effektive Analyse riesiger Informationsmengen.<\/p>\n<p>        Die richtigen Daten zu haben ist eine Sache, sie geschickt zu nutzen eine ganz andere. ML und DL haben ein \u00e4u\u00dferst breites Anwendungsspektrum. Sie erm\u00f6glichen unter anderem: zum Analysieren und Erkennen von Bildern und Sprache, zum Verstehen und Verarbeiten nat\u00fcrlicher Sprache, zum Analysieren und Interpretieren von Daten. Sie k\u00f6nnen unter anderem verwendet werden: in der Medizin, im Transportwesen, im Bildungswesen, f\u00fcr Milit\u00e4r- und Verteidigungszwecke. Sie bilden den Kern der modernen industriellen und technologischen Entwicklung und den Alltag eines jeden von uns.<\/p>\n<p>        Wir helfen Ihnen bei der Schaffung intelligenter Systeme, die das volle Potenzial Ihrer Daten nutzen, Ihnen einen einzigartigen Blick darauf verschaffen und Ihnen erm\u00f6glichen, pr\u00e4zisere Entscheidungen zu treffen.<br \/>\n        <img decoding=\"async\" src=\"\/wp-content\/uploads\/2023\/08\/deep-learning.png\" class=\"text-image space-sm-top--1\" alt=\"Maschinelles und tiefes Lernen\" title=\"Maschinelles und tiefes Lernen\u201c \/>\n    <\/p>\n<\/div>\n                    <\/div>\n                <\/div>\n            <\/div>\n                    \n            \n            <\/div>\n<\/section>\n<section id=\"\" class=\" text-content js-change-color space-sm-top--0 space-sm-bottom--0 space-md-top--0 space-md-bottom--0 text-content--background\" style=\"--background: #ffffff\" data-color=\"#ffffff\"  data-fill=\"#141414\">\n    <div class=\"container container--space\">\n        <div class=\"row\">\n            <div class=\"col-12 title\">\n                            <\/div>\n        <\/div>\n            \n                    <div class=\"row\">\n                <div class=\"col-12 content\">\n                    <div class=\"content__text content__text--column content__text--column-1  text-left row\" style=\"--color: #141414;\">\n                        <div class=\"skills__group\">\n<div class=\"group\">\n<h5>Bereiche:<\/h5>\n<\/p><\/div>\n<div class=\"skills\">\n<div>\n<p>Datenwissenschaft<\/p>\n<\/div>\n<div>\n<p>NLP<\/p>\n<\/div>\n<div>\n<p>LLM<\/p>\n<\/div>\n<div>\n<p>Chatbots<\/p>\n<\/div>\n<div>\n<p>Computer Vision<\/p>\n<\/div>\n<div>\n<p>Machine Learning<\/p>\n<\/div>\n<div>\n<p>Deep Learning<\/p>\n<\/div>\n<div>\n<p>Generative KI<\/p>\n<\/div><\/div>\n<\/div>\n<div class=\"skills__group\">\n<div class=\"group\">\n<h5>Programmiersprachen:<\/h5>\n<\/p><\/div>\n<div class=\"skills\">\n<div>\n<p>Python<\/p>\n<\/div>\n<div>\n<p>C++<\/p>\n<\/div>\n<div>\n<p>Java<\/p>\n<\/div>\n<div>\n<p>Matlab<\/p>\n<\/div>\n<div>\n<p>JavaScript<\/p>\n<\/div><\/div>\n<\/div>\n<div class=\"skills__group\">\n<div class=\"group\">\n<h5>Tools:<\/h5>\n<\/p><\/div>\n<div class=\"skills\">\n<div>\n<p>TensorFlow<\/p>\n<\/div>\n<div>\n<p>Keras<\/p>\n<\/div>\n<div>\n<p>OpenCV<\/p>\n<\/div>\n<div>\n<p>Azure AI Services<\/p>\n<\/div><\/div>\n<\/p><\/div>\n<\/div>\n                    <\/div>\n                <\/div>\n            <\/div>\n                    \n            \n            <\/div>\n<\/section>","protected":false},"excerpt":{"rendered":"","protected":false},"author":3,"featured_media":0,"parent":0,"menu_order":0,"comment_status":"closed","ping_status":"closed","template":"","meta":{"inline_featured_image":false},"acf":[],"_links":{"self":[{"href":"https:\/\/www.astrokyon.com\/de\/wp-json\/wp\/v2\/pages\/9086"}],"collection":[{"href":"https:\/\/www.astrokyon.com\/de\/wp-json\/wp\/v2\/pages"}],"about":[{"href":"https:\/\/www.astrokyon.com\/de\/wp-json\/wp\/v2\/types\/page"}],"author":[{"embeddable":true,"href":"https:\/\/www.astrokyon.com\/de\/wp-json\/wp\/v2\/users\/3"}],"replies":[{"embeddable":true,"href":"https:\/\/www.astrokyon.com\/de\/wp-json\/wp\/v2\/comments?post=9086"}],"version-history":[{"count":1,"href":"https:\/\/www.astrokyon.com\/de\/wp-json\/wp\/v2\/pages\/9086\/revisions"}],"predecessor-version":[{"id":9087,"href":"https:\/\/www.astrokyon.com\/de\/wp-json\/wp\/v2\/pages\/9086\/revisions\/9087"}],"wp:attachment":[{"href":"https:\/\/www.astrokyon.com\/de\/wp-json\/wp\/v2\/media?parent=9086"}],"curies":[{"name":"wp","href":"https:\/\/api.w.org\/{rel}","templated":true}]}}