{"id":9084,"date":"2023-08-20T14:10:01","date_gmt":"2023-08-20T12:10:01","guid":{"rendered":"https:\/\/www.astrokyon.com\/fe-labor-managed-services\/"},"modified":"2024-06-04T10:30:08","modified_gmt":"2024-06-04T08:30:08","slug":"fe-labor-managed-services","status":"publish","type":"page","link":"https:\/\/www.astrokyon.com\/de\/fe-labor-managed-services\/","title":{"rendered":"F&#038;E-Labor \u2013 Managed Services"},"content":{"rendered":"\n<section id=\"\" class=\"js-parallax js-change-color position-relative banner d-flex align-items-end  text-start  \" style=\"--background: #0c477f; --background-size: cover; --background-position-x: center; background-image: url('https:\/\/www.astrokyon.com\/wp-content\/uploads\/2023\/08\/rnd-managed-services.png');\" data-color=\"#0c477f\"  data-fill=\"#ffffff\">\n    <div class=\"container container--space position-relative\">\n        <div class=\"row\">\n            <div class=\"col-12 banner__wrapp\">\n                                    <h1 class=\"banner__title\" style=\"--color: #ffffff;\">\n                        F&amp;E-Labor                    <\/h1>\n                                            <\/div>\n        <\/div>\n    <\/div>\n<\/section>\n<section id=\"\" class=\" text-content js-change-color space-sm-top--0 space-sm-bottom--0 space-md-top--0 space-md-bottom--0 text-content--background\" style=\"--background: #ffffff\" data-color=\"#ffffff\"  data-fill=\"#141414\">\n    <div class=\"container container--space\">\n        <div class=\"row\">\n            <div class=\"col-12 title\">\n                \t                <h2 class=\"title__text\" style=\"--color: #141414;\">Verwaltete Dienste<\/h2>\n                            <\/div>\n        <\/div>\n            \n                    <div class=\"row\">\n                <div class=\"col-12 content\">\n                    <div class=\"content__text content__text--column content__text--column-2  text-left row\" style=\"--color: #141414;\">\n                        <div>\n<h3 class=\"quote\">\n        Wir sind auf Forschungs- und Entwicklungsprojekte spezialisiert. Wir stellen komplette, multidisziplin\u00e4re Teams zur Verf\u00fcgung, die nach Best Practices und modernsten Methoden arbeiten.<br \/>\n    <\/h3>\n<\/div>\n<div>\n<p>\n        Ein breites Spektrum an Kompetenzen und Erfahrungen erm\u00f6glicht es uns, eine Vielzahl von Arbeiten effektiv zu verwalten. Bisher haben wir Projekte in Branchen wie Fintech, E-Commerce, Biotech und sogar der Raumfahrtindustrie unterst\u00fctzt!<\/p>\n<p>        Wir setzen auf offene Kommunikation und Zusammenarbeit. Wir sorgen f\u00fcr ein pr\u00e4zises Projektmanagement, eine p\u00fcnktliche Lieferung der Ergebnisse und eine \u00dcberwachung des Fortschritts. Wir sind zu 100 % engagiert und \u00fcbernehmen die volle Verantwortung f\u00fcr alle Phasen unserer Zusammenarbeit. Gemeinsam erreichen wir Ihre Gesch\u00e4ftsziele und liefern innovative L\u00f6sungen, die Ihnen und Ihren Kunden Mehrwert und Zufriedenheit bringen.\n    <\/p>\n<\/div>\n                    <\/div>\n                <\/div>\n            <\/div>\n                    \n            \n            <\/div>\n<\/section>\n<section id=\"\" class=\" text-content js-change-color space-sm-top--0 space-sm-bottom--0 space-md-top--0 space-md-bottom--0 text-content--background\" style=\"--background: #ffffff\" data-color=\"#ffffff\"  data-fill=\"#141414\">\n    <div class=\"container container--space\">\n        <div class=\"row\">\n            <div class=\"col-12 title\">\n                            <\/div>\n        <\/div>\n            \n                    <div class=\"row\">\n                <div class=\"col-12 content\">\n                    <div class=\"content__text content__text--column content__text--column-3  text-left row\" style=\"--color: #141414;\">\n                        <div>\n<h4>Multidisziplin\u00e4re Teams<\/h4>\n<p>\n        Ein neues Projekt erfordert manchmal die Erweiterung des bestehenden Teams um neue Kompetenzen. Dies ist oft mit einer teuren und zeitaufw\u00e4ndigen Talentsuche verbunden. Was ist, wenn Sie das nicht durchmachen m\u00fcssen? Wir stellen Ihnen erstklassige Ingenieure, Experten, Koordinatoren sowie komplette Produktionsteams zur Verf\u00fcgung, die perfekt auf Ihre Bed\u00fcrfnisse zugeschnitten sind.\u200b<\/p>\n<p>        Unsere Mitarbeiter verf\u00fcgen \u00fcber ein breites Spektrum an F\u00e4higkeiten und Erfahrungen in verschiedenen Bereichen und Technologien. Unsere Teams sind flexibel, skalierbar und bereit, sowohl an kleinen als auch an gro\u00dfen Projekten zu arbeiten. Wir vermitteln Ihnen die notwendigen F\u00e4higkeiten und Kenntnisse, aber auch eine professionelle Herangehensweise und Engagement. Wir verwalten Ihr Projekt und koordinieren die Aktivit\u00e4ten in jeder Phase. Wir garantieren Transparenz, Qualit\u00e4t und Wirksamkeit des Projekts.<\/p>\n<p>        Wenn Sie sich f\u00fcr uns entscheiden, haben Sie die Gewissheit, dass Ihr Projekt von erfahrenen Fachleuten durchgef\u00fchrt wird, die sorgf\u00e4ltig auf jedes Detail achten.\u200b\n    <\/p>\n<\/div>\n<div>\n<h4>Designmethodik<\/h4>\n<p>\n        Wir wissen, dass ein dynamischer Markt Flexibilit\u00e4t, schnelle Reaktion auf Ver\u00e4nderungen und effektive Kommunikation erfordert. Deshalb nutzen wir t\u00e4glich die Vorteile agiler Methoden, die es uns erm\u00f6glichen, Ergebnisse von h\u00f6chster Qualit\u00e4t zu liefern.<\/p>\n<p>        Wir legen Wert auf die Atmosph\u00e4re und ein eingespieltes, agiles Team. Regelm\u00e4\u00dfiges Feedback und eine auf Unternehmenswerten basierende Kultur umfassen Transparenz und gute Kommunikation. Wir verfolgen konsequent einen Produktansatz, der es uns erm\u00f6glicht, Annahmen schnell zu \u00fcberpr\u00fcfen und uns an ver\u00e4nderte Bedingungen und Anforderungen anzupassen. Regelm\u00e4\u00dfige \u00dcberpr\u00fcfungen, Wirkungsmessungen sowie iterative und inkrementelle Vorgehensweisen erm\u00f6glichen wiederum die effektive Bereitstellung wertvoller, kundenorientierter Ergebnisse.<\/p>\n<p>        Diese Arbeitsweise gibt Ihnen die Kontrolle \u00fcber das Projekt, aber auch die Gewissheit, dass es effektiv und gem\u00e4\u00df den neuesten Industriestandards umgesetzt wird.\n    <\/p>\n<\/div>\n<div>\n<h4>PMO<\/h4>\n<p>\n        Ein gutes PMO ist eine Br\u00fccke zwischen dem Kunden und dem Produktionsteam \u2013 das gilt auch f\u00fcr unser PMO, das perfekt f\u00fcr diese Rolle geeignet ist. Er sorgt nicht nur f\u00fcr die effiziente Umsetzung Ihres Projekts in allen Phasen, sondern entwickelt auch einen koh\u00e4renten Plan, definiert Ziele, Zeitplan, Ressourcen und Budget. Es bietet professionelle Aufsicht, verfolgt den Arbeitsfortschritt und \u00fcberwacht Risiken. Er sorgt f\u00fcr Transparenz und effektive Kommunikation innerhalb des Projektteams und mit den Stakeholdern. Dank seiner Anwesenheit haben Sie in jedem Moment Ihres Projekts vollst\u00e4ndigen Einblick in Ihren Fortschritt und k\u00f6nnen fundierte Entscheidungen treffen.<\/p>\n<p>        Wir verwenden bew\u00e4hrte Projektmanagementmethoden und alle unsere Aktivit\u00e4ten zielen darauf ab, die Projektziele p\u00fcnktlich, im Rahmen und innerhalb des vorgegebenen Budgets zu erreichen.\n    <\/p>\n<\/div>\n                    <\/div>\n                <\/div>\n            <\/div>\n                    \n            \n            <\/div>\n<\/section>","protected":false},"excerpt":{"rendered":"","protected":false},"author":3,"featured_media":0,"parent":0,"menu_order":0,"comment_status":"closed","ping_status":"closed","template":"","meta":{"inline_featured_image":false},"acf":[],"_links":{"self":[{"href":"https:\/\/www.astrokyon.com\/de\/wp-json\/wp\/v2\/pages\/9084"}],"collection":[{"href":"https:\/\/www.astrokyon.com\/de\/wp-json\/wp\/v2\/pages"}],"about":[{"href":"https:\/\/www.astrokyon.com\/de\/wp-json\/wp\/v2\/types\/page"}],"author":[{"embeddable":true,"href":"https:\/\/www.astrokyon.com\/de\/wp-json\/wp\/v2\/users\/3"}],"replies":[{"embeddable":true,"href":"https:\/\/www.astrokyon.com\/de\/wp-json\/wp\/v2\/comments?post=9084"}],"version-history":[{"count":1,"href":"https:\/\/www.astrokyon.com\/de\/wp-json\/wp\/v2\/pages\/9084\/revisions"}],"predecessor-version":[{"id":9085,"href":"https:\/\/www.astrokyon.com\/de\/wp-json\/wp\/v2\/pages\/9084\/revisions\/9085"}],"wp:attachment":[{"href":"https:\/\/www.astrokyon.com\/de\/wp-json\/wp\/v2\/media?parent=9084"}],"curies":[{"name":"wp","href":"https:\/\/api.w.org\/{rel}","templated":true}]}}