{"id":9082,"date":"2023-08-20T14:08:32","date_gmt":"2023-08-20T12:08:32","guid":{"rendered":"https:\/\/www.astrokyon.com\/fe-labor-laborarbeit\/"},"modified":"2024-06-04T10:27:30","modified_gmt":"2024-06-04T08:27:30","slug":"fe-labor-laborarbeit","status":"publish","type":"page","link":"https:\/\/www.astrokyon.com\/de\/fe-labor-laborarbeit\/","title":{"rendered":"F&#038;E-Labor &#8211; Laborarbeit"},"content":{"rendered":"\n<section id=\"\" class=\"js-parallax js-change-color position-relative banner d-flex align-items-end  text-start  \" style=\"--background: #213558; --background-size: cover; --background-position-x: center; background-image: url('https:\/\/www.astrokyon.com\/wp-content\/uploads\/2023\/08\/rnd-laboratoryu.png');\" data-color=\"#213558\"  data-fill=\"#ffffff\">\n    <div class=\"container container--space position-relative\">\n        <div class=\"row\">\n            <div class=\"col-12 banner__wrapp\">\n                                    <h1 class=\"banner__title\" style=\"--color: #ffffff;\">\n                        F&amp;E-Labor                    <\/h1>\n                                            <\/div>\n        <\/div>\n    <\/div>\n<\/section>\n<section id=\"\" class=\" text-content js-change-color space-sm-top--0 space-sm-bottom--0 space-md-top--0 space-md-bottom--0 text-content--background\" style=\"--background: #ffffff\" data-color=\"#ffffff\"  data-fill=\"#141414\">\n    <div class=\"container container--space\">\n        <div class=\"row\">\n            <div class=\"col-12 title\">\n                \t                <h2 class=\"title__text\" style=\"--color: #141414;\">Labor arbeit<\/h2>\n                            <\/div>\n        <\/div>\n            \n                    <div class=\"row\">\n                <div class=\"col-12 content\">\n                    <div class=\"content__text content__text--column content__text--column-2  text-left row\" style=\"--color: #141414;\">\n                        <div>\n<h3 class=\"quote\">\n        Wir sorgen daf\u00fcr, dass das Potenzial Ihrer Idee voll ausgesch\u00f6pft wird. Basierend auf Ihrer Vision kreieren wir ein innovatives Produkt und entwickeln eine Strategie, die es am Markt erfolgreich macht.<br \/>\n    <\/h3>\n<\/div>\n<div>\n<p>\n        Wir verf\u00fcgen \u00fcber eigene intellektuelle und technologische Ressourcen. In unserem Ingenieurlabor forschen und experimentieren wir zu eigener Elektronik, Mechanik und Anwendungen k\u00fcnstlicher Intelligenz (KI) im Bereich des Internets der Dinge (IoT).<\/p>\n<p>        Unser eigenes Labor bietet uns die einzigartige M\u00f6glichkeit, unsere L\u00f6sungen in einer kontrollierten Umgebung zu testen, Prototypen zu erstellen und zu verbessern und schnell auf sich \u00e4ndernde Marktanforderungen oder das Aufkommen neuer Technologien zu reagieren.<\/p>\n<p>        Wir unterst\u00fctzen Sie in jeder Phase des Prozesses und bieten L\u00f6sungen, die Ihnen einen Mehrwert bieten und Ihre Ziele erreichen.\n    <\/p>\n<\/div>\n                    <\/div>\n                <\/div>\n            <\/div>\n                    \n            \n            <\/div>\n<\/section>\n<section id=\"\" class=\" text-content js-change-color space-sm-top--0 space-sm-bottom--0 space-md-top--0 space-md-bottom--0 text-content--background\" style=\"--background: #ffffff\" data-color=\"#ffffff\"  data-fill=\"#141414\">\n    <div class=\"container container--space\">\n        <div class=\"row\">\n            <div class=\"col-12 title\">\n                            <\/div>\n        <\/div>\n            \n                    <div class=\"row\">\n                <div class=\"col-12 content\">\n                    <div class=\"content__text content__text--column content__text--column-3  text-left row\" style=\"--color: #141414;\">\n                        <div>\n<h4>R&#038;D Productdesign<\/h4>\n<p>\n        Bei der Entwicklung neuer L\u00f6sungen nutzen wir unsere Branchenerfahrung und den User Experience &#038; Product Design-Ansatz. Wir ber\u00fccksichtigen Ihre Gesch\u00e4ftsziele, Pr\u00e4ferenzen hinsichtlich Technologie, Budget und Zeit. Wir verbinden Kreativit\u00e4t mit Strategie, um Ihnen ein Produkt zu liefern, das durch sein Design begeistert, die Bed\u00fcrfnisse Ihrer Kunden erf\u00fcllt und Ihnen die besten Gesch\u00e4ftsergebnisse bringt.<\/p>\n<p>        Um Ihnen Empfehlungen und wertvolle Informationen zu geben, die Ihnen bei der Entscheidung \u00fcber Art und Umfang der Umsetzung Ihres Projekts helfen, f\u00fchren wir eine Machbarkeitsstudie durch. Wir analysieren und bewerten es auch hinsichtlich der technischen, wirtschaftlichen und betrieblichen Machbarkeit. Wir pr\u00fcfen, ob es realistisch und rentabel ist, zeigen m\u00f6gliche Herausforderungen und Risiken auf und pr\u00fcfen sorgf\u00e4ltig die technologischen, marktbezogenen und gesch\u00e4ftlichen Aspekte des gesamten Projekts. Wir entwickeln einen Aktionsplan, legen die notwendigen Schritte fest und sch\u00e4tzen den Zeit- und Ressourcenaufwand f\u00fcr die Umsetzung ab. Dar\u00fcber hinaus ermitteln wir, welche gesch\u00e4ftlichen, technischen und wirtschaftlichen Vorteile Ihr Projekt mit sich bringt.<\/p>\n<p>        W\u00e4hrend der Modellierungsphase erstellen wir eine grafische Darstellung der Prozesse und visualisieren nachfolgende Schritte, Phasen, Entscheidungen, Interaktionen und Abh\u00e4ngigkeiten zwischen ihnen. Die Modellierung erm\u00f6glicht es uns, den gesamten Flusspfad aller Vorg\u00e4nge und durchgef\u00fchrten Arbeiten zu visualisieren, Schl\u00fcsselfaktoren zu identifizieren, die den gesamten Prozess beeinflussen, und potenzielle Problembereiche oder Orte f\u00fcr Optimierungen zu erkennen. Dies gibt uns die M\u00f6glichkeit, den Ablauf von Prozessen in verschiedenen Szenarien zu simulieren und so deren Effizienz und Auswirkungen auf den Benutzer zu beurteilen.<\/p>\n<\/div>\n<div>\n<p>\n        Durch Nutzerrecherchen, die Analyse vorhandener Daten, Konkurrenz und Benchmarks k\u00f6nnen Sie wiederum die Empf\u00e4nger Ihres Produkts besser verstehen. Wir werden herausfinden, wie sie sich verhalten und was sie motiviert, welche Einschr\u00e4nkungen und Bed\u00fcrfnisse sie haben. Darauf aufbauend erstellen wir Prototypen, an denen wir Usability-Tests durchf\u00fchren. Prototypen erm\u00f6glichen fr\u00fchzeitiges Testen, Evaluieren und iterative Verbesserungen. Dadurch k\u00f6nnen wir gemeinsam mit Ihnen und den Produktanwendern beurteilen, welche Elemente wirksam sind und welche einer Verbesserung bed\u00fcrfen, bevor wir zu weiteren Arbeitsschritten \u00fcbergehen.\n    <\/p>\n<h4 class=\"space-sm-top--1\">Hardware\/ software<\/h4>\n<p>\n        Unsere Arbeit endet nicht mit dem Design. Wir f\u00fchren Ingenieurarbeiten zu allen Aspekten der Produktion neuer Technologien durch. Dazu geh\u00f6rt sowohl die Hardware, also die Konzeption und Konstruktion von Elektronik und Mechanik, als auch die Erstellung und Entwicklung von Software, die diese Komponenten unterst\u00fctzt und erg\u00e4nzt.<\/p>\n<p>        Verf\u00fcgen Sie nicht \u00fcber die Ressourcen in Form von elektronischen Ger\u00e4ten, spezieller Computerausr\u00fcstung oder anderen physischen Komponenten und Werkzeugen, die f\u00fcr Arbeiten an der Elektronik oder Mechanik verwendet werden?<\/p>\n<p>        Wir stellen die notwendige Ausr\u00fcstung und ein erfahrenes Team von Spezialisten zur Verf\u00fcgung. Dadurch k\u00f6nnen Sie sich auf die Erstellung von Konzepten und Ideen konzentrieren und wir k\u00fcmmern uns um deren Umsetzung. Sie k\u00f6nnen sicher sein, dass die zu entwickelnde Technologie wie vorgesehen funktioniert und mit h\u00f6chster Effizienz und Zuverl\u00e4ssigkeit umgesetzt wird.\n    <\/p>\n<\/div>\n<div>\n    <img decoding=\"async\" src=\"\/wp-content\/uploads\/2023\/08\/electronics-lab.png\" class=\"text-image\" alt=\"Electronics Lab\" title=\"Electronics Lab\" \/><br \/>\n    <\/p>\n<h4 class=\"space-sm-top--1\">Technologieimplementierung<\/h4>\n<p>\n        Wir pr\u00fcfen die Anwendbarkeit Ihres Produkts in verschiedenen Branchen. Wir analysieren Trends, Herausforderungen und Chancen, um Bereiche zu identifizieren, in denen Ihre L\u00f6sung den gr\u00f6\u00dften Nutzen bringen kann. Wir recherchieren die Kundenbed\u00fcrfnisse, um ein Produkt f\u00fcr bestimmte Branchen zu entwickeln oder anzupassen und eine L\u00f6sung zu liefern, die ihren Anforderungen entspricht.\n    <\/p>\n<h4 class=\"space-sm-top--1\">Experimente<\/h4>\n<p>\n        Wir testen neue Konzepte, Technologien und L\u00f6sungen, um wertvolle Daten und Schlussfolgerungen zu sammeln. Durch Experimente k\u00f6nnen wir unsere Hypothesen \u00fcberpr\u00fcfen und die Wirksamkeit von L\u00f6sungen \u00fcberpr\u00fcfen.<\/p>\n<p>        Unsere Experimente werden sorgf\u00e4ltig geplant und gem\u00e4\u00df den Best Practices durchgef\u00fchrt. Wir bauen Prototypen und schaffen kontrollierte Umgebungen, in denen wir deren Verhalten, Leistung und Sicherheit beobachten und analysieren. Wir sammeln Daten, um Schlussfolgerungen zu ziehen und Ihnen zu helfen, die richtigen Entscheidungen zu treffen.<\/p>\n<p>        Experimente helfen uns, Innovationen zu entwickeln, neue Technologien und Ans\u00e4tze zu testen und L\u00f6sungen an die sich \u00e4ndernden Bed\u00fcrfnisse und Erwartungen von Ihnen und Ihren Kunden anzupassen.\n    <\/p>\n<\/div>\n                    <\/div>\n                <\/div>\n            <\/div>\n                    \n            \n            <\/div>\n<\/section>","protected":false},"excerpt":{"rendered":"","protected":false},"author":3,"featured_media":0,"parent":0,"menu_order":0,"comment_status":"closed","ping_status":"closed","template":"","meta":{"inline_featured_image":false},"acf":[],"_links":{"self":[{"href":"https:\/\/www.astrokyon.com\/de\/wp-json\/wp\/v2\/pages\/9082"}],"collection":[{"href":"https:\/\/www.astrokyon.com\/de\/wp-json\/wp\/v2\/pages"}],"about":[{"href":"https:\/\/www.astrokyon.com\/de\/wp-json\/wp\/v2\/types\/page"}],"author":[{"embeddable":true,"href":"https:\/\/www.astrokyon.com\/de\/wp-json\/wp\/v2\/users\/3"}],"replies":[{"embeddable":true,"href":"https:\/\/www.astrokyon.com\/de\/wp-json\/wp\/v2\/comments?post=9082"}],"version-history":[{"count":1,"href":"https:\/\/www.astrokyon.com\/de\/wp-json\/wp\/v2\/pages\/9082\/revisions"}],"predecessor-version":[{"id":9083,"href":"https:\/\/www.astrokyon.com\/de\/wp-json\/wp\/v2\/pages\/9082\/revisions\/9083"}],"wp:attachment":[{"href":"https:\/\/www.astrokyon.com\/de\/wp-json\/wp\/v2\/media?parent=9082"}],"curies":[{"name":"wp","href":"https:\/\/api.w.org\/{rel}","templated":true}]}}