{"id":9078,"date":"2023-08-20T14:09:16","date_gmt":"2023-08-20T12:09:16","guid":{"rendered":"https:\/\/www.astrokyon.com\/fe-labor-beratung\/"},"modified":"2024-06-04T10:14:29","modified_gmt":"2024-06-04T08:14:29","slug":"fe-labor-beratung","status":"publish","type":"page","link":"https:\/\/www.astrokyon.com\/de\/fe-labor-beratung\/","title":{"rendered":"F&#038;E-Labor &#8211; Beratung"},"content":{"rendered":"\n<section id=\"\" class=\"js-parallax js-change-color position-relative banner d-flex align-items-end  text-start  \" style=\"--background: #14357f; --background-size: cover; --background-position-x: center; background-image: url('https:\/\/www.astrokyon.com\/wp-content\/uploads\/2023\/08\/rnd-consulting.png');\" data-color=\"#14357f\"  data-fill=\"#ffffff\">\n    <div class=\"container container--space position-relative\">\n        <div class=\"row\">\n            <div class=\"col-12 banner__wrapp\">\n                                    <h1 class=\"banner__title\" style=\"--color: #ffffff;\">\n                        F&amp;E-Labor                    <\/h1>\n                                            <\/div>\n        <\/div>\n    <\/div>\n<\/section>\n<section id=\"\" class=\" text-content js-change-color space-sm-top--0 space-sm-bottom--0 space-md-top--0 space-md-bottom--0 text-content--background\" style=\"--background: #ffffff\" data-color=\"#ffffff\"  data-fill=\"#141414\">\n    <div class=\"container container--space\">\n        <div class=\"row\">\n            <div class=\"col-12 title\">\n                \t                <h2 class=\"title__text\" style=\"--color: #141414;\">Beratung<\/h2>\n                            <\/div>\n        <\/div>\n            \n                    <div class=\"row\">\n                <div class=\"col-12 content\">\n                    <div class=\"content__text content__text--column content__text--column-2  text-left row\" style=\"--color: #141414;\">\n                        <div>\n<h3 class=\"quote\">\n        Wir unterst\u00fctzen Sie umfassend bei der Umsetzung von Forschungs- und Entwicklungsprojekten, damit Ihr Unternehmen sein volles Potenzial aussch\u00f6pfen und neue Chancen erkennen kann.<br \/>\n    <\/h3>\n<\/div>\n<div>\n<p>\n        Wir helfen Ihnen, Bed\u00fcrfnisse, Ziele und Herausforderungen zu identifizieren und schlagen dann optimale L\u00f6sungen vor, die den Erwartungen von Ihnen und Ihren Kunden entsprechen. Wir unterst\u00fctzen Sie bei der Auswahl der richtigen Technologie und der Entwicklung der besten Produktstrategie.<\/p>\n<p>        Wir begleiten Sie bei der Umsetzung einer agilen Transformation in Ihrem Unternehmen und unterst\u00fctzen Sie bei der Erreichung Ihrer strategischen und operativen Ziele. \u200bWir verwirklichen Ihr innovatives Forschungs- und Entwicklungsprojekt.\n    <\/p>\n<\/div>\n                    <\/div>\n                <\/div>\n            <\/div>\n                    \n            \n            <\/div>\n<\/section>\n<section id=\"\" class=\" text-content js-change-color space-sm-top--0 space-sm-bottom--0 space-md-top--0 space-md-bottom--0 text-content--background\" style=\"--background: #ffffff\" data-color=\"#ffffff\"  data-fill=\"#141414\">\n    <div class=\"container container--space\">\n        <div class=\"row\">\n            <div class=\"col-12 title\">\n                            <\/div>\n        <\/div>\n            \n                    <div class=\"row\">\n                <div class=\"col-12 content\">\n                    <div class=\"content__text content__text--column content__text--column-3  text-left row\" style=\"--color: #141414;\">\n                        <div>\n    <img decoding=\"async\" src=\"\/wp-content\/uploads\/2023\/08\/AdobeStock_184282461-scaled-e1692957817249.jpeg\" class=\"text-image\" alt=\"Technology\" title=\"Technology\" \/><br \/>\n    <\/p>\n<h4 class=\"space-sm-top--1\">Technologie<\/h4>\n<p>\n        Wir helfen Ihnen dabei, die auf dem Markt verf\u00fcgbaren Technologien umfassend zu verstehen. Gemeinsam w\u00e4hlen wir diejenigen aus, die perfekt zu Ihrer Vision passen. Diese Wahl ist von entscheidender Bedeutung, da sie sich sowohl auf die F\u00e4higkeiten, Einschr\u00e4nkungen als auch auf die Kosten auswirkt. Sie k\u00f6nnen auf unser Wissen und unsere Erfahrung in vielen Bereichen und in vielen verschiedenen Bereichen z\u00e4hlen. Wir analysieren Ihre Bed\u00fcrfnisse, Ziele und Herausforderungen und vergleichen die verf\u00fcgbaren Optionen hinsichtlich ihrer Vor- und Nachteile. Wir unterbreiten Ihnen unsere Empfehlungen, auch zum Einsatz Ihres Produkts und der von Ihnen gew\u00e4hlten Technologie in bestimmten Branchen. Wir unterst\u00fctzen Sie bei der Auswahl von Forschungstools, der Implementierung, Verbesserung und Anpassung und bieten Ihnen in jeder Phase technische und beratende Unterst\u00fctzung.<\/p>\n<p>        Wir k\u00f6nnen ein bestimmtes Produkt an die spezifischen Anforderungen jedes Sektors anpassen. Wir arbeiten mit verschiedenen Branchen wie Medizin, Finanzen, E-Commerce und Industrie zusammen, um L\u00f6sungen bereitzustellen, die f\u00fcr Ihr Unternehmen am effektivsten und wertvollsten sind.\n    <\/p>\n<\/div>\n<div>\n<h4>Produktstrategie<\/h4>\n<p>\n        Eine Produktstrategie ist ein Plan, der darlegt, was Sie erreichen m\u00f6chten, wie Sie es erreichen m\u00f6chten und warum Sie es f\u00fcr eine gro\u00dfartige Idee halten. Es ist eine Art Essenz, die das Wichtigste perfekt zusammenfasst \u2013 sie konzentriert sich auf Ihre wichtigsten Ziele und die Werte, die Ihren Nutzern am wichtigsten sind.<\/p>\n<p>        Wir entwickeln Produktstrategien, die den Anforderungen des heutigen \u00e4u\u00dferst wettbewerbsintensiven Marktes gerecht werden. Wir verfolgen einen ganzheitlichen Ansatz \u2013 wir ber\u00fccksichtigen sowohl technologische als auch betriebswirtschaftliche Aspekte.<\/p>\n<p>        Wir helfen Ihnen nicht nur dabei, die Vision und den Zweck der Entwicklung des Produkts zu definieren, sondern auch seinen funktionalen Zweck und seine Vorteile zu bestimmen, sodass Benutzer Ihr Ger\u00e4t nicht nur kaufen m\u00f6chten, sondern tats\u00e4chlich das Bed\u00fcrfnis versp\u00fcren, es zu haben.<\/p>\n<p>        Wir planen den Zeitplan und das Budget und ermitteln auch die Projektrisiken. Wir helfen Ihnen bei der Entwicklung von Leistungskennzahlen und -bewertungen, mit denen Sie zuverl\u00e4ssig \u00fcberpr\u00fcfen k\u00f6nnen, ob Ihr Unternehmen seine Ziele und Werte erreicht und damit, um es ganz klar auszudr\u00fccken, profitabel ist.<\/p>\n<p>        Um Ihnen die relevantesten und wertvollsten Empfehlungen zu geben, ber\u00fccksichtigen wir innovative Ideen, Markttrends und die Bed\u00fcrfnisse Ihrer Kunden. Wir analysieren sorgf\u00e4ltig die technologischen M\u00f6glichkeiten, f\u00fchren Wettbewerbsanalysen durch und finden die besten L\u00f6sungen f\u00fcr eine effektive Innovations- und Markenentwicklungsstrategie.\n    <\/p>\n<\/div>\n<div>\n<h4>Agile Transformation<\/h4>\n<p>\n        Wir helfen Ihnen dabei, Ihr Unternehmen flexibler, innovativer und wettbewerbsf\u00e4higer zu machen. Wir legen eine agile Transformationsstrategie fest und beraten Sie, wie Sie im Zeitalter der Digitalisierung erfolgreich sein k\u00f6nnen. Wir implementieren wirksame Projektmanagement-Methoden agil.<\/p>\n<p>        Agile Praktiken f\u00f6rdern eine effiziente Anpassung an Ver\u00e4nderungen, kontinuierliche Verbesserung und Zusammenarbeit zwischen Teams. Sie helfen auch bei der \u00dcberwachung und Bewertung von Projektfortschritten und -ergebnissen. Sie erm\u00f6glichen es Ihnen, Ergebnisse von h\u00f6chster Qualit\u00e4t zu liefern und eignen sich hervorragend f\u00fcr die Arbeit an neuen Konzepten. Sie basieren auf einem Produktansatz, der eine schnelle \u00dcberpr\u00fcfung von Annahmen und eine Anpassung an sich \u00e4ndernde Anforderungen und Bedingungen erm\u00f6glicht. Regelm\u00e4\u00dfige \u00dcberpr\u00fcfungen, die Messung von Effekten sowie iterative und inkrementelle Vorgehensweisen erm\u00f6glichen es uns, effektiv wertvolle, kundenorientierte Ergebnisse zu liefern. Dieser Arbeitsstil gibt Ihnen die Kontrolle \u00fcber \u00c4nderungen, aber auch die Gewissheit, dass diese \u00c4nderungen effektiv und im Einklang mit den neuesten Industriestandards umgesetzt werden.\n    <\/p>\n<p>\n    <img decoding=\"async\" src=\"\/wp-content\/uploads\/2023\/08\/AdobeStock_257414317-scaled-e1692957810919.jpeg\" class=\"text-image space-sm-top--1\" alt=\"Agile Transformation\" title=\"Agile Transformation \" \/>\n<\/div>\n                    <\/div>\n                <\/div>\n            <\/div>\n                    \n            \n            <\/div>\n<\/section>","protected":false},"excerpt":{"rendered":"","protected":false},"author":3,"featured_media":0,"parent":0,"menu_order":0,"comment_status":"closed","ping_status":"closed","template":"","meta":{"inline_featured_image":false},"acf":[],"_links":{"self":[{"href":"https:\/\/www.astrokyon.com\/de\/wp-json\/wp\/v2\/pages\/9078"}],"collection":[{"href":"https:\/\/www.astrokyon.com\/de\/wp-json\/wp\/v2\/pages"}],"about":[{"href":"https:\/\/www.astrokyon.com\/de\/wp-json\/wp\/v2\/types\/page"}],"author":[{"embeddable":true,"href":"https:\/\/www.astrokyon.com\/de\/wp-json\/wp\/v2\/users\/3"}],"replies":[{"embeddable":true,"href":"https:\/\/www.astrokyon.com\/de\/wp-json\/wp\/v2\/comments?post=9078"}],"version-history":[{"count":1,"href":"https:\/\/www.astrokyon.com\/de\/wp-json\/wp\/v2\/pages\/9078\/revisions"}],"predecessor-version":[{"id":9079,"href":"https:\/\/www.astrokyon.com\/de\/wp-json\/wp\/v2\/pages\/9078\/revisions\/9079"}],"wp:attachment":[{"href":"https:\/\/www.astrokyon.com\/de\/wp-json\/wp\/v2\/media?parent=9078"}],"curies":[{"name":"wp","href":"https:\/\/api.w.org\/{rel}","templated":true}]}}