{"id":9076,"date":"2023-08-20T14:04:34","date_gmt":"2023-08-20T12:04:34","guid":{"rendered":"https:\/\/www.astrokyon.com\/it-beratung-und-dienstleistungen-it-infrastruktur\/"},"modified":"2024-06-03T15:00:28","modified_gmt":"2024-06-03T13:00:28","slug":"it-beratung-und-dienstleistungen-it-infrastruktur","status":"publish","type":"page","link":"https:\/\/www.astrokyon.com\/de\/it-beratung-und-dienstleistungen-it-infrastruktur\/","title":{"rendered":"IT-Beratung und -Dienstleistungen &#8211; IT-Infrastruktur"},"content":{"rendered":"\n<section id=\"\" class=\"js-parallax js-change-color position-relative banner d-flex align-items-end  text-start  \" style=\"--background: #23427d; --background-size: cover; --background-position-x: center; background-image: url('https:\/\/www.astrokyon.com\/wp-content\/uploads\/2023\/08\/it-infrastructure.png');\" data-color=\"#23427d\"  data-fill=\"#ffffff\">\n    <div class=\"container container--space position-relative\">\n        <div class=\"row\">\n            <div class=\"col-12 banner__wrapp\">\n                                    <h1 class=\"banner__title\" style=\"--color: #ffffff;\">\n                        Beratung und IT-Dienstleistungen                    <\/h1>\n                                            <\/div>\n        <\/div>\n    <\/div>\n<\/section>\n<section id=\"\" class=\" text-content js-change-color space-sm-top--0 space-sm-bottom--0 space-md-top--0 space-md-bottom--0 text-content--background\" style=\"--background: #ffffff\" data-color=\"#ffffff\"  data-fill=\"#141414\">\n    <div class=\"container container--space\">\n        <div class=\"row\">\n            <div class=\"col-12 title\">\n                \t                <h2 class=\"title__text\" style=\"--color: #141414;\">IT Infrastruktur<\/h2>\n                            <\/div>\n        <\/div>\n            \n                    <div class=\"row\">\n                <div class=\"col-12 content\">\n                    <div class=\"content__text content__text--column content__text--column-2  text-left row\" style=\"--color: #141414;\">\n                        <div>\n<h3 class=\"quote\">\n        Die Weiterentwicklung von Technologien und damit einhergehend Cyber-Bedrohungen sowie wachsende Kundenanforderungen stellen Unternehmen vor viele Herausforderungen.<br \/>\n    <\/h3>\n<\/div>\n<div>\n<p>\n        Eine funktionierende, gut organisierte IT-Infrastruktur und implementierte Sicherheitsma\u00dfnahmen sind wesentliche Aspekte, die sich auf die Stabilit\u00e4t und den Schutz vor externen Angriffen auswirken.<\/p>\n<p>        Sie m\u00f6chten in Ihrem Unternehmen \u00fcber eine effizient funktionierende und sichere Netzwerkinfrastruktur verf\u00fcgen? Wir bieten L\u00f6sungen, mit denen Sie Ihre Daten effektiv verwalten und umfassenden Datenschutz gew\u00e4hrleisten k\u00f6nnen.<\/p>\n<\/div>\n                    <\/div>\n                <\/div>\n            <\/div>\n                    \n            \n            <\/div>\n<\/section>\n<section id=\"\" class=\" text-content js-change-color space-sm-top--0 space-sm-bottom--0 space-md-top--0 space-md-bottom--0 text-content--background\" style=\"--background: #ffffff\" data-color=\"#ffffff\"  data-fill=\"#141414\">\n    <div class=\"container container--space\">\n        <div class=\"row\">\n            <div class=\"col-12 title\">\n                            <\/div>\n        <\/div>\n            \n                    <div class=\"row\">\n                <div class=\"col-12 content\">\n                    <div class=\"content__text content__text--column content__text--column-3  text-left row\" style=\"--color: #141414;\">\n                        <div>\n<h4>Netzwerkdesign<\/h4>\n<p>\n        Wir ber\u00fccksichtigen die individuellen Bed\u00fcrfnisse Ihres Unternehmens und konzipieren die optimale Netzwerkstruktur f\u00fcr Sie. Wir erstellen eine skalierbare und zuverl\u00e4ssige L\u00f6sung, die sowohl den aktuellen als auch den zuk\u00fcnftigen Anforderungen Ihres Unternehmens gerecht wird.<\/p>\n<p>        Wir entwickeln eine Strategie zur Optimierung der Leistung Ihres Netzwerks, die eine effektive Nutzung der verf\u00fcgbaren Ressourcen erm\u00f6glicht und Verz\u00f6gerungen bei der Daten\u00fcbertragung minimiert. Wir sorgen f\u00fcr Gesch\u00e4ftskontinuit\u00e4t, Datensicherheit und Schutz vor Cyber-Bedrohungen. Wir sichern Ihre Infrastruktur effektiv ab, einschlie\u00dflich: durch fortschrittliche Zugriffskontroll- und Netzwerkverkehrs\u00fcberwachungsmechanismen.\n    <\/p>\n<h4 class=\"space-sm-top--1\">Hardwarekonfiguration<\/h4>\n<p>\n        Wir passen die Parameter der Netzwerkausr\u00fcstung an die individuellen Bed\u00fcrfnisse Ihres Unternehmens an. Wir k\u00fcmmern uns um die Stabilit\u00e4t, Sicherheit und Effizienz des Netzwerks. Wir werden den Mitarbeiterzugriff auf Anwendungen und Informationen optimal kontrollieren.<\/p>\n<p>        Wir \u00fcberwachen den Netzwerkverkehr und unterst\u00fctzen Sie bei der optimalen Nutzung der verf\u00fcgbaren Netzwerkressourcen. Dies erm\u00f6glicht den reibungslosen und unterbrechungsfreien Betrieb Ihrer wichtigsten Anwendungen und Dienste, erkennt Unregelm\u00e4\u00dfigkeiten und Bedrohungen und reagiert schnell auf m\u00f6gliche Probleme.\n    <\/p>\n<p>    <img decoding=\"async\" src=\"\/wp-content\/uploads\/2023\/08\/network-devices.png\" class=\"text-image space-sm-top--1\" alt=\"Netzwerk-Hardware-Konfiguration\" title=\"Netzwerk-Hardware-Konfiguration \" \/>\n<\/div>\n<div>\n<h4>Virtualisierung<br \/>\n    <\/h4>\n<p>\n        Dank fortschrittlicher Virtualisierungstechnologien k\u00f6nnen Sie viele virtuelle Maschinen auf einem physischen Server ausf\u00fchren. Das bedeutet Platz- und Energieeinsparung, Ressourceneffizienz, Effizienzsteigerung und Kostensenkung. Virtuelle Maschinen k\u00f6nnen einfach erstellt, kopiert und verschoben werden, was die Verwaltung der Serverumgebung erleichtert. Virtualisierung bietet Flexibilit\u00e4t, indem sie eine dynamische Zuweisung von Hardwareressourcen erm\u00f6glicht.<\/p>\n<p>        Durch die Erstellung separater Testumgebungen, die sich nicht auf die Produktion auswirken, k\u00f6nnen Sie Ihre Software sicher testen und entwickeln. Im Falle eines Ausfalls sorgt die M\u00f6glichkeit, virtuelle Maschinen zwischen physischen Servern zu migrieren, f\u00fcr eine h\u00f6here Systemverf\u00fcgbarkeit und -zuverl\u00e4ssigkeit. \u200b\n    <\/p>\n<h4 class=\"space-sm-top--1\">Fernzugriff<\/h4>\n<p>\n        Wir entwerfen und implementieren L\u00f6sungen, die den Fernzugriff auf die erforderlichen Anwendungen, Daten und Netzwerkressourcen in Ihrem Unternehmen erm\u00f6glichen. Dadurch k\u00f6nnen Ihre Mitarbeiter effektiv aus der Ferne arbeiten.<\/p>\n<p>        Wir sch\u00fctzen die Vertraulichkeit und Integrit\u00e4t Ihrer Informationen, indem wir die neuesten Technologien und Mechanismen zur Sicherung des Fernzugriffs einsetzen, wie z. B. Authentifizierung, Datenverschl\u00fcsselung und Zugriffskontrolle.\n    <\/p>\n<h4 class=\"space-sm-top--1\">Dom\u00e4nenverwaltung<\/h4>\n<p>\n        Eine effiziente und zentrale Kontrolle \u00fcber die Netzwerkinfrastruktur und Benutzer erh\u00f6ht die Sicherheit Ihres Unternehmens.<\/p>\n<p>        Wir entwerfen und implementieren umfassende Domain-Management-L\u00f6sungen, die Ihnen eine einheitliche Verwaltung von Benutzern, Ger\u00e4ten und Netzwerkressourcen erm\u00f6glichen. Dadurch k\u00f6nnen Sie Berechtigungen einfach \u00fcberpr\u00fcfen und aktualisieren sowie Ressourcen freigeben und gleichzeitig die Netzwerksicherheit gew\u00e4hrleisten.\n    <\/p>\n<\/div>\n<div>\n    <img decoding=\"async\" src=\"\/wp-content\/uploads\/2023\/08\/it-infrastructure-1.png\" class=\"text-image\" alt=\"Speicher und Backup\" title=\"Speicher und Backup\" \/><br \/>\n    <\/p>\n<h4 class=\"space-sm-top--1\">Speicher und Backup<\/h4>\n<p>\n        Gut organisierte Daten und regelm\u00e4\u00dfige Backups erm\u00f6glichen eine schnelle Datenwiederherstellung im Falle eines Ausfalls oder Cyberangriffs. Minimiert das Risiko von Verlusten und Ausfallzeiten im Betrieb Ihres Unternehmens.<\/p>\n<p>        Wir konzipieren und implementieren moderne Datenspeicherl\u00f6sungen in Ihrem Unternehmen. Wir sorgen f\u00fcr eine optimale Bewirtschaftung der Lagerfl\u00e4chen und eine effiziente Nutzung der Ressourcen. Wir sorgen f\u00fcr eine zuverl\u00e4ssige Datensicherung.\n    <\/p>\n<h4 class=\"space-sm-top--1\">Zertifikate und Verschl\u00fcsselung<\/h4>\n<p>\n        Verschl\u00fcsselung ist die Grundlage f\u00fcr die Sicherheit und den Schutz Ihrer Daten und Netzwerkkommunikation.<\/p>\n<p>        Wir helfen Ihnen bei der Beschaffung und Implementierung geeigneter SSL\/TLS-Zertifikate und Datenverschl\u00fcsselungsmechanismen, die die Vertraulichkeit, Integrit\u00e4t und Authentizit\u00e4t der \u00fcbertragenen Informationen gew\u00e4hrleisten. Dadurch kann Ihr Unternehmen sichere Kommunikationsprotokolle sowohl innerhalb als auch au\u00dferhalb des Netzwerks nutzen.<\/p>\n<p>        Wir k\u00fcmmern uns um professionelle L\u00f6sungen f\u00fcr Ihr Unternehmen, w\u00e4hrend Sie sich auf Ihre wichtigsten Gesch\u00e4ftsziele und den Erfolg konzentrieren.\n    <\/p>\n<\/div>\n                    <\/div>\n                <\/div>\n            <\/div>\n                    \n            \n            <\/div>\n<\/section>","protected":false},"excerpt":{"rendered":"","protected":false},"author":3,"featured_media":0,"parent":0,"menu_order":0,"comment_status":"closed","ping_status":"closed","template":"","meta":{"inline_featured_image":false},"acf":[],"_links":{"self":[{"href":"https:\/\/www.astrokyon.com\/de\/wp-json\/wp\/v2\/pages\/9076"}],"collection":[{"href":"https:\/\/www.astrokyon.com\/de\/wp-json\/wp\/v2\/pages"}],"about":[{"href":"https:\/\/www.astrokyon.com\/de\/wp-json\/wp\/v2\/types\/page"}],"author":[{"embeddable":true,"href":"https:\/\/www.astrokyon.com\/de\/wp-json\/wp\/v2\/users\/3"}],"replies":[{"embeddable":true,"href":"https:\/\/www.astrokyon.com\/de\/wp-json\/wp\/v2\/comments?post=9076"}],"version-history":[{"count":1,"href":"https:\/\/www.astrokyon.com\/de\/wp-json\/wp\/v2\/pages\/9076\/revisions"}],"predecessor-version":[{"id":9077,"href":"https:\/\/www.astrokyon.com\/de\/wp-json\/wp\/v2\/pages\/9076\/revisions\/9077"}],"wp:attachment":[{"href":"https:\/\/www.astrokyon.com\/de\/wp-json\/wp\/v2\/media?parent=9076"}],"curies":[{"name":"wp","href":"https:\/\/api.w.org\/{rel}","templated":true}]}}