{"id":9068,"date":"2023-08-20T13:44:38","date_gmt":"2023-08-20T11:44:38","guid":{"rendered":"https:\/\/www.astrokyon.com\/it-beratung-und-dienstleistungen-cloud-loesungen\/"},"modified":"2024-06-03T14:07:29","modified_gmt":"2024-06-03T12:07:29","slug":"it-beratung-und-dienstleistungen-cloud-loesungen","status":"publish","type":"page","link":"https:\/\/www.astrokyon.com\/de\/it-beratung-und-dienstleistungen-cloud-loesungen\/","title":{"rendered":"IT-Beratung und Dienstleistungen \u2013 Cloud-L\u00f6sungen"},"content":{"rendered":"\n<section id=\"\" class=\"js-parallax js-change-color position-relative banner d-flex align-items-end  text-start  \" style=\"--background: #441e87; --background-size: cover; --background-position-x: center; background-image: url('https:\/\/www.astrokyon.com\/wp-content\/uploads\/2023\/08\/it-cloud_web.png');\" data-color=\"#441e87\"  data-fill=\"#ffffff\">\n    <div class=\"container container--space position-relative\">\n        <div class=\"row\">\n            <div class=\"col-12 banner__wrapp\">\n                                    <h1 class=\"banner__title\" style=\"--color: #ffffff;\">\n                        Beratung und IT-Dienstleistungen                    <\/h1>\n                                            <\/div>\n        <\/div>\n    <\/div>\n<\/section>\n<section id=\"\" class=\" text-content js-change-color space-sm-top--0 space-sm-bottom--0 space-md-top--0 space-md-bottom--0 text-content--background\" style=\"--background: #ffffff\" data-color=\"#ffffff\"  data-fill=\"#141414\">\n    <div class=\"container container--space\">\n        <div class=\"row\">\n            <div class=\"col-12 title\">\n                \t                <h2 class=\"title__text\" style=\"--color: #141414;\">Cloud-L\u00f6sungen<\/h2>\n                            <\/div>\n        <\/div>\n            \n                    <div class=\"row\">\n                <div class=\"col-12 content\">\n                    <div class=\"content__text content__text--column content__text--column-2  text-left row\" style=\"--color: #141414;\">\n                        <div>\n<h3 class=\"quote\">\n        Gehen Sie mit dem Kopf in den Wolken? Wir auch! Und nicht irgendeine Art. Cloud-L\u00f6sungen geh\u00f6ren zu den revolution\u00e4rsten, beliebtesten und am weitesten verbreiteten Technologien.<br \/>\n    <\/h3>\n<\/div>\n<div>\n<p>\n        Ihr Erfolg wird unter anderem bestimmt durch: eine flexible und skalierbare Computerumgebung, die es Ihnen erm\u00f6glicht, Daten in einer umfassenden Infrastruktur zu speichern und zu verarbeiten.<\/p>\n<p>        Wir verstehen, dass jede Organisation einzigartige Anforderungen hat. Deshalb sind unsere L\u00f6sungen flexibel und auf Ihre Bed\u00fcrfnisse zugeschnitten. Durch die Zusammenarbeit mit uns erhalten Sie einen personalisierten Ansatz, der die Besonderheiten Ihrer Organisation und der Branche, in der Sie t\u00e4tig sind, ber\u00fccksichtigt. Wir unterst\u00fctzen Sie bei der Migration in die Cloud und bieten optimale L\u00f6sungen, die die Effizienz und Wettbewerbsf\u00e4higkeit Ihres Unternehmens steigern.\n    <\/p>\n<\/div>\n                    <\/div>\n                <\/div>\n            <\/div>\n                    \n            \n            <\/div>\n<\/section>\n<section id=\"\" class=\" text-content js-change-color space-sm-top--0 space-sm-bottom--0 space-md-top--0 space-md-bottom--0 text-content--background\" style=\"--background: #ffffff\" data-color=\"#ffffff\"  data-fill=\"#141414\">\n    <div class=\"container container--space\">\n        <div class=\"row\">\n            <div class=\"col-12 title\">\n                            <\/div>\n        <\/div>\n            \n                    <div class=\"row\">\n                <div class=\"col-12 content\">\n                    <div class=\"content__text content__text--column content__text--column-3  text-left row\" style=\"--color: #141414;\">\n                        <div>\n<h4>Kostenoptimierung<\/h4>\n<p>\n        Ein gro\u00dfer Vorteil von Cloud-L\u00f6sungen ist die M\u00f6glichkeit der flexiblen Nutzung von IT-Ressourcen, wodurch diese an die aktuellen Bed\u00fcrfnisse des Unternehmens angepasst werden k\u00f6nnen. Skalierbarkeit ist seine wahre Superkraft. Abh\u00e4ngig von Ihrem aktuellen Verbrauch k\u00f6nnen Sie ganz einfach Ihre Rechenleistung reduzieren oder erh\u00f6hen. Dadurch k\u00f6nnen Sie die Kosten vermeiden, die mit der Wartung gro\u00dfer Ressourcen in Zeiten geringerer Auslastung verbunden sind, d. h. wenn keine erhebliche Rechenleistung erforderlich ist.<\/p>\n<p>        Durch die Cloud entfallen Investitionen in die eigene Infrastruktur und Ausr\u00fcstung wie Server, Netzwerke oder Rechenzentren. Dies reduziert die Anschaffungs- und Wartungskosten erheblich. Dar\u00fcber hinaus k\u00f6nnen Sie zwischen zwei Zahlungsoptionen w\u00e4hlen: Abonnement oder Pay-as-you-go-Service. Letzteres ist eine \u00e4u\u00dferst praktische Unternehmensphilosophie, die dem Grundsatz \u201eSie zahlen nur f\u00fcr das, was Sie tats\u00e4chlich nutzen\u201c folgt. Sie m\u00fcssen nicht das gesamte Leistungspaket erwerben, wenn Sie nur einige ausgew\u00e4hlte Optionen ben\u00f6tigen. Dadurch haben Sie deutlich mehr Kontrolle \u00fcber Ihre Ausgaben und k\u00f6nnen Ihr Budget optimal verwalten.\n    <\/p>\n<h4 class=\"space-sm-top--1\">Datensicherheit<\/h4>\n<p>\n        Um in der heutigen digitalen Welt Datenschutz auf h\u00f6chstem Niveau zu gew\u00e4hrleisten, ist das Bewusstsein f\u00fcr bestehende Bedrohungen von entscheidender Bedeutung. Der Einsatz von Cloud-L\u00f6sungen bringt viele Sicherheitsvorteile mit sich und macht Investitionen in separate, teure Pr\u00e4ventionsma\u00dfnahmen \u00fcberfl\u00fcssig.<\/p>\n<p>        Mit einer fehlertoleranten Infrastruktur sorgen Cloud-L\u00f6sungen f\u00fcr hohe Verf\u00fcgbarkeit und sch\u00fctzen vor Datenverlust. Sie erstellen regelm\u00e4\u00dfig und automatisch Sicherungskopien und gew\u00e4hrleisten bei technischen Problemen oder Katastrophen eine automatische Wiederherstellung der Dienste.\n    <\/p>\n<p>\n    <img decoding=\"async\" src=\"\/wp-content\/uploads\/2023\/08\/cloud-optimization.png\" class=\"text-image space-sm-top--1\" alt=\"Kostenoptimierung\" title=\"Kostenoptimierung\" \/ ><br \/>\n    \n<\/div>\n<div>\n<h4>Unterst\u00fctzung bei Remote-Arbeit<\/h4>\n<p>\n        Fernarbeit ist nicht nur popul\u00e4r und vorteilhaft geworden, sondern hat auch eine neue Richtung f\u00fcr die Entwicklung vieler Branchen vorgegeben. Die positiven Auswirkungen der Umstellung auf ein hybrides oder vollst\u00e4ndiges Remote-Arbeitsmodell sind mittlerweile sowohl in der Entwicklung von Unternehmen als auch im Alltag ihrer Mitarbeiter sichtbar. Cloud-L\u00f6sungen spielen eine Schl\u00fcsselrolle f\u00fcr den Erfolg der Remote-Arbeit. Sie stellen eine flexible und skalierbare Infrastruktur sowie die notwendigen Tools bereit, die es den Mitarbeitern erm\u00f6glichen, ihre Aufgaben effektiv, effizient und bequem zu erf\u00fcllen. Damit enden die Vorteile der Cloud jedoch noch nicht.<br \/>\n        <br \/>\n        <img decoding=\"async\" src=\"\/wp-content\/uploads\/2023\/08\/remote-work-support.png\" class=\"text-image\" alt=\"Unterst\u00fctzung f\u00fcr Remote-Arbeit\" title=\"Unterst\u00fctzung f\u00fcr Remote-Arbeit\" \/><br \/>\n        <br \/>\n        Der sichere Zugriff auf Daten und Dateien ist von jedem Ort, Ger\u00e4t und zu jeder Zeit m\u00f6glich. Sie k\u00f6nnen sie sowohl mit Personen im selben Unternehmen als auch mit Kunden teilen. Dies erleichtert die Zusammenarbeit zwischen den Teammitgliedern, unabh\u00e4ngig davon, wo sie in Polen oder auf der Welt arbeiten. Dadurch k\u00f6nnen Sie das Potenzial der Remote-Arbeit voll aussch\u00f6pfen, geografische Beschr\u00e4nkungen eliminieren und die Reise- und B\u00fcroinfrastrukturkosten reduzieren.<\/p>\n<p>        Cloud-L\u00f6sungen bieten Tools und Anwendungen, die das Remote-Arbeiten erleichtern, unabh\u00e4ngig davon, ob jemand im Team oder alleine arbeitet. Projektfortschritt \u00fcberwachen? Cloud-L\u00f6sungen sind skalierbar und flexibel \u2013 sie erm\u00f6glichen eine einfache Anpassung der Ressourcen an den tats\u00e4chlichen Bedarf.<\/p>\n<p>        In der Cloud ist alles einfacher. Von der gemeinsamen Nutzung der Dokumentation \u00fcber die Kommunikation bis hin zur Verfolgung des Arbeitsfortschritts in Echtzeit. Dank der Cloud k\u00f6nnen Sie eine flexible und skalierbare Arbeitsumgebung schaffen, die Remote-Teams unterst\u00fctzt und eine effektive Kommunikation und Zusammenarbeit erm\u00f6glicht.<\/p>\n<p>    Die Cloud bietet au\u00dferdem erweiterte Sicherheitsmechanismen wie Datenverschl\u00fcsselung, Zwei-Faktor-Autorisierung und Zugriffspr\u00fcfung. Dank Verschl\u00fcsselung, komplexer Verfahren und speziell f\u00fcr die Cybersicherheit entwickelter Spezialtools sch\u00fctzen diese L\u00f6sungen vor Diebstahl oder Besch\u00e4digung der gesammelten Ressourcen.\n    <\/p>\n<\/div>\n<div>\n<h4>Infrastrukturintegration<\/h4>\n<p>\n        Die optimale Kombination aus lokaler und Cloud-Infrastruktur bieten Hybridl\u00f6sungen (Hybrid Cloud). Einerseits profitieren Sie von allen Vorteilen einer fortschrittlichen Cloud-Infrastruktur, andererseits behalten Sie die volle Kontrolle \u00fcber Ihre Daten und Anwendungen, die in der lokalen Infrastruktur gespeichert werden k\u00f6nnen.<\/p>\n<p>        Es ist wichtig zu bedenken, dass jedem Erfolg ein sorgf\u00e4ltig ausgearbeiteter, solider Plan vorausgeht. Dies gilt f\u00fcr Angelegenheiten von staatlicher und innerstaatlicher Bedeutung. In Ihrem Unternehmen sollte es nicht anders sein.<\/p>\n<p>        Um reibungslos zu funktionieren und die Vorteile von Cloud-L\u00f6sungen zu nutzen, ist es notwendig, einen geeigneten Infrastruktur-Integrationsplan zu erstellen. Der Plan sollte Gesch\u00e4ftsanforderungen, verf\u00fcgbare Technologien und Tools sowie die lokale Umgebung ber\u00fccksichtigen.<\/p>\n<p>        Eine richtig durchgef\u00fchrte Integration garantiert Ihnen einen ruhigen Schlaf, da Sie unn\u00f6tige Komplikationen und Stress vermeiden. Dies bringt Ihnen viele konkrete Vorteile wie Flexibilit\u00e4t, Skalierbarkeit und verbesserte Leistung. Dank der richtigen Integration arbeiten verschiedene Infrastrukturelemente harmonisch zusammen und schaffen eine koh\u00e4rente und effiziente Arbeitsumgebung.<\/p>\n<h4 class=\"space-sm-top--1\">Cloud-L\u00f6sungen umfassen:<\/h4>\n<\/p>\n<ul class=\"text-list\">\n<li>Kosteneinsparungen<\/li>\n<li>Hohe Verf\u00fcgbarkeit und Zuverl\u00e4ssigkeit<\/li>\n<li>Einfache Implementierung und Verwaltung<\/li>\n<li>Globale Skalierbarkeit<\/li>\n<li>Datensicherheit<\/li>\n<li>Geschwindigkeit des Zugriffs auf Ressourcen<\/li>\n<li>Einfacher Zugriff auf Ressourcen<\/li>\n<li>Innovation<\/li>\n<li>Flexibilit\u00e4t<\/li>\n<li>Skalierbare Computerumgebung<\/li>\n<li>H\u00e4ufige Updates<\/li>\n<\/ul>\n<\/div>\n                    <\/div>\n                <\/div>\n            <\/div>\n                    \n            \n            <\/div>\n<\/section>\n<section id=\"\" class=\" text-content js-change-color space-sm-top--0 space-sm-bottom--0 space-md-top--0 space-md-bottom--0 text-content--background\" style=\"--background: #ffffff\" data-color=\"#ffffff\"  data-fill=\"#141414\">\n    <div class=\"container container--space\">\n        <div class=\"row\">\n            <div class=\"col-12 title\">\n                            <\/div>\n        <\/div>\n            \n                    <div class=\"row\">\n                <div class=\"col-12 content\">\n                    <div class=\"content__text content__text--column content__text--column-1  text-left row\" style=\"--color: #141414;\">\n                        <div class=\"skills__group\">\n<div class=\"group\">\n<h5>Wir unterst\u00fctzen L\u00f6sungen:<\/h5>\n<\/p><\/div>\n<div class=\"skills\">\n<div>\n<p>Microsoft<br \/>Azure<\/p>\n<\/div>\n<div>\n<p>Amazon AWS<\/p>\n<\/div>\n<div>\n<p>Google Cloud Platform<\/p>\n<\/div>\n<div>\n<p>Private Cloud<\/p>\n<\/div>\n<div>\n<p>Hybrid Cloud<\/p>\n<\/div><\/div>\n<\/div>\n                    <\/div>\n                <\/div>\n            <\/div>\n                    \n            \n            <\/div>\n<\/section>","protected":false},"excerpt":{"rendered":"","protected":false},"author":3,"featured_media":0,"parent":0,"menu_order":0,"comment_status":"closed","ping_status":"closed","template":"","meta":{"inline_featured_image":false},"acf":[],"_links":{"self":[{"href":"https:\/\/www.astrokyon.com\/de\/wp-json\/wp\/v2\/pages\/9068"}],"collection":[{"href":"https:\/\/www.astrokyon.com\/de\/wp-json\/wp\/v2\/pages"}],"about":[{"href":"https:\/\/www.astrokyon.com\/de\/wp-json\/wp\/v2\/types\/page"}],"author":[{"embeddable":true,"href":"https:\/\/www.astrokyon.com\/de\/wp-json\/wp\/v2\/users\/3"}],"replies":[{"embeddable":true,"href":"https:\/\/www.astrokyon.com\/de\/wp-json\/wp\/v2\/comments?post=9068"}],"version-history":[{"count":3,"href":"https:\/\/www.astrokyon.com\/de\/wp-json\/wp\/v2\/pages\/9068\/revisions"}],"predecessor-version":[{"id":9071,"href":"https:\/\/www.astrokyon.com\/de\/wp-json\/wp\/v2\/pages\/9068\/revisions\/9071"}],"wp:attachment":[{"href":"https:\/\/www.astrokyon.com\/de\/wp-json\/wp\/v2\/media?parent=9068"}],"curies":[{"name":"wp","href":"https:\/\/api.w.org\/{rel}","templated":true}]}}