{"id":9056,"date":"2023-02-28T20:01:56","date_gmt":"2023-02-28T19:01:56","guid":{"rendered":"https:\/\/www.astrokyon.com\/informationsklausel\/"},"modified":"2024-05-31T17:18:59","modified_gmt":"2024-05-31T15:18:59","slug":"informationsklausel","status":"publish","type":"page","link":"https:\/\/www.astrokyon.com\/de\/informationsklausel\/","title":{"rendered":"Informationsklausel"},"content":{"rendered":"\n<section id=\"\" class=\"text-content--fullheight d-flex align-items-center text-content js-change-color space-sm-top--0 space-sm-bottom--0 space-md-top--0 space-md-bottom--0 text-content--background\" style=\"--background: \" data-color=\"\"  data-fill=\"#141414\">\n    <div class=\"container container--space\">\n        <div class=\"row\">\n            <div class=\"col-12 title\">\n                \t                <h2 class=\"title__text\" style=\"--color: #141414;\">Informationsklausel<\/h2>\n                            <\/div>\n        <\/div>\n            \n                    <div class=\"row\">\n                <div class=\"col-12 content\">\n                    <div class=\"content__text content__text--column content__text--column-1  text-left row\" style=\"--color: #141414;\">\n                        <p>In Verbindung mit der Umsetzung der Anforderungen der Verordnung (EU) 2016\/679 des Europ\u00e4ischen Parlaments und des Rates vom 27. April 2016 zum Schutz nat\u00fcrlicher Personen bei der Verarbeitung personenbezogener Daten und zum freien Datenverkehr sowie zur Aufhebung der Richtlinie 95\/46\/EG (Datenschutz-Grundverordnung &#8222;DSGVO&#8220;) informieren wir Sie \u00fcber die Regeln zur Verarbeitung Ihrer personenbezogenen Daten und Ihre damit verbundenen Rechte.<\/p>\n<p>1. Der Verantwortliche f\u00fcr Ihre personenbezogenen Daten ist: Astrokyon Sp. z o.o., ul. J\u00f3zefa Marcika 27, 30-443 Krak\u00f3w.<br \/>\n2. Datenschutzbeauftragter: Maciej Rymaszewski, Kontakt: dpo@astrokyon.com.<br \/>\n3. Der Verantwortliche verarbeitet Ihre personenbezogenen Daten auf der Grundlage geltender Gesetze, abgeschlossener Vertr\u00e4ge und Ihrer Einwilligung.<br \/>\n4. Ihre personenbezogenen Daten werden zu folgenden Zwecken verarbeitet:<br \/>\na) Art. 6(1)(a) &#8211; die betroffene Person hat ihre Einwilligung zur Verarbeitung der sie betreffenden personenbezogenen Daten f\u00fcr einen oder mehrere bestimmte Zwecke gegeben;<br \/>\nb) Art. 6(1)(b) &#8211; die Verarbeitung ist zur Erf\u00fcllung eines Vertrags, dessen Vertragspartei die betroffene Person ist, erforderlich;<br \/>\nc) Art. 6(1)(c) &#8211; die Verarbeitung ist zur Erf\u00fcllung einer rechtlichen Verpflichtung erforderlich, der der Verantwortliche unterliegt;<br \/>\nd) Art. 6(1)(f) &#8211; die Verarbeitung ist zur Wahrung der berechtigten Interessen des Verantwortlichen oder eines Dritten erforderlich.<br \/>\n5. In Verbindung mit der Verarbeitung der Daten zu den in Punkt 4 beschriebenen Zwecken k\u00f6nnen die Empf\u00e4nger Ihrer personenbezogenen Daten \u00f6ffentliche Beh\u00f6rden und Stellen sein, die \u00f6ffentliche Aufgaben wahrnehmen oder im Auftrag \u00f6ffentlicher Beh\u00f6rden handeln, oder andere Stellen, die personenbezogene Daten auf der Grundlage entsprechender Vereinbarungen zur Datenverarbeitung mit dem Verantwortlichen verarbeiten.<br \/>\n6. Ihre personenbezogenen Daten werden f\u00fcr den Zeitraum gespeichert, der erforderlich ist, um die in Punkt 4 genannten Zwecke zu erreichen, und danach f\u00fcr den Zeitraum und in dem Umfang, der durch die geltenden gesetzlichen Bestimmungen vorgeschrieben ist.<br \/>\n7. In Verbindung mit der Verarbeitung Ihrer personenbezogenen Daten haben Sie folgende Rechte: das Recht auf Zugang zu personenbezogenen Daten, das Recht auf Berichtigung der Daten &#8211; falls die Daten falsch oder unvollst\u00e4ndig sind, das Recht auf L\u00f6schung der personenbezogenen Daten (sogenanntes Recht auf Vergessenwerden), das Recht auf Einschr\u00e4nkung der Verarbeitung, das Recht auf Widerspruch gegen die Datenverarbeitung.<br \/>\n8. Wenn die Verarbeitung personenbezogener Daten auf der Einwilligung der betroffenen Person basiert (Art. 6(1)(a) DSGVO), haben Sie das Recht, diese Einwilligung jederzeit zu widerrufen. Der Widerruf der Einwilligung ber\u00fchrt nicht die Rechtm\u00e4\u00dfigkeit der Verarbeitung auf der Grundlage der Einwilligung vor ihrem Widerruf, wie durch geltendes Recht gefordert.<br \/>\n9. Wenn Sie von einer rechtswidrigen Verarbeitung Ihrer personenbezogenen Daten Kenntnis erlangen, haben Sie das Recht, eine Beschwerde bei der zust\u00e4ndigen Aufsichtsbeh\u00f6rde f\u00fcr Datenschutzangelegenheiten einzureichen.<br \/>\n10. In Situationen, in denen die Verarbeitung personenbezogener Daten auf der Einwilligung der betroffenen Person basiert, ist die Bereitstellung Ihrer personenbezogenen Daten an den Verantwortlichen freiwillig.<br \/>\n11. Die Bereitstellung Ihrer personenbezogenen Daten ist in Situationen obligatorisch, in denen die Verarbeitung personenbezogener Daten auf einer gesetzlichen Bestimmung oder einem zwischen den Parteien geschlossenen Vertrag beruht.<br \/>\n12. Ihre personenbezogenen Daten k\u00f6nnen automatisiert verarbeitet werden und unterliegen keiner Profilierung.<br \/>\n13. Ihre personenbezogenen Daten werden nicht an ein Drittland oder eine internationale Organisation \u00fcbermittelt.<\/p>\n                    <\/div>\n                <\/div>\n            <\/div>\n                    \n            \n            <\/div>\n<\/section>","protected":false},"excerpt":{"rendered":"","protected":false},"author":3,"featured_media":0,"parent":0,"menu_order":0,"comment_status":"closed","ping_status":"closed","template":"","meta":{"inline_featured_image":false},"acf":[],"_links":{"self":[{"href":"https:\/\/www.astrokyon.com\/de\/wp-json\/wp\/v2\/pages\/9056"}],"collection":[{"href":"https:\/\/www.astrokyon.com\/de\/wp-json\/wp\/v2\/pages"}],"about":[{"href":"https:\/\/www.astrokyon.com\/de\/wp-json\/wp\/v2\/types\/page"}],"author":[{"embeddable":true,"href":"https:\/\/www.astrokyon.com\/de\/wp-json\/wp\/v2\/users\/3"}],"replies":[{"embeddable":true,"href":"https:\/\/www.astrokyon.com\/de\/wp-json\/wp\/v2\/comments?post=9056"}],"version-history":[{"count":1,"href":"https:\/\/www.astrokyon.com\/de\/wp-json\/wp\/v2\/pages\/9056\/revisions"}],"predecessor-version":[{"id":9057,"href":"https:\/\/www.astrokyon.com\/de\/wp-json\/wp\/v2\/pages\/9056\/revisions\/9057"}],"wp:attachment":[{"href":"https:\/\/www.astrokyon.com\/de\/wp-json\/wp\/v2\/media?parent=9056"}],"curies":[{"name":"wp","href":"https:\/\/api.w.org\/{rel}","templated":true}]}}